{"id":7690,"date":"2022-11-16T13:15:12","date_gmt":"2022-11-16T13:15:12","guid":{"rendered":"https:\/\/mabuko.co.mz\/?post_type=product&#038;p=7690"},"modified":"2023-01-12T12:03:32","modified_gmt":"2023-01-12T12:03:32","slug":"tu-es-aquilo-que-pensas","status":"publish","type":"product","link":"https:\/\/mabuko.co.mz\/site\/?product=tu-es-aquilo-que-pensas","title":{"rendered":"TU \u00c9S AQUILO QUE PENSAS"},"content":{"rendered":"<p>James Allen<\/p>\n<p>9789897390616<\/p>\n","protected":false},"excerpt":{"rendered":"<p><strong>SINOPSE<\/strong><\/p>\n<p align=\"justify\">E se tudo aquilo que nos acontece depender, sobretudo, dos nossos pensamentos? Era nisso em que acreditava James Allen quando escreveu As a Man Thinketh, que chega agora com nova tradu\u00e7\u00e3o.<\/p>\n<p>Neste pequeno e poderorso livro, repleto de ideias e exemplos, ir\u00e1s ver que o sucesso e a felicidade est\u00e3o ao teu alcance, atrav\u00e9s de uma simples ferramenta: domina os teus pensamentos e dominar\u00e1s o teu destino.<\/p>\n<p align=\"justify\">Escrita h\u00e1 mais de 100 anos \u2013 muito antes de outras refer\u00eancias que defendem o mesmo princ\u00edpio \u2013, esta \u00e9 uma das obras de autoajuda mais lidas de sempre e um guia para l\u00edderes, coaches e mestres mundiais do desenvolvimento pessoal.<\/p>\n<p align=\"justify\">Atrav\u00e9s dele, e ao longo de d\u00e9cadas, in\u00fameras pessoas mudaram a sua forma de estar e tornaram-se mais felizes e bem-sucedidas, ajudando, ao mesmo tempo, a transformar o mundo num lugar melhor. &#8220;Sonha em grande \u2013 aquilo com que sonhares ser\u00e1 aquilo em que te ir\u00e1s tornar.<\/p>\n","protected":false},"featured_media":7691,"template":"","meta":{"_monsterinsights_skip_tracking":false,"_monsterinsights_sitenote_active":false,"_monsterinsights_sitenote_note":"","_monsterinsights_sitenote_category":0},"product_cat":[108],"product_tag":[],"class_list":{"0":"post-7690","1":"product","2":"type-product","3":"status-publish","4":"has-post-thumbnail","6":"product_cat-auto-ajuda","7":"pa_book-author-james-allen","9":"first","10":"outofstock","11":"shipping-taxable","12":"purchasable","13":"product-type-simple"},"_links":{"self":[{"href":"https:\/\/mabuko.co.mz\/site\/index.php?rest_route=\/wp\/v2\/product\/7690","targetHints":{"allow":["GET"]}}],"collection":[{"href":"https:\/\/mabuko.co.mz\/site\/index.php?rest_route=\/wp\/v2\/product"}],"about":[{"href":"https:\/\/mabuko.co.mz\/site\/index.php?rest_route=\/wp\/v2\/types\/product"}],"wp:featuredmedia":[{"embeddable":true,"href":"https:\/\/mabuko.co.mz\/site\/index.php?rest_route=\/wp\/v2\/media\/7691"}],"wp:attachment":[{"href":"https:\/\/mabuko.co.mz\/site\/index.php?rest_route=%2Fwp%2Fv2%2Fmedia&parent=7690"}],"wp:term":[{"taxonomy":"product_cat","embeddable":true,"href":"https:\/\/mabuko.co.mz\/site\/index.php?rest_route=%2Fwp%2Fv2%2Fproduct_cat&post=7690"},{"taxonomy":"product_tag","embeddable":true,"href":"https:\/\/mabuko.co.mz\/site\/index.php?rest_route=%2Fwp%2Fv2%2Fproduct_tag&post=7690"}],"curies":[{"name":"wp","href":"https:\/\/api.w.org\/{rel}","templated":true}]}}