{"id":7685,"date":"2022-11-16T12:08:07","date_gmt":"2022-11-16T12:08:07","guid":{"rendered":"https:\/\/mabuko.co.mz\/?post_type=product&#038;p=7685"},"modified":"2023-01-12T12:04:05","modified_gmt":"2023-01-12T12:04:05","slug":"uma-vida-com-proposito","status":"publish","type":"product","link":"https:\/\/mabuko.co.mz\/site\/?product=uma-vida-com-proposito","title":{"rendered":"UMA VIDA COM PROP\u00d3SITO"},"content":{"rendered":"<p>James Allen<\/p>\n<p>9789898999375<\/p>\n","protected":false},"excerpt":{"rendered":"<p><strong>SINOPSE<\/strong><\/p>\n<p>A Vida com Prop\u00f3sito n\u00e3o \u00e9 para os espertos, os instru\u00eddos ou os autoconfiantes, mas sim para os puros, os virtuosos e os s\u00e1bios.<br \/>\nOs primeiros alcan\u00e7am o seu sucesso particular na vida, mas s\u00f3 os \u00faltimos alcan\u00e7am o Grande Sucesso, um \u00eaxito t\u00e3o invenc\u00edvel e completo que at\u00e9 uma aparente derrota brilha com vit\u00f3ria adicional.<br \/>\n\u00c9 uma verdade pouco compreendida, ainda que simples e profunda, que o homem que n\u00e3o consegue controlar-se sob a mais severa press\u00e3o externa \u00e9 incapaz de guiar os outros ou de controlar os acontecimentos.<br \/>\nTudo tem o seu tempo determinado, e h\u00e1 tempo para cada prop\u00f3sito debaixo do c\u00e9u.<\/p>\n<p>Cada ser vive no seu pr\u00f3prio mundo mental. As suas alegrias e os seus sofrimentos s\u00e3o cria\u00e7\u00f5es da sua pr\u00f3pria mente e dependem da mente para a sua exist\u00eancia. No meio do mundo, ensombrado por muitos pecados e sofrimentos, em que a maioria vive, reside um outro mundo, iluminado por virtudes resplandecentes e pura alegria, onde vivem os perfeitos.<br \/>\nEste mundo pode ser encontrado e penetrado, e o caminho \u00e9 atrav\u00e9s do auto-controlo e da excel\u00eancia moral. \u00c9 o mundo da vida perfeita e pertence por direito ao homem, que n\u00e3o est\u00e1 completo at\u00e9 ter sido coroado pela perfei\u00e7\u00e3o. A vida perfeita n\u00e3o \u00e9 a coisa long\u00ednqua e imposs\u00edvel que os homens que andam nas trevas imaginam que ela \u00e9; \u00e9 sumamente poss\u00edvel, e muito pr\u00f3xima e real. Descubra como experienci\u00e1-la ao ler este livro.<\/p>\n","protected":false},"featured_media":7686,"template":"","meta":{"_monsterinsights_skip_tracking":false,"_monsterinsights_sitenote_active":false,"_monsterinsights_sitenote_note":"","_monsterinsights_sitenote_category":0},"product_cat":[108],"product_tag":[],"class_list":{"0":"post-7685","1":"product","2":"type-product","3":"status-publish","4":"has-post-thumbnail","6":"product_cat-auto-ajuda","7":"pa_book-author-james-allen","9":"first","10":"outofstock","11":"shipping-taxable","12":"purchasable","13":"product-type-simple"},"_links":{"self":[{"href":"https:\/\/mabuko.co.mz\/site\/index.php?rest_route=\/wp\/v2\/product\/7685","targetHints":{"allow":["GET"]}}],"collection":[{"href":"https:\/\/mabuko.co.mz\/site\/index.php?rest_route=\/wp\/v2\/product"}],"about":[{"href":"https:\/\/mabuko.co.mz\/site\/index.php?rest_route=\/wp\/v2\/types\/product"}],"wp:featuredmedia":[{"embeddable":true,"href":"https:\/\/mabuko.co.mz\/site\/index.php?rest_route=\/wp\/v2\/media\/7686"}],"wp:attachment":[{"href":"https:\/\/mabuko.co.mz\/site\/index.php?rest_route=%2Fwp%2Fv2%2Fmedia&parent=7685"}],"wp:term":[{"taxonomy":"product_cat","embeddable":true,"href":"https:\/\/mabuko.co.mz\/site\/index.php?rest_route=%2Fwp%2Fv2%2Fproduct_cat&post=7685"},{"taxonomy":"product_tag","embeddable":true,"href":"https:\/\/mabuko.co.mz\/site\/index.php?rest_route=%2Fwp%2Fv2%2Fproduct_tag&post=7685"}],"curies":[{"name":"wp","href":"https:\/\/api.w.org\/{rel}","templated":true}]}}