{"id":7683,"date":"2022-11-16T10:29:30","date_gmt":"2022-11-16T10:29:30","guid":{"rendered":"https:\/\/mabuko.co.mz\/?post_type=product&#038;p=7683"},"modified":"2023-01-12T12:04:36","modified_gmt":"2023-01-12T12:04:36","slug":"os-8-pilares-da-prosperidade","status":"publish","type":"product","link":"https:\/\/mabuko.co.mz\/site\/?product=os-8-pilares-da-prosperidade","title":{"rendered":"OS 8 PILARES DA PROSPERIDADE"},"content":{"rendered":"<p>James Allen<\/p>\n<p>9789897390791<\/p>\n","protected":false},"excerpt":{"rendered":"<p><strong>SINOPSE<\/strong><\/p>\n<p align=\"justify\">S\u00f3 ser\u00e1 realmente bem-sucedido aquele que for profundamente honesto. James Allen defende que a verdadeira prosperidade \u2013 que \u00e9 muito mais do que riqueza material \u2013 se sustenta na nobreza do car\u00e1cter, e que quem \u00e9 imoral e corrupto nunca conseguir\u00e1 atingir um sucesso duradouro.<\/p>\n<p align=\"justify\">Para o autor, o segredo da prosperidade est\u00e1 ao alcance de todos e apoia-se em 8 simples pilares que definem o car\u00e1cter de cada pessoa: Energia, Economia, Integridade, Sistema, Empatia, Sinceridade, Imparcialidade e Autoconfian\u00e7a.<\/p>\n<p align=\"justify\">Neste livro \u2013 extremamente atual \u2013, James Allen mostra que quem conseguir viver de acordo com estes pilares ser\u00e1 forte, feliz, amado e bem-sucedido. \u201cA moralidade \u00e9 invenc\u00edvel, e quem se apoia nela at\u00e9 ao fim sustenta-se num rochedo indestrut\u00edvel; a sua derrota \u00e9 imposs\u00edvel e o seu triunfo uma certeza.\u201d<\/p>\n","protected":false},"featured_media":7684,"template":"","meta":{"_monsterinsights_skip_tracking":false,"_monsterinsights_sitenote_active":false,"_monsterinsights_sitenote_note":"","_monsterinsights_sitenote_category":0},"product_cat":[108],"product_tag":[],"class_list":{"0":"post-7683","1":"product","2":"type-product","3":"status-publish","4":"has-post-thumbnail","6":"product_cat-auto-ajuda","7":"pa_book-author-james-allen","9":"first","10":"outofstock","11":"shipping-taxable","12":"purchasable","13":"product-type-simple"},"_links":{"self":[{"href":"https:\/\/mabuko.co.mz\/site\/index.php?rest_route=\/wp\/v2\/product\/7683","targetHints":{"allow":["GET"]}}],"collection":[{"href":"https:\/\/mabuko.co.mz\/site\/index.php?rest_route=\/wp\/v2\/product"}],"about":[{"href":"https:\/\/mabuko.co.mz\/site\/index.php?rest_route=\/wp\/v2\/types\/product"}],"wp:featuredmedia":[{"embeddable":true,"href":"https:\/\/mabuko.co.mz\/site\/index.php?rest_route=\/wp\/v2\/media\/7684"}],"wp:attachment":[{"href":"https:\/\/mabuko.co.mz\/site\/index.php?rest_route=%2Fwp%2Fv2%2Fmedia&parent=7683"}],"wp:term":[{"taxonomy":"product_cat","embeddable":true,"href":"https:\/\/mabuko.co.mz\/site\/index.php?rest_route=%2Fwp%2Fv2%2Fproduct_cat&post=7683"},{"taxonomy":"product_tag","embeddable":true,"href":"https:\/\/mabuko.co.mz\/site\/index.php?rest_route=%2Fwp%2Fv2%2Fproduct_tag&post=7683"}],"curies":[{"name":"wp","href":"https:\/\/api.w.org\/{rel}","templated":true}]}}