{"id":7681,"date":"2022-11-16T10:21:57","date_gmt":"2022-11-16T10:21:57","guid":{"rendered":"https:\/\/mabuko.co.mz\/?post_type=product&#038;p=7681"},"modified":"2023-01-12T12:05:06","modified_gmt":"2023-01-12T12:05:06","slug":"o-enigma-de-einstein","status":"publish","type":"product","link":"https:\/\/mabuko.co.mz\/site\/?product=o-enigma-de-einstein","title":{"rendered":"O ENIGMA DE EINSTEIN"},"content":{"rendered":"<p>Jeremy Stangroom<\/p>\n<p>9789722342445<\/p>\n","protected":false},"excerpt":{"rendered":"<p><strong>SINOPSE<\/strong><\/p>\n<p>H\u00e1 mais de dois mil\u00e9nios que diversos enigmas t\u00eam vindo a desafiar o nosso racioc\u00ednio e a percep\u00e7\u00e3o que temos da realidade e de n\u00f3s pr\u00f3prios. Reunidos neste livro encontram-se 50 enigmas, adivinhas e paradoxos que divertiram e desconcertaram algumas das mentes mais brilhantes da hist\u00f3ria. Resolv\u00ea-los constituir\u00e1 uma experi\u00eancia estimulante e criativa que lhe permitir\u00e1 desenvolver as suas capacidades e conhecer melhor a forma como se relaciona com o mundo. Um livro para todos aqueles com curiosidade em explorar os meandros da l\u00f3gica e da linguagem e que o deixar\u00e1 rendido do princ\u00edpio ao fim.<\/p>\n","protected":false},"featured_media":7682,"template":"","meta":{"_monsterinsights_skip_tracking":false,"_monsterinsights_sitenote_active":false,"_monsterinsights_sitenote_note":"","_monsterinsights_sitenote_category":0},"product_cat":[102],"product_tag":[],"class_list":{"0":"post-7681","1":"product","2":"type-product","3":"status-publish","4":"has-post-thumbnail","6":"product_cat-livros-tecnicos","7":"pa_book-author-jeremy-stangroom","9":"first","10":"outofstock","11":"shipping-taxable","12":"purchasable","13":"product-type-simple"},"_links":{"self":[{"href":"https:\/\/mabuko.co.mz\/site\/index.php?rest_route=\/wp\/v2\/product\/7681","targetHints":{"allow":["GET"]}}],"collection":[{"href":"https:\/\/mabuko.co.mz\/site\/index.php?rest_route=\/wp\/v2\/product"}],"about":[{"href":"https:\/\/mabuko.co.mz\/site\/index.php?rest_route=\/wp\/v2\/types\/product"}],"wp:featuredmedia":[{"embeddable":true,"href":"https:\/\/mabuko.co.mz\/site\/index.php?rest_route=\/wp\/v2\/media\/7682"}],"wp:attachment":[{"href":"https:\/\/mabuko.co.mz\/site\/index.php?rest_route=%2Fwp%2Fv2%2Fmedia&parent=7681"}],"wp:term":[{"taxonomy":"product_cat","embeddable":true,"href":"https:\/\/mabuko.co.mz\/site\/index.php?rest_route=%2Fwp%2Fv2%2Fproduct_cat&post=7681"},{"taxonomy":"product_tag","embeddable":true,"href":"https:\/\/mabuko.co.mz\/site\/index.php?rest_route=%2Fwp%2Fv2%2Fproduct_tag&post=7681"}],"curies":[{"name":"wp","href":"https:\/\/api.w.org\/{rel}","templated":true}]}}