{"id":7679,"date":"2022-11-16T10:10:32","date_gmt":"2022-11-16T10:10:32","guid":{"rendered":"https:\/\/mabuko.co.mz\/?post_type=product&#038;p=7679"},"modified":"2023-01-12T12:05:57","modified_gmt":"2023-01-12T12:05:57","slug":"talvez-um-anjo","status":"publish","type":"product","link":"https:\/\/mabuko.co.mz\/site\/?product=talvez-um-anjo","title":{"rendered":"TALVEZ UM ANJO"},"content":{"rendered":"<p>Filipa S\u00e1ragga<\/p>\n<p>9789897540035<\/p>\n","protected":false},"excerpt":{"rendered":"<p><strong>SINOPSE<\/strong><\/p>\n<p>Existem vidas que devem ser partilhadas porque nos ajudam a entender o prop\u00f3sito da nossa exist\u00eancia.<\/p>\n<p>Esta \u00e9 a hist\u00f3ria de uma crian\u00e7a \u00fanica com uma for\u00e7a extraordin\u00e1ria, que tocou todas as pessoas que com ela se cruzaram. Uma crian\u00e7a com uma lucidez espantosa e uma capacidade de amar invulgar. Teve uma vida curta, se avaliarmos pela medida com a qual estamos habituados a olhar o tempo, ou longa, se preferirmos pensar na intensidade de tudo aquilo que viveu em t\u00e3o poucos anos.<\/p>\n<p>Quando nos focamos nos outros, o amor ganha dimens\u00f5es \u00fanicas. Em muito pouco tempo, esta crian\u00e7a ensinou a todos os que a rodeavam aquilo que alguns s\u00f3 descobrem horas antes de partirem.<\/p>\n<p>Talvez um anjo&#8230; Os direitos de autor deste livro revertem na totalidade para o apoio a crian\u00e7as doentes e carenciadas.<\/p>\n","protected":false},"featured_media":7680,"template":"","meta":{"_monsterinsights_skip_tracking":false,"_monsterinsights_sitenote_active":false,"_monsterinsights_sitenote_note":"","_monsterinsights_sitenote_category":0},"product_cat":[173],"product_tag":[],"class_list":{"0":"post-7679","1":"product","2":"type-product","3":"status-publish","4":"has-post-thumbnail","6":"product_cat-biografias","7":"pa_book-author-filipa-saragga","9":"first","10":"outofstock","11":"shipping-taxable","12":"purchasable","13":"product-type-simple"},"_links":{"self":[{"href":"https:\/\/mabuko.co.mz\/site\/index.php?rest_route=\/wp\/v2\/product\/7679","targetHints":{"allow":["GET"]}}],"collection":[{"href":"https:\/\/mabuko.co.mz\/site\/index.php?rest_route=\/wp\/v2\/product"}],"about":[{"href":"https:\/\/mabuko.co.mz\/site\/index.php?rest_route=\/wp\/v2\/types\/product"}],"wp:featuredmedia":[{"embeddable":true,"href":"https:\/\/mabuko.co.mz\/site\/index.php?rest_route=\/wp\/v2\/media\/7680"}],"wp:attachment":[{"href":"https:\/\/mabuko.co.mz\/site\/index.php?rest_route=%2Fwp%2Fv2%2Fmedia&parent=7679"}],"wp:term":[{"taxonomy":"product_cat","embeddable":true,"href":"https:\/\/mabuko.co.mz\/site\/index.php?rest_route=%2Fwp%2Fv2%2Fproduct_cat&post=7679"},{"taxonomy":"product_tag","embeddable":true,"href":"https:\/\/mabuko.co.mz\/site\/index.php?rest_route=%2Fwp%2Fv2%2Fproduct_tag&post=7679"}],"curies":[{"name":"wp","href":"https:\/\/api.w.org\/{rel}","templated":true}]}}