{"id":7675,"date":"2022-11-16T09:38:50","date_gmt":"2022-11-16T09:38:50","guid":{"rendered":"https:\/\/mabuko.co.mz\/?post_type=product&#038;p=7675"},"modified":"2023-01-12T12:06:31","modified_gmt":"2023-01-12T12:06:31","slug":"o-vendedor-de-sonhos","status":"publish","type":"product","link":"https:\/\/mabuko.co.mz\/site\/?product=o-vendedor-de-sonhos","title":{"rendered":"O VENDEDOR DE SONHOS"},"content":{"rendered":"<p>Augusto Cury<\/p>\n<p>9789892338255<\/p>\n","protected":false},"excerpt":{"rendered":"<p><strong>SINOPSE<\/strong><\/p>\n<p>Um homem desconhecido tenta salvar da morte um suicida. De seguida, espalha a mensagem que a sociedade moderna se tornou num manic\u00f3mio global. O seu discurso fresco e irreverente conquista as pessoas, habituadas a frases feitas e ao \u00abpoliticamente correcto\u00bb, ao mesmo tempo que as assusta. O que pensar de um estranho com ar de pedinte que fala da import\u00e2ncia de vender sonhos ao ser humano? Uma ideia maravilhosa, mas invulgar\u2026 Numa \u00e9poca em que nos habituamos ao ritmo e \u00e0s exig\u00eancias desmesuradas de um rel\u00f3gio que n\u00e3o p\u00e1ra, libertarmo-nos das grilhetas da rotina e recuperarmos a consci\u00eancia do que \u00e9, de facto, importante nesta vida pode ser assustador. Mas \u00e9 fundamental!<br \/>\nAo longo deste romance poder\u00e1 seguir os passos de um Vendedor de Sonhos, uma personagem fascinante que nos deixa na d\u00favida se se trata de um s\u00e1bio ou do mais louco dos seres?! Uma hist\u00f3ria que o far\u00e1 chorar, rir, e, certamente, mudar a sua vida.<\/p>\n","protected":false},"featured_media":7678,"template":"","meta":{"_monsterinsights_skip_tracking":false,"_monsterinsights_sitenote_active":false,"_monsterinsights_sitenote_note":"","_monsterinsights_sitenote_category":0},"product_cat":[105],"product_tag":[],"class_list":{"0":"post-7675","1":"product","2":"type-product","3":"status-publish","4":"has-post-thumbnail","6":"product_cat-romance","7":"pa_book-author-augusto-cury","9":"first","10":"outofstock","11":"shipping-taxable","12":"purchasable","13":"product-type-simple"},"_links":{"self":[{"href":"https:\/\/mabuko.co.mz\/site\/index.php?rest_route=\/wp\/v2\/product\/7675","targetHints":{"allow":["GET"]}}],"collection":[{"href":"https:\/\/mabuko.co.mz\/site\/index.php?rest_route=\/wp\/v2\/product"}],"about":[{"href":"https:\/\/mabuko.co.mz\/site\/index.php?rest_route=\/wp\/v2\/types\/product"}],"wp:featuredmedia":[{"embeddable":true,"href":"https:\/\/mabuko.co.mz\/site\/index.php?rest_route=\/wp\/v2\/media\/7678"}],"wp:attachment":[{"href":"https:\/\/mabuko.co.mz\/site\/index.php?rest_route=%2Fwp%2Fv2%2Fmedia&parent=7675"}],"wp:term":[{"taxonomy":"product_cat","embeddable":true,"href":"https:\/\/mabuko.co.mz\/site\/index.php?rest_route=%2Fwp%2Fv2%2Fproduct_cat&post=7675"},{"taxonomy":"product_tag","embeddable":true,"href":"https:\/\/mabuko.co.mz\/site\/index.php?rest_route=%2Fwp%2Fv2%2Fproduct_tag&post=7675"}],"curies":[{"name":"wp","href":"https:\/\/api.w.org\/{rel}","templated":true}]}}