{"id":7673,"date":"2022-11-16T09:08:44","date_gmt":"2022-11-16T09:08:44","guid":{"rendered":"https:\/\/mabuko.co.mz\/?post_type=product&#038;p=7673"},"modified":"2023-01-12T12:07:01","modified_gmt":"2023-01-12T12:07:01","slug":"o-mestre-da-vida","status":"publish","type":"product","link":"https:\/\/mabuko.co.mz\/site\/?product=o-mestre-da-vida","title":{"rendered":"O MESTRE DA VIDA"},"content":{"rendered":"<p>August Cury<\/p>\n<p>9789892345628<\/p>\n","protected":false},"excerpt":{"rendered":"<p><strong>SINOPSE<\/strong><\/p>\n<p>Muitos livros poderiam ter sido escritos apenas sobre as \u00faltimas 24 horas da vida de Jesus. Foram momentos \u00fanicos, marcantes, que dividiram para sempre a hist\u00f3ria em duas metades: antes e depois de Cristo. Ciente disso, o psiquiatra brasileiro Augusto Cury dedicou este livro sobretudo \u00e0s li\u00e7\u00f5es que O Nazareno nos deixou durante a sua pris\u00e3o, o seu julgamento e a sua condena\u00e7\u00e3o \u00e0 morte.<br \/>\nVeremos pois como superou a dor dessas horas terr\u00edveis, como venceu o medo, suportou a humilha\u00e7\u00e3o p\u00fablica e preservou a lucidez &#8211; at\u00e9 sair da casa de P\u00f4ncio Pilatos, j\u00e1 sentenciado \u00e0 morte e carregando a cruz.<br \/>\nE, se saiu de l\u00e1 condenado, foi por reafirmar as suas convic\u00e7\u00f5es durante o julgamento, sabendo perfeitamente que isso acarretaria o fim. E naqueles instantes, perante Pilatos, Jesus mostrou \u00e0 humanidade que s\u00f3 somos verdadeiramente livres quando nos mantemos fi\u00e9is \u00e0s nossas cren\u00e7as.<\/p>\n<p>Enquanto os perseguidores de Jesus se julgavam livres, na verdade estavam encerrados numa pris\u00e3o feita de \u00f3dio, ci\u00fame e medo. Ao contr\u00e1rio, O Mestre da Vida, mesmo com o corpo agrilhoado, era o mais livre de todos. E \u00e9 essa a maior li\u00e7\u00e3o de Cristo, e aquela que ficar\u00e1 deste livro: manter sempre a f\u00e9 naquilo em que acreditamos.<\/p>\n<p>Este \u00e9 o terceiro volume da colec\u00e7\u00e3o An\u00e1lise da Intelig\u00eancia de Cristo.<\/p>\n","protected":false},"featured_media":7674,"template":"","meta":{"_monsterinsights_skip_tracking":false,"_monsterinsights_sitenote_active":false,"_monsterinsights_sitenote_note":"","_monsterinsights_sitenote_category":0},"product_cat":[108],"product_tag":[],"class_list":{"0":"post-7673","1":"product","2":"type-product","3":"status-publish","4":"has-post-thumbnail","6":"product_cat-auto-ajuda","7":"pa_book-author-augusto-cury","9":"first","10":"outofstock","11":"shipping-taxable","12":"purchasable","13":"product-type-simple"},"_links":{"self":[{"href":"https:\/\/mabuko.co.mz\/site\/index.php?rest_route=\/wp\/v2\/product\/7673","targetHints":{"allow":["GET"]}}],"collection":[{"href":"https:\/\/mabuko.co.mz\/site\/index.php?rest_route=\/wp\/v2\/product"}],"about":[{"href":"https:\/\/mabuko.co.mz\/site\/index.php?rest_route=\/wp\/v2\/types\/product"}],"wp:featuredmedia":[{"embeddable":true,"href":"https:\/\/mabuko.co.mz\/site\/index.php?rest_route=\/wp\/v2\/media\/7674"}],"wp:attachment":[{"href":"https:\/\/mabuko.co.mz\/site\/index.php?rest_route=%2Fwp%2Fv2%2Fmedia&parent=7673"}],"wp:term":[{"taxonomy":"product_cat","embeddable":true,"href":"https:\/\/mabuko.co.mz\/site\/index.php?rest_route=%2Fwp%2Fv2%2Fproduct_cat&post=7673"},{"taxonomy":"product_tag","embeddable":true,"href":"https:\/\/mabuko.co.mz\/site\/index.php?rest_route=%2Fwp%2Fv2%2Fproduct_tag&post=7673"}],"curies":[{"name":"wp","href":"https:\/\/api.w.org\/{rel}","templated":true}]}}