{"id":7670,"date":"2022-11-16T09:00:58","date_gmt":"2022-11-16T09:00:58","guid":{"rendered":"https:\/\/mabuko.co.mz\/?post_type=product&#038;p=7670"},"modified":"2023-01-12T09:40:53","modified_gmt":"2023-01-12T09:40:53","slug":"segredos-da-mente-milionaria","status":"publish","type":"product","link":"https:\/\/mabuko.co.mz\/site\/?product=segredos-da-mente-milionaria","title":{"rendered":"SEGREDOS DA MENTE MILION\u00c1RIA"},"content":{"rendered":"<p>T. Harv Eker<\/p>\n<p>9789897540653<\/p>\n","protected":false},"excerpt":{"rendered":"<p><strong>SINOPSE<\/strong><\/p>\n<p>Segredos da Mente Milion\u00e1riafoi escrito para todos aqueles que se questionam acerca do motivo pelo qual, certas pessoas trabalham arduamente durante anos para ganhar dinheiro e outras parecem enriquecer t\u00e3o facilmente. Para o autor, tal n\u00e3o se deve a diferen\u00e7as na educa\u00e7\u00e3o, \u00e0 intelig\u00eancia,ao talento, a oportunidades, a m\u00e9todos de trabalho, a contactos ou \u00e0 sorte. A resposta est\u00e1 no modelo pessoal de dinheiro quetodos n\u00f3s trazemos gravado no subconsciente. Para Eker, mesmo quando uma pessoa domina a \u00e1rea na qual se move profissionalmente, se o modelo de dinheiro que segue n\u00e3o estiver programado para um alto n\u00edvel de sucesso, ele jamais enriquecer\u00e1. Neste livro, T. Harv Eker apresenta os princ\u00edpios que regem uma mente milion\u00e1ria e um m\u00e9todo infal\u00edvel de administra\u00e7\u00e3o do dinheiro.<\/p>\n","protected":false},"featured_media":7672,"template":"","meta":{"_monsterinsights_skip_tracking":false,"_monsterinsights_sitenote_active":false,"_monsterinsights_sitenote_note":"","_monsterinsights_sitenote_category":0},"product_cat":[108],"product_tag":[],"class_list":{"0":"post-7670","1":"product","2":"type-product","3":"status-publish","4":"has-post-thumbnail","6":"product_cat-auto-ajuda","7":"pa_book-author-t-harv-eker","9":"first","10":"outofstock","11":"shipping-taxable","12":"purchasable","13":"product-type-simple"},"_links":{"self":[{"href":"https:\/\/mabuko.co.mz\/site\/index.php?rest_route=\/wp\/v2\/product\/7670","targetHints":{"allow":["GET"]}}],"collection":[{"href":"https:\/\/mabuko.co.mz\/site\/index.php?rest_route=\/wp\/v2\/product"}],"about":[{"href":"https:\/\/mabuko.co.mz\/site\/index.php?rest_route=\/wp\/v2\/types\/product"}],"wp:featuredmedia":[{"embeddable":true,"href":"https:\/\/mabuko.co.mz\/site\/index.php?rest_route=\/wp\/v2\/media\/7672"}],"wp:attachment":[{"href":"https:\/\/mabuko.co.mz\/site\/index.php?rest_route=%2Fwp%2Fv2%2Fmedia&parent=7670"}],"wp:term":[{"taxonomy":"product_cat","embeddable":true,"href":"https:\/\/mabuko.co.mz\/site\/index.php?rest_route=%2Fwp%2Fv2%2Fproduct_cat&post=7670"},{"taxonomy":"product_tag","embeddable":true,"href":"https:\/\/mabuko.co.mz\/site\/index.php?rest_route=%2Fwp%2Fv2%2Fproduct_tag&post=7670"}],"curies":[{"name":"wp","href":"https:\/\/api.w.org\/{rel}","templated":true}]}}