{"id":7665,"date":"2022-11-16T08:41:14","date_gmt":"2022-11-16T08:41:14","guid":{"rendered":"https:\/\/mabuko.co.mz\/?post_type=product&#038;p=7665"},"modified":"2023-01-12T09:43:30","modified_gmt":"2023-01-12T09:43:30","slug":"o-novo-gestor-minuto","status":"publish","type":"product","link":"https:\/\/mabuko.co.mz\/site\/?product=o-novo-gestor-minuto","title":{"rendered":"O NOVO GESTOR-MINUTO"},"content":{"rendered":"<p>Ken Blanchard<\/p>\n<p>Spencer Johnson<\/p>\n<p>9789898820174<\/p>\n","protected":false},"excerpt":{"rendered":"<p><strong>SINOPSE<\/strong><\/p>\n<p>O mundo mudou\u2026 e o Gestor-Minuto tamb\u00e9m!<br \/>\nEsta vers\u00e3o revista e actualizada de um dos maiores sucessos de sempre na \u00e1rea da lideran\u00e7a vem ajudar os leitores dos nossos dias a ter sucesso mais rapidamente num mundo em constante mudan\u00e7a.<br \/>\nDurante d\u00e9cadas, O Gestor-Minuto ajudou milh\u00f5es de pessoas a ter vidas pessoais e profissionais de maior sucesso. Embora os princ\u00edpios subjacentes a este m\u00e9todo sejam intemporais, vivemos agora num cen\u00e1rio inteiramente novo. O crescimento exponencial da tecnologia, a globaliza\u00e7\u00e3o, a acelera\u00e7\u00e3o da comunica\u00e7\u00e3o e a press\u00e3o que todas as organiza\u00e7\u00f5es sentem para obter mais resultados com menos recursos s\u00e3o factores que transformaram por completo o mundo em que trabalhamos &#8211; e vivemos. E agora, mais do que nunca\u2026 um minuto pode mudar tudo!<\/p>\n<p>O Novo Gestor-Minuto adapta o m\u00e9todo de gest\u00e3o de maior sucesso de sempre a esta nova realidade. Atrav\u00e9s de uma par\u00e1bola simples e concisa, revela ao leitor segredos pr\u00e1ticos para se tornar um l\u00edder eficaz, vers\u00e1til e inspirador, capaz de motivar os outros para serem e darem o seu melhor.<\/p>\n","protected":false},"featured_media":7667,"template":"","meta":{"_monsterinsights_skip_tracking":false,"_monsterinsights_sitenote_active":false,"_monsterinsights_sitenote_note":"","_monsterinsights_sitenote_category":0},"product_cat":[102],"product_tag":[],"class_list":{"0":"post-7665","1":"product","2":"type-product","3":"status-publish","4":"has-post-thumbnail","6":"product_cat-livros-tecnicos","7":"pa_book-author-ken-blanchard","8":"pa_book-author-dr-spencer-johnson","10":"first","11":"outofstock","12":"shipping-taxable","13":"purchasable","14":"product-type-simple"},"_links":{"self":[{"href":"https:\/\/mabuko.co.mz\/site\/index.php?rest_route=\/wp\/v2\/product\/7665","targetHints":{"allow":["GET"]}}],"collection":[{"href":"https:\/\/mabuko.co.mz\/site\/index.php?rest_route=\/wp\/v2\/product"}],"about":[{"href":"https:\/\/mabuko.co.mz\/site\/index.php?rest_route=\/wp\/v2\/types\/product"}],"wp:featuredmedia":[{"embeddable":true,"href":"https:\/\/mabuko.co.mz\/site\/index.php?rest_route=\/wp\/v2\/media\/7667"}],"wp:attachment":[{"href":"https:\/\/mabuko.co.mz\/site\/index.php?rest_route=%2Fwp%2Fv2%2Fmedia&parent=7665"}],"wp:term":[{"taxonomy":"product_cat","embeddable":true,"href":"https:\/\/mabuko.co.mz\/site\/index.php?rest_route=%2Fwp%2Fv2%2Fproduct_cat&post=7665"},{"taxonomy":"product_tag","embeddable":true,"href":"https:\/\/mabuko.co.mz\/site\/index.php?rest_route=%2Fwp%2Fv2%2Fproduct_tag&post=7665"}],"curies":[{"name":"wp","href":"https:\/\/api.w.org\/{rel}","templated":true}]}}