{"id":7663,"date":"2022-11-16T08:29:27","date_gmt":"2022-11-16T08:29:27","guid":{"rendered":"https:\/\/mabuko.co.mz\/?post_type=product&#038;p=7663"},"modified":"2023-01-12T09:51:59","modified_gmt":"2023-01-12T09:51:59","slug":"quem-mexeu-no-meu-queijo","status":"publish","type":"product","link":"https:\/\/mabuko.co.mz\/site\/?product=quem-mexeu-no-meu-queijo","title":{"rendered":"QUEM MEXEU NO MEU QUEIJO"},"content":{"rendered":"<p>Dr. Spencer Johnson<\/p>\n<p>9789727114962<\/p>\n","protected":false},"excerpt":{"rendered":"<p><strong>SINOPSE<\/strong><\/p>\n<p><i>Quem Mexeu No Meu Queijo?<\/i>\u00a0\u00e9 um sucesso de vendas sem paralelo por todo o mundo, com milh\u00f5es de exemplares vendidos e traduzido para mais de vinte l\u00ednguas.<\/p>\n<p>Mas mais do que um best-seller,\u00a0<i>Quem Mexeu No Meu Queijo?<\/i>\u00a0tornou-se uma obra de refer\u00eancia quase indispens\u00e1vel no campo da gest\u00e3o, e um cl\u00e1ssico indisput\u00e1vel na auto-ajuda. Talvez o segredo do seu sucesso seja a forma como transmite, numa linguagem simples e atrav\u00e9s de uma divertida par\u00e1bola, ensinamentos profundos sobre a melhor forma de lidar com a mudan\u00e7a e instrumentos valiosos para compreender um mundo em constante mudan\u00e7a a um ritmo cada vez mais acelerado.<\/p>\n","protected":false},"featured_media":7664,"template":"","meta":{"_monsterinsights_skip_tracking":false,"_monsterinsights_sitenote_active":false,"_monsterinsights_sitenote_note":"","_monsterinsights_sitenote_category":0},"product_cat":[102],"product_tag":[],"class_list":{"0":"post-7663","1":"product","2":"type-product","3":"status-publish","4":"has-post-thumbnail","6":"product_cat-livros-tecnicos","7":"pa_book-author-dr-spencer-johnson","9":"first","10":"outofstock","11":"shipping-taxable","12":"purchasable","13":"product-type-simple"},"_links":{"self":[{"href":"https:\/\/mabuko.co.mz\/site\/index.php?rest_route=\/wp\/v2\/product\/7663","targetHints":{"allow":["GET"]}}],"collection":[{"href":"https:\/\/mabuko.co.mz\/site\/index.php?rest_route=\/wp\/v2\/product"}],"about":[{"href":"https:\/\/mabuko.co.mz\/site\/index.php?rest_route=\/wp\/v2\/types\/product"}],"wp:featuredmedia":[{"embeddable":true,"href":"https:\/\/mabuko.co.mz\/site\/index.php?rest_route=\/wp\/v2\/media\/7664"}],"wp:attachment":[{"href":"https:\/\/mabuko.co.mz\/site\/index.php?rest_route=%2Fwp%2Fv2%2Fmedia&parent=7663"}],"wp:term":[{"taxonomy":"product_cat","embeddable":true,"href":"https:\/\/mabuko.co.mz\/site\/index.php?rest_route=%2Fwp%2Fv2%2Fproduct_cat&post=7663"},{"taxonomy":"product_tag","embeddable":true,"href":"https:\/\/mabuko.co.mz\/site\/index.php?rest_route=%2Fwp%2Fv2%2Fproduct_tag&post=7663"}],"curies":[{"name":"wp","href":"https:\/\/api.w.org\/{rel}","templated":true}]}}