{"id":7658,"date":"2022-11-16T08:12:41","date_gmt":"2022-11-16T08:12:41","guid":{"rendered":"https:\/\/mabuko.co.mz\/?post_type=product&#038;p=7658"},"modified":"2023-01-12T09:52:27","modified_gmt":"2023-01-12T09:52:27","slug":"o-pequeno-livro-da-serenidade","status":"publish","type":"product","link":"https:\/\/mabuko.co.mz\/site\/?product=o-pequeno-livro-da-serenidade","title":{"rendered":"O PEQUENO LIVRO DA SERENIDADE"},"content":{"rendered":"<p>James Allen<\/p>\n<p>9789895700295<\/p>\n","protected":false},"excerpt":{"rendered":"<p><strong>SINOPSE<\/strong><\/p>\n<p>James Allen continua a ser um dos autores mais vendidos e respeitados na \u00e1rea da inspira\u00e7\u00e3o e espiritualidade. Nesta obra, mostra-nos como o caminho para a serenidade &#8211; a verdadeira paz e a realiza\u00e7\u00e3o interior &#8211; come\u00e7a sempre dentro de cada um.<\/p>\n<p>Este livro comovedor apazigua a nossa alma, revelando-nos o caminho simples, mas frequentemente esquecido, ao encontro da alegria e paz de esp\u00edrito. Para James Allen, uma pessoa encontra a serenidade interior e come\u00e7a a desenvolver poder quando, controlando os seus impulsos e inclina\u00e7\u00f5es ego\u00edstas, se apoia na consci\u00eancia mais calma e elevada que existe dentro de si e come\u00e7a a firmar a sua vida num princ\u00edpio indestrut\u00edvel.<\/p>\n<p>Confie no seu pr\u00f3prio julgamento; seja fiel \u00e0 sua consci\u00eancia; siga a Luz que est\u00e1 dentro de si; todas as luzes exteriores n\u00e3o passam de fogos-f\u00e1tuos. Afaste-se da tirania dos costumes, da tradi\u00e7\u00e3o, das conven\u00e7\u00f5es e da opini\u00e3o dos outros. A vida \u00e9 muito breve para n\u00e3o ser vivida por inteiro. Abandone o medo, esque\u00e7a o fracasso e aprenda a ser feliz.<\/p>\n","protected":false},"featured_media":7659,"template":"","meta":{"_monsterinsights_skip_tracking":false,"_monsterinsights_sitenote_active":false,"_monsterinsights_sitenote_note":"","_monsterinsights_sitenote_category":0},"product_cat":[108],"product_tag":[],"class_list":{"0":"post-7658","1":"product","2":"type-product","3":"status-publish","4":"has-post-thumbnail","6":"product_cat-auto-ajuda","7":"pa_book-author-james-allen","9":"first","10":"outofstock","11":"shipping-taxable","12":"purchasable","13":"product-type-simple"},"_links":{"self":[{"href":"https:\/\/mabuko.co.mz\/site\/index.php?rest_route=\/wp\/v2\/product\/7658","targetHints":{"allow":["GET"]}}],"collection":[{"href":"https:\/\/mabuko.co.mz\/site\/index.php?rest_route=\/wp\/v2\/product"}],"about":[{"href":"https:\/\/mabuko.co.mz\/site\/index.php?rest_route=\/wp\/v2\/types\/product"}],"wp:featuredmedia":[{"embeddable":true,"href":"https:\/\/mabuko.co.mz\/site\/index.php?rest_route=\/wp\/v2\/media\/7659"}],"wp:attachment":[{"href":"https:\/\/mabuko.co.mz\/site\/index.php?rest_route=%2Fwp%2Fv2%2Fmedia&parent=7658"}],"wp:term":[{"taxonomy":"product_cat","embeddable":true,"href":"https:\/\/mabuko.co.mz\/site\/index.php?rest_route=%2Fwp%2Fv2%2Fproduct_cat&post=7658"},{"taxonomy":"product_tag","embeddable":true,"href":"https:\/\/mabuko.co.mz\/site\/index.php?rest_route=%2Fwp%2Fv2%2Fproduct_tag&post=7658"}],"curies":[{"name":"wp","href":"https:\/\/api.w.org\/{rel}","templated":true}]}}