{"id":7656,"date":"2022-11-16T07:49:28","date_gmt":"2022-11-16T07:49:28","guid":{"rendered":"https:\/\/mabuko.co.mz\/?post_type=product&#038;p=7656"},"modified":"2024-08-20T13:23:09","modified_gmt":"2024-08-20T13:23:09","slug":"as-cartas-secretas-do-monge-que-vendeu-o-seu-ferrari","status":"publish","type":"product","link":"https:\/\/mabuko.co.mz\/site\/?product=as-cartas-secretas-do-monge-que-vendeu-o-seu-ferrari","title":{"rendered":"AS CARTAS SECRETAS DO MONGE QUE VENDEU O SEU FERRARI"},"content":{"rendered":"<p>Robin Sharma<\/p>\n<p>9789896876791<\/p>\n","protected":false},"excerpt":{"rendered":"<p><b>SINOPSE<\/b><\/p>\n<p>\u00abN\u00e3o existem pessoas a mais no mundo. Cada um de n\u00f3s est\u00e1 aqui por uma raz\u00e3o, um objetivo especial &#8211; uma miss\u00e3o. Sim, crie uma bela vida para si e para aqueles que ama. Sim, seja feliz e divirta-se muito. E sim, seja bem-sucedido, \u00e0 sua maneira, e n\u00e3o da maneira que lhe \u00e9 sugerida pela sociedade. Mas &#8211; acima de tudo &#8211; fa\u00e7a a diferen\u00e7a. Fa\u00e7a com que a sua vida seja importante.\u00bb<\/p>\n<p>Jonathan Landry tem uma vida atribulada. Ainda a recuperar de um casamento fracassado, tenta dedicar menos tempo ao trabalho e manter algum contacto com o filho pequeno. Contudo, a sua vida parece uma constante fuga para a frente\u2026 at\u00e9 ao dia em que um bizarro encontro com Julian Mantle, um parente distante e que h\u00e1 muito n\u00e3o v\u00ea, o leva a empreender uma viagem que transformar\u00e1 a forma como v\u00ea o mundo.<\/p>\n<p>Jonathan \u00e9 encarregado de uma miss\u00e3o t\u00e3o incompreens\u00edvel quanto complexa: ter\u00e1 de viajar pelo mundo em busca das cartas e dos objetos que cont\u00eam os segredos e li\u00e7\u00f5es que Julian aprendeu ao longo da sua vida. Dos sal\u00f5es de tango de Buenos Aires \u00e0s catacumbas de Paris, dos arranha-c\u00e9us de Xangai aos desertos m\u00edsticos da Calif\u00f3rnia, Jonathan aprende a acreditar nos sonhos e a desafiar os limites, e descobre que o poder de viver uma vida extraordin\u00e1ria est\u00e1 ao alcance de todos.<\/p>\n<p>&nbsp;<\/p>\n","protected":false},"featured_media":7657,"template":"","meta":{"_monsterinsights_skip_tracking":false,"_monsterinsights_sitenote_active":false,"_monsterinsights_sitenote_note":"","_monsterinsights_sitenote_category":0},"product_cat":[108],"product_tag":[],"class_list":{"0":"post-7656","1":"product","2":"type-product","3":"status-publish","4":"has-post-thumbnail","6":"product_cat-auto-ajuda","7":"pa_book-author-robin-sharma","9":"first","10":"instock","11":"shipping-taxable","12":"purchasable","13":"product-type-simple"},"_links":{"self":[{"href":"https:\/\/mabuko.co.mz\/site\/index.php?rest_route=\/wp\/v2\/product\/7656","targetHints":{"allow":["GET"]}}],"collection":[{"href":"https:\/\/mabuko.co.mz\/site\/index.php?rest_route=\/wp\/v2\/product"}],"about":[{"href":"https:\/\/mabuko.co.mz\/site\/index.php?rest_route=\/wp\/v2\/types\/product"}],"wp:featuredmedia":[{"embeddable":true,"href":"https:\/\/mabuko.co.mz\/site\/index.php?rest_route=\/wp\/v2\/media\/7657"}],"wp:attachment":[{"href":"https:\/\/mabuko.co.mz\/site\/index.php?rest_route=%2Fwp%2Fv2%2Fmedia&parent=7656"}],"wp:term":[{"taxonomy":"product_cat","embeddable":true,"href":"https:\/\/mabuko.co.mz\/site\/index.php?rest_route=%2Fwp%2Fv2%2Fproduct_cat&post=7656"},{"taxonomy":"product_tag","embeddable":true,"href":"https:\/\/mabuko.co.mz\/site\/index.php?rest_route=%2Fwp%2Fv2%2Fproduct_tag&post=7656"}],"curies":[{"name":"wp","href":"https:\/\/api.w.org\/{rel}","templated":true}]}}