{"id":7654,"date":"2022-11-16T07:29:47","date_gmt":"2022-11-16T07:29:47","guid":{"rendered":"https:\/\/mabuko.co.mz\/?post_type=product&#038;p=7654"},"modified":"2023-01-12T11:14:58","modified_gmt":"2023-01-12T11:14:58","slug":"dores-menstruais-nao-sao-normais","status":"publish","type":"product","link":"https:\/\/mabuko.co.mz\/site\/?product=dores-menstruais-nao-sao-normais","title":{"rendered":"DORES MENSTRUAIS N\u00c3O S\u00c3O NORMAIS"},"content":{"rendered":"<p>Catarina Maia<\/p>\n<p>9789899087422<\/p>\n","protected":false},"excerpt":{"rendered":"<p><strong>SINOPSE<\/strong><\/p>\n<p>Durante v\u00e1rios anos, Catarina Maia sofreu com dores menstruais agonizantes. Era como se, todos os meses, tivesse uma varinha m\u00e1gica a trabalhar dentro do seu corpo, sem d\u00f3 nem piedade. Continuamente, procurou ajuda. Continuamente, os m\u00e9dicos desvalorizaram: era mulher, estava a menstruar e as dores faziam parte. Era tudo \u00abnormal\u00bb.<\/p>\n<p>N\u00e3o era. Nove anos ap\u00f3s a primeira menstrua\u00e7\u00e3o, Catarina foi diagnosticada com endometriose, uma patologia desconhecida e de dif\u00edcil diagn\u00f3stico que afecta uma em cada dez pessoas que menstruam. Determinada a divulgar a doen\u00e7a, criou a p\u00e1gina O Meu \u00datero, um espa\u00e7o de partilha sobre endometriose e de combate \u00e0 normaliza\u00e7\u00e3o das dores menstruais.<\/p>\n<p>Baseando-se na evid\u00eancia cient\u00edfica mais actual, e com recurso a testemunhos de m\u00e9dicos e especialistas, a autora re\u00fane, agora, em livro, toda a informa\u00e7\u00e3o a que gostaria de ter tido acesso, com no\u00e7\u00f5es \u00fateis e claras sobre o que \u00e9 a endometriose e quais os seus sintomas endometriose, como e onde procurar ajuda e quais os tratamentos para enfrentar a doen\u00e7a.<\/p>\n","protected":false},"featured_media":7655,"template":"","meta":{"_monsterinsights_skip_tracking":false,"_monsterinsights_sitenote_active":false,"_monsterinsights_sitenote_note":"","_monsterinsights_sitenote_category":0},"product_cat":[234],"product_tag":[],"class_list":{"0":"post-7654","1":"product","2":"type-product","3":"status-publish","4":"has-post-thumbnail","6":"product_cat-saude-bem-estar","7":"pa_book-author-catarina-maia","9":"first","10":"outofstock","11":"shipping-taxable","12":"purchasable","13":"product-type-simple"},"_links":{"self":[{"href":"https:\/\/mabuko.co.mz\/site\/index.php?rest_route=\/wp\/v2\/product\/7654","targetHints":{"allow":["GET"]}}],"collection":[{"href":"https:\/\/mabuko.co.mz\/site\/index.php?rest_route=\/wp\/v2\/product"}],"about":[{"href":"https:\/\/mabuko.co.mz\/site\/index.php?rest_route=\/wp\/v2\/types\/product"}],"wp:featuredmedia":[{"embeddable":true,"href":"https:\/\/mabuko.co.mz\/site\/index.php?rest_route=\/wp\/v2\/media\/7655"}],"wp:attachment":[{"href":"https:\/\/mabuko.co.mz\/site\/index.php?rest_route=%2Fwp%2Fv2%2Fmedia&parent=7654"}],"wp:term":[{"taxonomy":"product_cat","embeddable":true,"href":"https:\/\/mabuko.co.mz\/site\/index.php?rest_route=%2Fwp%2Fv2%2Fproduct_cat&post=7654"},{"taxonomy":"product_tag","embeddable":true,"href":"https:\/\/mabuko.co.mz\/site\/index.php?rest_route=%2Fwp%2Fv2%2Fproduct_tag&post=7654"}],"curies":[{"name":"wp","href":"https:\/\/api.w.org\/{rel}","templated":true}]}}