{"id":7652,"date":"2022-11-16T07:01:31","date_gmt":"2022-11-16T07:01:31","guid":{"rendered":"https:\/\/mabuko.co.mz\/?post_type=product&#038;p=7652"},"modified":"2024-08-20T13:24:06","modified_gmt":"2024-08-20T13:24:06","slug":"o-segredo-do-amor-saude-e-dinheiro-masterclass","status":"publish","type":"product","link":"https:\/\/mabuko.co.mz\/site\/?product=o-segredo-do-amor-saude-e-dinheiro-masterclass","title":{"rendered":"O SEGREDO DO AMOR, SA\u00daDE E DINHEIRO Masterclass"},"content":{"rendered":"<p>Rhonda Byrne<\/p>\n<p>9789892354156<\/p>\n","protected":false},"excerpt":{"rendered":"<p><strong>SINOPSE<\/strong><\/p>\n<p>Da autora do bestseller\u00a0<i>O Segredo<\/i>\u00a0chega-nos agora a\u00a0<i>masterclass<\/i>\u00a0que ensina a aplicar a Lei da Atra\u00e7\u00e3o em tr\u00eas das \u00e1reas mais importantes da nossa vida: nas rela\u00e7\u00f5es, na sa\u00fade e no dinheiro.<\/p>\n<p>A felicidade, o bem-estar e o sucesso est\u00e3o ao alcance de todos, mas para isso precisamos de saber como atra\u00ed-los para a nossa vida. Neste minicurso, dividido em tr\u00eas partes, Rhonda Byrne mostra-nos detalhadamente os passos a seguir.<\/p>\n<p>A primeira parte ensina a usar o poder dos pensamentos positivos para atrair e manter novas e melhores rela\u00e7\u00f5es. A segunda ajuda a aplicar a Lei da Atra\u00e7\u00e3o \u00e0 nossa sa\u00fade, recorrendo a exemplos inspiradores de pessoas que superaram doen\u00e7as como dores cr\u00f3nicas ou depress\u00f5es. A terceira revela o poder que todos temos de criar riqueza, adotando a mentalidade das pessoas ricas para atingir a prosperidade e o sucesso profissional.<\/p>\n<p>A partir destes processos acess\u00edveis e impactantes, poder\u00e1 experimentar uma poderosa transforma\u00e7\u00e3o em todos os aspectos da sua vida &#8211; e para melhor.<\/p>\n","protected":false},"featured_media":7653,"template":"","meta":{"_monsterinsights_skip_tracking":false,"_monsterinsights_sitenote_active":false,"_monsterinsights_sitenote_note":"","_monsterinsights_sitenote_category":0},"product_cat":[108],"product_tag":[],"class_list":{"0":"post-7652","1":"product","2":"type-product","3":"status-publish","4":"has-post-thumbnail","6":"product_cat-auto-ajuda","7":"pa_book-author-rhonda-byrne","9":"first","10":"instock","11":"shipping-taxable","12":"purchasable","13":"product-type-simple"},"_links":{"self":[{"href":"https:\/\/mabuko.co.mz\/site\/index.php?rest_route=\/wp\/v2\/product\/7652","targetHints":{"allow":["GET"]}}],"collection":[{"href":"https:\/\/mabuko.co.mz\/site\/index.php?rest_route=\/wp\/v2\/product"}],"about":[{"href":"https:\/\/mabuko.co.mz\/site\/index.php?rest_route=\/wp\/v2\/types\/product"}],"wp:featuredmedia":[{"embeddable":true,"href":"https:\/\/mabuko.co.mz\/site\/index.php?rest_route=\/wp\/v2\/media\/7653"}],"wp:attachment":[{"href":"https:\/\/mabuko.co.mz\/site\/index.php?rest_route=%2Fwp%2Fv2%2Fmedia&parent=7652"}],"wp:term":[{"taxonomy":"product_cat","embeddable":true,"href":"https:\/\/mabuko.co.mz\/site\/index.php?rest_route=%2Fwp%2Fv2%2Fproduct_cat&post=7652"},{"taxonomy":"product_tag","embeddable":true,"href":"https:\/\/mabuko.co.mz\/site\/index.php?rest_route=%2Fwp%2Fv2%2Fproduct_tag&post=7652"}],"curies":[{"name":"wp","href":"https:\/\/api.w.org\/{rel}","templated":true}]}}