{"id":7648,"date":"2022-11-15T14:11:00","date_gmt":"2022-11-15T14:11:00","guid":{"rendered":"https:\/\/mabuko.co.mz\/?post_type=product&#038;p=7648"},"modified":"2023-01-12T11:16:23","modified_gmt":"2023-01-12T11:16:23","slug":"os-lideres-comem-por-ultimo","status":"publish","type":"product","link":"https:\/\/mabuko.co.mz\/site\/?product=os-lideres-comem-por-ultimo","title":{"rendered":"OS LIDERES COMEM POR \u00daLTIMO"},"content":{"rendered":"<p>Simon Sinek<\/p>\n<p>9789892344690<\/p>\n","protected":false},"excerpt":{"rendered":"<p><strong>SINOPSE<\/strong><\/p>\n<p align=\"justify\">&#8220;Bob Chapman j\u00e1 era um gestor de sucesso quando foi nomeado CEO de uma empresa em dificuldades. No seu primeiro dia de trabalho, sentou-se na cafetaria a observar os funcion\u00e1rios.<\/p>\n<p align=\"justify\">Riam-se, brincavam, estavam todos bem-dispostos. At\u00e9 ao momento em que tocou a campainha para o regresso ao trabalho. O riso desapareceu, os rostos fecharam-se. Sa\u00edram em sil\u00eancio, como condenados.<\/p>\n<p align=\"justify\">Cinco anos depois j\u00e1 n\u00e3o havia ali rel\u00f3gio de ponto. Os oper\u00e1rios e o pessoal administrativo tinham os mesmos direitos. Nunca mais se ouviu uma campainha. Havia liberdade.<\/p>\n<p align=\"justify\">E a fatura\u00e7\u00e3o anual disparou. A transforma\u00e7\u00e3o radical operada por Bob Chapman \u00e9 uma das hist\u00f3rias deste livro, e ilustra uma realidade ingrata: 80 por cento das pessoas n\u00e3o est\u00e3o satisfeitas no emprego (segundo o Shift Index da Deloitte).<\/p>\n<p align=\"justify\">Ora, n\u00e3o \u00e9 exequ\u00edvel substituir os descontentes \u2013 mas pode-se criar condi\u00e7\u00f5es que os levem a trabalhar de boa vontade.<\/p>\n<p align=\"justify\">Com o consequente aumento de produtividade e lucro. \u00a0Simon Sinek, autor do bestseller Primeiro Pergunte Porqu\u00ea, verificou que em diferentes partes do mundo h\u00e1 empresas que conseguiram essa transforma\u00e7\u00e3o. Os funcion\u00e1rios sentem-se valorizados quando percebem que os l\u00edderes confiam neles. Ao sentirem-se em \u201ccasa\u201d, focam-se no \u201cinimigo exterior\u201d ou seja, a concorr\u00eancia. E s\u00f3 ent\u00e3o se unem e vestem a camisola. &#8220;<\/p>\n","protected":false},"featured_media":7649,"template":"","meta":{"_monsterinsights_skip_tracking":false,"_monsterinsights_sitenote_active":false,"_monsterinsights_sitenote_note":"","_monsterinsights_sitenote_category":0},"product_cat":[102],"product_tag":[],"class_list":{"0":"post-7648","1":"product","2":"type-product","3":"status-publish","4":"has-post-thumbnail","6":"product_cat-livros-tecnicos","7":"pa_book-author-simon-sinek","9":"first","10":"outofstock","11":"shipping-taxable","12":"purchasable","13":"product-type-simple"},"_links":{"self":[{"href":"https:\/\/mabuko.co.mz\/site\/index.php?rest_route=\/wp\/v2\/product\/7648","targetHints":{"allow":["GET"]}}],"collection":[{"href":"https:\/\/mabuko.co.mz\/site\/index.php?rest_route=\/wp\/v2\/product"}],"about":[{"href":"https:\/\/mabuko.co.mz\/site\/index.php?rest_route=\/wp\/v2\/types\/product"}],"wp:featuredmedia":[{"embeddable":true,"href":"https:\/\/mabuko.co.mz\/site\/index.php?rest_route=\/wp\/v2\/media\/7649"}],"wp:attachment":[{"href":"https:\/\/mabuko.co.mz\/site\/index.php?rest_route=%2Fwp%2Fv2%2Fmedia&parent=7648"}],"wp:term":[{"taxonomy":"product_cat","embeddable":true,"href":"https:\/\/mabuko.co.mz\/site\/index.php?rest_route=%2Fwp%2Fv2%2Fproduct_cat&post=7648"},{"taxonomy":"product_tag","embeddable":true,"href":"https:\/\/mabuko.co.mz\/site\/index.php?rest_route=%2Fwp%2Fv2%2Fproduct_tag&post=7648"}],"curies":[{"name":"wp","href":"https:\/\/api.w.org\/{rel}","templated":true}]}}