{"id":7643,"date":"2022-11-15T13:55:59","date_gmt":"2022-11-15T13:55:59","guid":{"rendered":"https:\/\/mabuko.co.mz\/?post_type=product&#038;p=7643"},"modified":"2024-08-20T13:27:55","modified_gmt":"2024-08-20T13:27:55","slug":"a-maneira-rapida-e-facil-de-falar-com-eficacia","status":"publish","type":"product","link":"https:\/\/mabuko.co.mz\/site\/?product=a-maneira-rapida-e-facil-de-falar-com-eficacia","title":{"rendered":"A MANEIRA R\u00c1PIDA E F\u00c1CIL DE FALAR COM EFIC\u00c1CIA"},"content":{"rendered":"<p>Dale Carnegie<\/p>\n<p>9789892351919<\/p>\n","protected":false},"excerpt":{"rendered":"<p><strong>SINOPSE<\/strong><\/p>\n<p>Certo dia Dale Carnegie recebeu a visita de David Goodrich, presidente de uma das maiores corpora\u00e7\u00f5es americanas de ent\u00e3o. &#8220;Em toda a minha vida,&#8221; explicou o empres\u00e1rio, &#8220;nunca fui capaz de falar sem me sentir paralisado de medo.&#8221; Era um problema antigo, explicou, e n\u00e3o acreditava que algu\u00e9m o pudesse ajudar. O autor de\u00a0<i>Como Fazer Amigos e Influenciar Pessoas<\/i>\u00a0ficou surpreendido: se achava que n\u00e3o havia solu\u00e7\u00e3o, porque estava a procur\u00e1-lo? O empres\u00e1rio explicou. A sua contabilista durante anos esgueirava-se pelos corredores da empresa, sem nunca levantar os olhos do ch\u00e3o. Mas nos \u00faltimos tempos tinha-se transformado, cumprimentava-o efusivamente, espalhava confian\u00e7a e alegria. E um dia a revelou-lhe o segredo: tinha feito o curso A Maneira R\u00e1pida e F\u00e1cil de Falar com Efic\u00e1cia\u2026<\/p>\n<p>Goodrich \u00e9 um dos muitos exemplos de empres\u00e1rios, senadores, congressistas ou estrelas do cinema que Dale Carnegie ensinou a falar em p\u00fablico. Deu tamb\u00e9m forma\u00e7\u00e3o a sacerdotes, donas de casa e jovens estudantes. Come\u00e7ou a faz\u00ea-lo em 1912, em Nova Iorque, e nas d\u00e9cadas seguintes aperfei\u00e7oou o seu m\u00e9todo ao incorporar o feedback de milhares de formandos. O resultado \u00e9 o curso, acess\u00edvel a qualquer pessoa, que v\u00e3o encontrar neste livro. As li\u00e7\u00f5es s\u00e3o simples e v\u00e3o muito al\u00e9m do simples ato de falar. O autor ensina os leitores a manterem-se focados e a desenvolverem a confian\u00e7a.<\/p>\n","protected":false},"featured_media":7645,"template":"","meta":{"_monsterinsights_skip_tracking":false,"_monsterinsights_sitenote_active":false,"_monsterinsights_sitenote_note":"","_monsterinsights_sitenote_category":0},"product_cat":[108],"product_tag":[],"class_list":{"0":"post-7643","1":"product","2":"type-product","3":"status-publish","4":"has-post-thumbnail","6":"product_cat-auto-ajuda","7":"pa_book-author-dale-carnegie","9":"first","10":"instock","11":"shipping-taxable","12":"purchasable","13":"product-type-simple"},"_links":{"self":[{"href":"https:\/\/mabuko.co.mz\/site\/index.php?rest_route=\/wp\/v2\/product\/7643","targetHints":{"allow":["GET"]}}],"collection":[{"href":"https:\/\/mabuko.co.mz\/site\/index.php?rest_route=\/wp\/v2\/product"}],"about":[{"href":"https:\/\/mabuko.co.mz\/site\/index.php?rest_route=\/wp\/v2\/types\/product"}],"wp:featuredmedia":[{"embeddable":true,"href":"https:\/\/mabuko.co.mz\/site\/index.php?rest_route=\/wp\/v2\/media\/7645"}],"wp:attachment":[{"href":"https:\/\/mabuko.co.mz\/site\/index.php?rest_route=%2Fwp%2Fv2%2Fmedia&parent=7643"}],"wp:term":[{"taxonomy":"product_cat","embeddable":true,"href":"https:\/\/mabuko.co.mz\/site\/index.php?rest_route=%2Fwp%2Fv2%2Fproduct_cat&post=7643"},{"taxonomy":"product_tag","embeddable":true,"href":"https:\/\/mabuko.co.mz\/site\/index.php?rest_route=%2Fwp%2Fv2%2Fproduct_tag&post=7643"}],"curies":[{"name":"wp","href":"https:\/\/api.w.org\/{rel}","templated":true}]}}