{"id":7641,"date":"2022-11-15T13:50:13","date_gmt":"2022-11-15T13:50:13","guid":{"rendered":"https:\/\/mabuko.co.mz\/?post_type=product&#038;p=7641"},"modified":"2023-01-12T11:17:08","modified_gmt":"2023-01-12T11:17:08","slug":"atitude-certa","status":"publish","type":"product","link":"https:\/\/mabuko.co.mz\/site\/?product=atitude-certa","title":{"rendered":"ATITUDE CERTA!"},"content":{"rendered":"<p>Anabela Chastre<\/p>\n<p>9789895151929<\/p>\n","protected":false},"excerpt":{"rendered":"<p><strong>SINOPSE<\/strong><\/p>\n<p>&#8220;Atitude \u00e9 uma pequena coisa que faz toda a diferen\u00e7a&#8221; Winston Churchill<\/p>\n<p>Desde 2005 que acompanho, em Portugal e em Espanha, empres\u00e1rios e empreendedores de todas as idades, com as mais diversas hist\u00f3rias de vida, com maior ou menor experi\u00eancia profissional e apercebo-me que h\u00e1 algo que distingue os que vingam, os que constroem valor e alcan\u00e7am o \u00eaxito pessoal e profissional &#8211; a sua atitude. A atitude para com a vida, para com os outros, nos neg\u00f3cios e, sobretudo, a atitude que adoptam quando lidam com as suas circunst\u00e2ncias pessoais.<br \/>\nQuando conhecemos a Anabela, a sua hist\u00f3ria e a sua experi\u00eancia de vida, que se materializou neste fant\u00e1stico livro- que tem agora a oportunidade de descobrir- fic\u00e1mos bastante entusiasmados e decidimos apoiar a concretiza\u00e7\u00e3o desta iniciativa.<br \/>\nAcima de tudo, e tal como a Anabela, o principal objectivo da Century 21 Portugal \u00e9 ajudar a promover e difundir a import\u00e2ncia de adoptarmos a Atitude Certa. Para tal, \u00e9 essencial que cada um construa o seu caminho, em cada dia, em cada leitura, em cada nova conversa, em cada ac\u00e7\u00e3o, em cada tentativa de evolu\u00e7\u00e3o e aperfei\u00e7oamento, em cada erro e em cada vit\u00f3ria.<br \/>\nOs ensinamentos do m\u00e9todo apresentado neste livro podem incentivar os portugueses a assumirem o controlo das suas vidas e a maximizarem todo o seu potencial, com a Atitude Certa.<\/p>\n<p>Ricardo Sousa, Administrador da Century 21 Ib\u00e9ria.<\/p>\n","protected":false},"featured_media":7642,"template":"","meta":{"_monsterinsights_skip_tracking":false,"_monsterinsights_sitenote_active":false,"_monsterinsights_sitenote_note":"","_monsterinsights_sitenote_category":0},"product_cat":[108],"product_tag":[],"class_list":{"0":"post-7641","1":"product","2":"type-product","3":"status-publish","4":"has-post-thumbnail","6":"product_cat-auto-ajuda","7":"pa_book-author-anabela-chastre","9":"first","10":"outofstock","11":"shipping-taxable","12":"purchasable","13":"product-type-simple"},"_links":{"self":[{"href":"https:\/\/mabuko.co.mz\/site\/index.php?rest_route=\/wp\/v2\/product\/7641","targetHints":{"allow":["GET"]}}],"collection":[{"href":"https:\/\/mabuko.co.mz\/site\/index.php?rest_route=\/wp\/v2\/product"}],"about":[{"href":"https:\/\/mabuko.co.mz\/site\/index.php?rest_route=\/wp\/v2\/types\/product"}],"wp:featuredmedia":[{"embeddable":true,"href":"https:\/\/mabuko.co.mz\/site\/index.php?rest_route=\/wp\/v2\/media\/7642"}],"wp:attachment":[{"href":"https:\/\/mabuko.co.mz\/site\/index.php?rest_route=%2Fwp%2Fv2%2Fmedia&parent=7641"}],"wp:term":[{"taxonomy":"product_cat","embeddable":true,"href":"https:\/\/mabuko.co.mz\/site\/index.php?rest_route=%2Fwp%2Fv2%2Fproduct_cat&post=7641"},{"taxonomy":"product_tag","embeddable":true,"href":"https:\/\/mabuko.co.mz\/site\/index.php?rest_route=%2Fwp%2Fv2%2Fproduct_tag&post=7641"}],"curies":[{"name":"wp","href":"https:\/\/api.w.org\/{rel}","templated":true}]}}