{"id":7639,"date":"2022-11-15T13:44:23","date_gmt":"2022-11-15T13:44:23","guid":{"rendered":"https:\/\/mabuko.co.mz\/?post_type=product&#038;p=7639"},"modified":"2023-01-12T11:25:18","modified_gmt":"2023-01-12T11:25:18","slug":"as-chaves-magicas","status":"publish","type":"product","link":"https:\/\/mabuko.co.mz\/site\/?product=as-chaves-magicas","title":{"rendered":"AS CHAVES M\u00c1GICAS"},"content":{"rendered":"<p>Joseph Murphy<\/p>\n<p>9789896877446<\/p>\n","protected":false},"excerpt":{"rendered":"<p><strong>SINOPSE<\/strong><\/p>\n<p>As Chaves M\u00e1gicas revela o potencial que existe em si de superar qualquer obst\u00e1culo e atingir qualquer objectivo a que se proponha, desde que tenha um elemento-chave: a f\u00e9. F\u00e9 em si mesmo e no potencial infinito do seu subconsciente.<\/p>\n<p>\u00abAs ideias s\u00e3o os nossos mestres\u00bb, escreveu Joseph Murphy. \u00c9 essa a verdade oculta da vida. S\u00e3o elas que criam toda a nossa realidade; segundo o conjunto de ideias ou pontos de vista que tenhamos, assim ser\u00e1 o mundo em que vivemos. Por isso, pergunte a si mesmo: que ideias tem acerca do mundo? Qual \u00e9 o seu ponto de vista sobre a vida? Ao responder a estas perguntas, come\u00e7ar\u00e1 a conhecer o poder do seu subconsciente.<\/p>\n<p>Ao longo destas p\u00e1ginas, Joseph Murphy apresenta oito passos &#8211; oito chaves m\u00e1gicas &#8211; para dominar e transformar estas ideias e pontos de vista. Sejam elas ideias acerca de sa\u00fade, prosperidade, relacionamentos ou preocupa\u00e7\u00f5es, quando as controlarmos, teremos o verdadeiro controlo sobre n\u00f3s mesmos &#8211; e sobre tudo o que existe ao nosso redor. Dominando estas chaves m\u00e1gicas, todo um mundo de possibilidades se abrir\u00e1 diante de si.<\/p>\n","protected":false},"featured_media":7640,"template":"","meta":{"_monsterinsights_skip_tracking":false,"_monsterinsights_sitenote_active":false,"_monsterinsights_sitenote_note":"","_monsterinsights_sitenote_category":0},"product_cat":[108],"product_tag":[],"class_list":{"0":"post-7639","1":"product","2":"type-product","3":"status-publish","4":"has-post-thumbnail","6":"product_cat-auto-ajuda","7":"pa_book-author-joseph-murphy","9":"first","10":"outofstock","11":"shipping-taxable","12":"purchasable","13":"product-type-simple"},"_links":{"self":[{"href":"https:\/\/mabuko.co.mz\/site\/index.php?rest_route=\/wp\/v2\/product\/7639","targetHints":{"allow":["GET"]}}],"collection":[{"href":"https:\/\/mabuko.co.mz\/site\/index.php?rest_route=\/wp\/v2\/product"}],"about":[{"href":"https:\/\/mabuko.co.mz\/site\/index.php?rest_route=\/wp\/v2\/types\/product"}],"wp:featuredmedia":[{"embeddable":true,"href":"https:\/\/mabuko.co.mz\/site\/index.php?rest_route=\/wp\/v2\/media\/7640"}],"wp:attachment":[{"href":"https:\/\/mabuko.co.mz\/site\/index.php?rest_route=%2Fwp%2Fv2%2Fmedia&parent=7639"}],"wp:term":[{"taxonomy":"product_cat","embeddable":true,"href":"https:\/\/mabuko.co.mz\/site\/index.php?rest_route=%2Fwp%2Fv2%2Fproduct_cat&post=7639"},{"taxonomy":"product_tag","embeddable":true,"href":"https:\/\/mabuko.co.mz\/site\/index.php?rest_route=%2Fwp%2Fv2%2Fproduct_tag&post=7639"}],"curies":[{"name":"wp","href":"https:\/\/api.w.org\/{rel}","templated":true}]}}