{"id":7634,"date":"2022-11-15T13:16:44","date_gmt":"2022-11-15T13:16:44","guid":{"rendered":"https:\/\/mabuko.co.mz\/?post_type=product&#038;p=7634"},"modified":"2023-01-12T11:26:21","modified_gmt":"2023-01-12T11:26:21","slug":"deepak-chopra-responde-tudo-sobre-o-amor","status":"publish","type":"product","link":"https:\/\/mabuko.co.mz\/site\/?product=deepak-chopra-responde-tudo-sobre-o-amor","title":{"rendered":"DEEPAK CHOPRA RESPONDE Tudo sobre o amor"},"content":{"rendered":"<p>Deepak Chopra<\/p>\n<p>9789897390074<\/p>\n","protected":false},"excerpt":{"rendered":"<p><strong>SINOPSE<\/strong><\/p>\n<div class=\"av-col-xs-24 av-col-md-11\">\n<div class=\"product-details-contents\">\n<div class=\"product-details-content description-content selected\">\n<div class=\"productDescription\">Apaixonarmo-nos \u00e9, provavelmente, a aventura mais profunda que alguma vez viveremos &#8211; sem mapas ou b\u00fassolas. E \u00e9 por isso que, quando as pessoas procuram conselhos, as suas d\u00favidas incidem, habitualmente, sobre as suas rela\u00e7\u00f5es amorosas. Porque ser\u00e1 o amor t\u00e3o doloroso quando nos proporciona, ao mesmo tempo, tamanha felicidade? O que o torna t\u00e3o capaz de extremos, como o \u00f3dio e o ci\u00fame, quando nos sentimos tra\u00eddos? Neste livro, encontrar\u00e1 um conjunto de perguntas e respostas sobre o amor e as rela\u00e7\u00f5es humanas inspiradas em d\u00favidas reais e analisadas pelas s\u00e1bias palavras do autor e fil\u00f3sofo Deepak Chopra.<\/div>\n<\/div>\n<\/div>\n<\/div>\n<div class=\"av-row\">\n<div class=\"av-col-xs-24 av-col-md-12 av-col-md-offset-1\">\n<div class=\"product-details-tabs\">\n<div class=\"product-details-tab\"><\/div>\n<\/div>\n<\/div>\n<\/div>\n","protected":false},"featured_media":7635,"template":"","meta":{"_monsterinsights_skip_tracking":false,"_monsterinsights_sitenote_active":false,"_monsterinsights_sitenote_note":"","_monsterinsights_sitenote_category":0},"product_cat":[108],"product_tag":[],"class_list":{"0":"post-7634","1":"product","2":"type-product","3":"status-publish","4":"has-post-thumbnail","6":"product_cat-auto-ajuda","7":"pa_book-author-deepak-chopra","9":"first","10":"outofstock","11":"shipping-taxable","12":"purchasable","13":"product-type-simple"},"_links":{"self":[{"href":"https:\/\/mabuko.co.mz\/site\/index.php?rest_route=\/wp\/v2\/product\/7634","targetHints":{"allow":["GET"]}}],"collection":[{"href":"https:\/\/mabuko.co.mz\/site\/index.php?rest_route=\/wp\/v2\/product"}],"about":[{"href":"https:\/\/mabuko.co.mz\/site\/index.php?rest_route=\/wp\/v2\/types\/product"}],"wp:featuredmedia":[{"embeddable":true,"href":"https:\/\/mabuko.co.mz\/site\/index.php?rest_route=\/wp\/v2\/media\/7635"}],"wp:attachment":[{"href":"https:\/\/mabuko.co.mz\/site\/index.php?rest_route=%2Fwp%2Fv2%2Fmedia&parent=7634"}],"wp:term":[{"taxonomy":"product_cat","embeddable":true,"href":"https:\/\/mabuko.co.mz\/site\/index.php?rest_route=%2Fwp%2Fv2%2Fproduct_cat&post=7634"},{"taxonomy":"product_tag","embeddable":true,"href":"https:\/\/mabuko.co.mz\/site\/index.php?rest_route=%2Fwp%2Fv2%2Fproduct_tag&post=7634"}],"curies":[{"name":"wp","href":"https:\/\/api.w.org\/{rel}","templated":true}]}}