{"id":7622,"date":"2022-11-15T12:06:51","date_gmt":"2022-11-15T12:06:51","guid":{"rendered":"https:\/\/mabuko.co.mz\/?post_type=product&#038;p=7622"},"modified":"2024-08-20T13:32:45","modified_gmt":"2024-08-20T13:32:45","slug":"muitos-corpos-uma-so-alma","status":"publish","type":"product","link":"https:\/\/mabuko.co.mz\/site\/?product=muitos-corpos-uma-so-alma","title":{"rendered":"MUITOS CORPOS, UMA S\u00d3 ALMA"},"content":{"rendered":"<p>DR. Brian Weiss<\/p>\n<p>9789896877460<\/p>\n","protected":false},"excerpt":{"rendered":"<p><strong>SINOPSE<\/strong><\/p>\n<p>O psiquiatra Brian Weiss ganhou renome a n\u00edvel internacional com a sua investiga\u00e7\u00e3o sobre o poder de cura da regress\u00e3o a vidas passadas, relatada nos seus bestsellers cativantes. Agora, com este livro fascinante e inovador, o Dr. Weiss revela como o contacto com as vidas que viveremos no futuro pode transformar o nosso presente.<\/p>\n<p>Todos n\u00f3s j\u00e1 vivemos exist\u00eancias anteriores; todos viveremos outras no futuro. Aquilo que fazemos nesta vida ter\u00e1 influ\u00eancia sobre as nossas encarna\u00e7\u00f5es futuras, ao longo do caminho evolutivo at\u00e9 \u00e0 imortalidade.<\/p>\n<p>Recorrendo a exemplos de dezenas de casos cl\u00ednicos, o autor apresenta os benef\u00edcios terap\u00eauticos da progress\u00e3o a vidas futuras, da mesma forma que j\u00e1 havia demonstrado que a regress\u00e3o a vidas passadas pode curar as feridas f\u00edsicas e emocionais que sofremos no presente.<\/p>\n<p>Muitos Corpos, Uma S\u00f3 Alma \u00e9 uma obra revolucion\u00e1ria que aprofunda as descobertas feitas pelo Dr. Weiss e revela como uma vis\u00e3o hol\u00edstica das nossas vidas passadas e futuras pode transformar o nosso presente, enchendo-o de paz, harmonia e equil\u00edbrio.<\/p>\n","protected":false},"featured_media":7623,"template":"","meta":{"_monsterinsights_skip_tracking":false,"_monsterinsights_sitenote_active":false,"_monsterinsights_sitenote_note":"","_monsterinsights_sitenote_category":0},"product_cat":[108],"product_tag":[],"class_list":{"0":"post-7622","1":"product","2":"type-product","3":"status-publish","4":"has-post-thumbnail","6":"product_cat-auto-ajuda","7":"pa_book-author-brian-weiss","9":"first","10":"instock","11":"shipping-taxable","12":"purchasable","13":"product-type-simple"},"_links":{"self":[{"href":"https:\/\/mabuko.co.mz\/site\/index.php?rest_route=\/wp\/v2\/product\/7622","targetHints":{"allow":["GET"]}}],"collection":[{"href":"https:\/\/mabuko.co.mz\/site\/index.php?rest_route=\/wp\/v2\/product"}],"about":[{"href":"https:\/\/mabuko.co.mz\/site\/index.php?rest_route=\/wp\/v2\/types\/product"}],"wp:featuredmedia":[{"embeddable":true,"href":"https:\/\/mabuko.co.mz\/site\/index.php?rest_route=\/wp\/v2\/media\/7623"}],"wp:attachment":[{"href":"https:\/\/mabuko.co.mz\/site\/index.php?rest_route=%2Fwp%2Fv2%2Fmedia&parent=7622"}],"wp:term":[{"taxonomy":"product_cat","embeddable":true,"href":"https:\/\/mabuko.co.mz\/site\/index.php?rest_route=%2Fwp%2Fv2%2Fproduct_cat&post=7622"},{"taxonomy":"product_tag","embeddable":true,"href":"https:\/\/mabuko.co.mz\/site\/index.php?rest_route=%2Fwp%2Fv2%2Fproduct_tag&post=7622"}],"curies":[{"name":"wp","href":"https:\/\/api.w.org\/{rel}","templated":true}]}}