{"id":7617,"date":"2022-11-15T11:47:38","date_gmt":"2022-11-15T11:47:38","guid":{"rendered":"https:\/\/mabuko.co.mz\/?post_type=product&#038;p=7617"},"modified":"2024-08-20T13:38:28","modified_gmt":"2024-08-20T13:38:28","slug":"pense-e-fique-rico","status":"publish","type":"product","link":"https:\/\/mabuko.co.mz\/site\/?product=pense-e-fique-rico","title":{"rendered":"PENSE E FIQUE RICO"},"content":{"rendered":"<p>Napoleon Hill<\/p>\n<p>9789892317830<\/p>\n","protected":false},"excerpt":{"rendered":"<p><strong>SINOPSE<\/strong><\/p>\n<p>Pense e Fique Rico, o livro de automotiva\u00e7\u00e3o empresarial mais influente da hist\u00f3ria, nasceu de um encontro fortuito. Napoleon Hill, um jovem jornalista, entrevistou o magnata do a\u00e7o Andrew Carnegie &#8211; provavelmente o americano mais rico do in\u00edcio do s\u00e9culo XX. Na conversa que tiveram, Carnegie lan\u00e7ou ao rep\u00f3rter um desafio: entrevistar 500 milion\u00e1rios para descobrir o que tinham em comum. Durante 20 anos, Napoleon Hill dedicou-se \u00e0 miss\u00e3o e, com o apoio e os conselhos de Carnegie, compilou uma s\u00e9rie de princ\u00edpios a que chamou &#8220;As Leis do Sucesso&#8221;. Pense e Fique Rico sintetiza essas leis, numa obra que inspirou milh\u00f5es de leitores. As ideias contidas neste livro, para al\u00e9m de divulgarem efectivas receitas para ganhar dinheiro, ensinam a obter a satisfa\u00e7\u00e3o espiritual que adv\u00e9m de se atingir os objectivos.<\/p>\n","protected":false},"featured_media":7618,"template":"","meta":{"_monsterinsights_skip_tracking":false,"_monsterinsights_sitenote_active":false,"_monsterinsights_sitenote_note":"","_monsterinsights_sitenote_category":0},"product_cat":[108],"product_tag":[],"class_list":{"0":"post-7617","1":"product","2":"type-product","3":"status-publish","4":"has-post-thumbnail","6":"product_cat-auto-ajuda","7":"pa_book-author-napoleon-hill","9":"first","10":"instock","11":"shipping-taxable","12":"purchasable","13":"product-type-simple"},"_links":{"self":[{"href":"https:\/\/mabuko.co.mz\/site\/index.php?rest_route=\/wp\/v2\/product\/7617","targetHints":{"allow":["GET"]}}],"collection":[{"href":"https:\/\/mabuko.co.mz\/site\/index.php?rest_route=\/wp\/v2\/product"}],"about":[{"href":"https:\/\/mabuko.co.mz\/site\/index.php?rest_route=\/wp\/v2\/types\/product"}],"wp:featuredmedia":[{"embeddable":true,"href":"https:\/\/mabuko.co.mz\/site\/index.php?rest_route=\/wp\/v2\/media\/7618"}],"wp:attachment":[{"href":"https:\/\/mabuko.co.mz\/site\/index.php?rest_route=%2Fwp%2Fv2%2Fmedia&parent=7617"}],"wp:term":[{"taxonomy":"product_cat","embeddable":true,"href":"https:\/\/mabuko.co.mz\/site\/index.php?rest_route=%2Fwp%2Fv2%2Fproduct_cat&post=7617"},{"taxonomy":"product_tag","embeddable":true,"href":"https:\/\/mabuko.co.mz\/site\/index.php?rest_route=%2Fwp%2Fv2%2Fproduct_tag&post=7617"}],"curies":[{"name":"wp","href":"https:\/\/api.w.org\/{rel}","templated":true}]}}