{"id":7594,"date":"2022-11-15T08:50:17","date_gmt":"2022-11-15T08:50:17","guid":{"rendered":"https:\/\/mabuko.co.mz\/?post_type=product&#038;p=7594"},"modified":"2023-01-11T14:27:06","modified_gmt":"2023-01-11T14:27:06","slug":"a-sabedoria-da-transformacao","status":"publish","type":"product","link":"https:\/\/mabuko.co.mz\/site\/?product=a-sabedoria-da-transformacao","title":{"rendered":"A SABEDORIA DA TRANSFORMA\u00c7\u00c3O"},"content":{"rendered":"<p>Monja Coen<\/p>\n<p>9789897772931<\/p>\n","protected":false},"excerpt":{"rendered":"<p><strong>SINOPSE<\/strong><\/p>\n<p>Para encontrar a transforma\u00e7\u00e3o, Monja Coen apresenta-nos um texto claro e objetivo, recheado de amor.<br \/>\nNum texto leve e bem-humorado, conta factos hist\u00f3ricos e situa\u00e7\u00f5es quotidianas, fala de personagens ilustres e de pessoas comuns.<br \/>\nA sabedoria da transforma\u00e7\u00e3o procura consciencializar-nos da import\u00e2ncia de reflectir sobre as nossas atitudes no dia a dia, para que, fazendo o nosso melhor, possamos ser a transforma\u00e7\u00e3o que desejamos ver no mundo. Buscar a paz interior e, consequentemente, a felicidade \u00e9 uma meta a ser conquistada.<br \/>\nPelo desafio da vida humana, podemos encontrar um caminho de pr\u00e1tica que nos leve ao nosso Eu verdadeiro, para desfrutarmos de uma vida simples e feliz.<\/p>\n<p>\u00abReflectir. \u00c9 preciso que haja uma forma, \u00e9 preciso que haja luz, \u00e9 preciso que haja um local em que essa forma e essa luz se encontrem e se revelem &#8211; um lago tranquilo, um espelho precioso. A sua mente pode ser esse local. Se houver pr\u00e1tica, haver\u00e1 ilumina\u00e7\u00e3o.\u00bb<\/p>\n<p>\u00abCostumamos comparar-nos a outras formas de vida e imaginamos que elas sejam melhores do que a humana. Ter nascido humano \u00e9 ter a oportunidade de at\u00e9 poder sonhar. Podemos voar com os p\u00e1ssaros, nadar com os peixes, balan\u00e7ar-nos ao vento com as palmeiras. Constru\u00edmos casas, estradas, naves espaciais. Aprendemos sobre o nosso corpo e mentes. Descobrimos rem\u00e9dios e curas. Constru\u00edmos bombas e fazemos a guerra.<br \/>\nQueremos controlar tudo e todos e, ao mesmo tempo, somos v\u00edtimas de tudo e de todos.<br \/>\nAt\u00e9 que nos libertamos. Essa liberta\u00e7\u00e3o \u00e9 muito maior do que o voar das borboletas.\u00bb<\/p>\n","protected":false},"featured_media":7595,"template":"","meta":{"_monsterinsights_skip_tracking":false,"_monsterinsights_sitenote_active":false,"_monsterinsights_sitenote_note":"","_monsterinsights_sitenote_category":0},"product_cat":[108],"product_tag":[],"class_list":{"0":"post-7594","1":"product","2":"type-product","3":"status-publish","4":"has-post-thumbnail","6":"product_cat-auto-ajuda","7":"pa_book-author-monja-coen","9":"first","10":"outofstock","11":"shipping-taxable","12":"purchasable","13":"product-type-simple"},"_links":{"self":[{"href":"https:\/\/mabuko.co.mz\/site\/index.php?rest_route=\/wp\/v2\/product\/7594","targetHints":{"allow":["GET"]}}],"collection":[{"href":"https:\/\/mabuko.co.mz\/site\/index.php?rest_route=\/wp\/v2\/product"}],"about":[{"href":"https:\/\/mabuko.co.mz\/site\/index.php?rest_route=\/wp\/v2\/types\/product"}],"wp:featuredmedia":[{"embeddable":true,"href":"https:\/\/mabuko.co.mz\/site\/index.php?rest_route=\/wp\/v2\/media\/7595"}],"wp:attachment":[{"href":"https:\/\/mabuko.co.mz\/site\/index.php?rest_route=%2Fwp%2Fv2%2Fmedia&parent=7594"}],"wp:term":[{"taxonomy":"product_cat","embeddable":true,"href":"https:\/\/mabuko.co.mz\/site\/index.php?rest_route=%2Fwp%2Fv2%2Fproduct_cat&post=7594"},{"taxonomy":"product_tag","embeddable":true,"href":"https:\/\/mabuko.co.mz\/site\/index.php?rest_route=%2Fwp%2Fv2%2Fproduct_tag&post=7594"}],"curies":[{"name":"wp","href":"https:\/\/api.w.org\/{rel}","templated":true}]}}