{"id":7592,"date":"2022-11-15T08:38:52","date_gmt":"2022-11-15T08:38:52","guid":{"rendered":"https:\/\/mabuko.co.mz\/?post_type=product&#038;p=7592"},"modified":"2023-01-11T14:28:02","modified_gmt":"2023-01-11T14:28:02","slug":"forca-vital","status":"publish","type":"product","link":"https:\/\/mabuko.co.mz\/site\/?product=forca-vital","title":{"rendered":"FOR\u00c7A VITAL"},"content":{"rendered":"<p>Anthony Robbins<\/p>\n<p>Anthony Robbins<\/p>\n<p>Dr. Robert Hariri<\/p>\n<p>Dr. Peter Diamandis<\/p>\n<p>9789892354804<\/p>\n","protected":false},"excerpt":{"rendered":"<p><strong>SINOPSE<\/strong><\/p>\n<p>Aos 54 anos, Tony Robbins estava a fazer snowboard quando uma queda aparatosa lhe deixou o ombro praticamente desfeito. Come\u00e7ava a\u00ed a sua via-sacra de consultas, cuja conclus\u00e3o era sempre a mesma: ficaria com mobilidade reduzida.<br \/>\nO mais conhecido coach do mundo recusou-se a aceitar o diagn\u00f3stico &#8211; e come\u00e7ou \u00e0 procura de alternativas. Pouco tempo depois, fez um tratamento pioneiro, \u00e0 base de c\u00e9lulas estaminais, que n\u00e3o s\u00f3 o curou completamente como tamb\u00e9m acabou com uma dor de costas que j\u00e1 o acompanhava h\u00e1 quase uma d\u00e9cada.<br \/>\nN\u00e3o foi um milagre, foi apenas ci\u00eancia. E deu in\u00edcio a um trabalho de v\u00e1rios anos, ao longo dos quais ouviu mais de cem especialistas mundiais na \u00e1rea da sa\u00fade. O resultado dessa investiga\u00e7\u00e3o est\u00e1 condensado em <i>For\u00e7a Vital<\/i>\u00a0e \u00e9 absolutamente surpreendente. Os inacredit\u00e1veis progressos tecnol\u00f3gicos na medicina regenerativa e de precis\u00e3o levam a que, hoje, seja poss\u00edvel viver bem durante muito mais tempo.<\/p>\n","protected":false},"featured_media":7593,"template":"","meta":{"_monsterinsights_skip_tracking":false,"_monsterinsights_sitenote_active":false,"_monsterinsights_sitenote_note":"","_monsterinsights_sitenote_category":0},"product_cat":[108],"product_tag":[],"class_list":{"0":"post-7592","1":"product","2":"type-product","3":"status-publish","4":"has-post-thumbnail","6":"product_cat-auto-ajuda","7":"pa_book-author-tony-robbins","9":"first","10":"outofstock","11":"shipping-taxable","12":"purchasable","13":"product-type-simple"},"_links":{"self":[{"href":"https:\/\/mabuko.co.mz\/site\/index.php?rest_route=\/wp\/v2\/product\/7592","targetHints":{"allow":["GET"]}}],"collection":[{"href":"https:\/\/mabuko.co.mz\/site\/index.php?rest_route=\/wp\/v2\/product"}],"about":[{"href":"https:\/\/mabuko.co.mz\/site\/index.php?rest_route=\/wp\/v2\/types\/product"}],"wp:featuredmedia":[{"embeddable":true,"href":"https:\/\/mabuko.co.mz\/site\/index.php?rest_route=\/wp\/v2\/media\/7593"}],"wp:attachment":[{"href":"https:\/\/mabuko.co.mz\/site\/index.php?rest_route=%2Fwp%2Fv2%2Fmedia&parent=7592"}],"wp:term":[{"taxonomy":"product_cat","embeddable":true,"href":"https:\/\/mabuko.co.mz\/site\/index.php?rest_route=%2Fwp%2Fv2%2Fproduct_cat&post=7592"},{"taxonomy":"product_tag","embeddable":true,"href":"https:\/\/mabuko.co.mz\/site\/index.php?rest_route=%2Fwp%2Fv2%2Fproduct_tag&post=7592"}],"curies":[{"name":"wp","href":"https:\/\/api.w.org\/{rel}","templated":true}]}}