{"id":7589,"date":"2022-11-15T08:25:04","date_gmt":"2022-11-15T08:25:04","guid":{"rendered":"https:\/\/mabuko.co.mz\/?post_type=product&#038;p=7589"},"modified":"2024-04-25T12:52:59","modified_gmt":"2024-04-25T12:52:59","slug":"como-superar-as-preocupacoes-e-lidar-com-o-stress","status":"publish","type":"product","link":"https:\/\/mabuko.co.mz\/site\/?product=como-superar-as-preocupacoes-e-lidar-com-o-stress","title":{"rendered":"COMO SUPERAR AS PREOCUPA\u00c7\u00d5ES E LIDAR COM O STRESS"},"content":{"rendered":"<p>Dale Carnegie<\/p>\n<p>9789897842733<\/p>\n","protected":false},"excerpt":{"rendered":"<p><strong>SINOPSE<\/strong><\/p>\n<p>Inclui um marcador exclusivo, limitado ao stock existente.<\/p>\n<p>A preocupa\u00e7\u00e3o ou ansiedade s\u00e3o express\u00f5es naturais do ser humano e fazem parte da vida. A maioria das nossas preocupa\u00e7\u00f5es tem uma solu\u00e7\u00e3o simples e acaba por desaparecer ao fim de pouco tempo. No entanto, nem sempre \u00e9 assim: por vezes, esta sensa\u00e7\u00e3o persiste no nosso esp\u00edrito e rouba-nos vitalidade, entusiasmo e energia, conduzindo-nos, eventualmente, ao colapso f\u00edsico e mental. A preocupa\u00e7\u00e3o cr\u00f3nica \u00e9, inclusivamente, respons\u00e1vel por in\u00fameras doen\u00e7as, como a asma, as alergias, os problemas card\u00edacos, a hipertens\u00e3o&#8230;<\/p>\n<p>Uma mente ansiosa \u00e9 uma mente confusa, dispersa por uma s\u00e9rie de pensamentos falsos, sem rela\u00e7\u00e3o com a realidade. Felizmente, \u00e9 poss\u00edvel treinar o nosso c\u00e9rebro para que se concentre noutras sensa\u00e7\u00f5es: na harmonia, na paz, na leveza, na ac\u00e7\u00e3o, no amor, na empatia. Para isso, \u00e9 urgente substituir os pensamentos negativos por outros, mais construtivos.<\/p>\n<p>Neste livro, Dale Carnegie examina os muitos factores que nos levam a vivermos soterrados em inquieta\u00e7\u00e3o, seja na vida familiar, seja na vida profissional, e, atrav\u00e9s de orienta\u00e7\u00f5es muito simples de p\u00f4r em pr\u00e1tica, aprendemos a trilhar um caminho diferente, em direc\u00e7\u00e3o ao bem estar e a uma maior auto estima.<\/p>\n<p>Lidar com o stress, evitar o burnout e desenvolver e manter uma atitude positiva s\u00e3o os grandes objectivos deste livro que j\u00e1 inspirou milh\u00f5es a abandonar a preocupa\u00e7\u00e3o constante e a come\u00e7ar, finalmente, a viver em pleno.<\/p>\n","protected":false},"featured_media":7591,"template":"","meta":{"_monsterinsights_skip_tracking":false,"_monsterinsights_sitenote_active":false,"_monsterinsights_sitenote_note":"","_monsterinsights_sitenote_category":0},"product_cat":[108],"product_tag":[],"class_list":{"0":"post-7589","1":"product","2":"type-product","3":"status-publish","4":"has-post-thumbnail","6":"product_cat-auto-ajuda","7":"pa_book-author-dale-carnegie","9":"first","10":"instock","11":"shipping-taxable","12":"purchasable","13":"product-type-simple"},"_links":{"self":[{"href":"https:\/\/mabuko.co.mz\/site\/index.php?rest_route=\/wp\/v2\/product\/7589","targetHints":{"allow":["GET"]}}],"collection":[{"href":"https:\/\/mabuko.co.mz\/site\/index.php?rest_route=\/wp\/v2\/product"}],"about":[{"href":"https:\/\/mabuko.co.mz\/site\/index.php?rest_route=\/wp\/v2\/types\/product"}],"wp:featuredmedia":[{"embeddable":true,"href":"https:\/\/mabuko.co.mz\/site\/index.php?rest_route=\/wp\/v2\/media\/7591"}],"wp:attachment":[{"href":"https:\/\/mabuko.co.mz\/site\/index.php?rest_route=%2Fwp%2Fv2%2Fmedia&parent=7589"}],"wp:term":[{"taxonomy":"product_cat","embeddable":true,"href":"https:\/\/mabuko.co.mz\/site\/index.php?rest_route=%2Fwp%2Fv2%2Fproduct_cat&post=7589"},{"taxonomy":"product_tag","embeddable":true,"href":"https:\/\/mabuko.co.mz\/site\/index.php?rest_route=%2Fwp%2Fv2%2Fproduct_tag&post=7589"}],"curies":[{"name":"wp","href":"https:\/\/api.w.org\/{rel}","templated":true}]}}