{"id":7587,"date":"2022-11-15T08:17:11","date_gmt":"2022-11-15T08:17:11","guid":{"rendered":"https:\/\/mabuko.co.mz\/?post_type=product&#038;p=7587"},"modified":"2023-01-11T14:29:29","modified_gmt":"2023-01-11T14:29:29","slug":"a-vida-e-curta-mas-pode-ser-maravilhosa","status":"publish","type":"product","link":"https:\/\/mabuko.co.mz\/site\/?product=a-vida-e-curta-mas-pode-ser-maravilhosa","title":{"rendered":"A VIDA \u00c9 CURTA, MAS PODE SER MARAVILHOSA"},"content":{"rendered":"<p>Dale Carnegie<\/p>\n<p>9789896874810<\/p>\n","protected":false},"excerpt":{"rendered":"<p><strong>SINOPSE<\/strong><\/p>\n<p>Dale Carnegie \u00e9 um dos expoentes m\u00e1ximos do novo pensamento e um dos pioneiros da autoajuda: os seus livros, alguns dos quais publicados h\u00e1 mais de 50 anos, nunca deixaram de ser sucessos de vendas e influenciaram gera\u00e7\u00f5es de autores.<\/p>\n<p>A Vida \u00c9 Curta mas Pode Ser Maravilhosa apresenta alguns dos conselhos mais incisivos e inspiradores de Carnegie para fazer de cada momento da sua vida uma experi\u00eancia inesquec\u00edvel.<\/p>\n","protected":false},"featured_media":7588,"template":"","meta":{"_monsterinsights_skip_tracking":false,"_monsterinsights_sitenote_active":false,"_monsterinsights_sitenote_note":"","_monsterinsights_sitenote_category":0},"product_cat":[108],"product_tag":[],"class_list":{"0":"post-7587","1":"product","2":"type-product","3":"status-publish","4":"has-post-thumbnail","6":"product_cat-auto-ajuda","7":"pa_book-author-dale-carnegie","9":"first","10":"outofstock","11":"shipping-taxable","12":"purchasable","13":"product-type-simple"},"_links":{"self":[{"href":"https:\/\/mabuko.co.mz\/site\/index.php?rest_route=\/wp\/v2\/product\/7587","targetHints":{"allow":["GET"]}}],"collection":[{"href":"https:\/\/mabuko.co.mz\/site\/index.php?rest_route=\/wp\/v2\/product"}],"about":[{"href":"https:\/\/mabuko.co.mz\/site\/index.php?rest_route=\/wp\/v2\/types\/product"}],"wp:featuredmedia":[{"embeddable":true,"href":"https:\/\/mabuko.co.mz\/site\/index.php?rest_route=\/wp\/v2\/media\/7588"}],"wp:attachment":[{"href":"https:\/\/mabuko.co.mz\/site\/index.php?rest_route=%2Fwp%2Fv2%2Fmedia&parent=7587"}],"wp:term":[{"taxonomy":"product_cat","embeddable":true,"href":"https:\/\/mabuko.co.mz\/site\/index.php?rest_route=%2Fwp%2Fv2%2Fproduct_cat&post=7587"},{"taxonomy":"product_tag","embeddable":true,"href":"https:\/\/mabuko.co.mz\/site\/index.php?rest_route=%2Fwp%2Fv2%2Fproduct_tag&post=7587"}],"curies":[{"name":"wp","href":"https:\/\/api.w.org\/{rel}","templated":true}]}}