{"id":7584,"date":"2022-11-15T08:03:09","date_gmt":"2022-11-15T08:03:09","guid":{"rendered":"https:\/\/mabuko.co.mz\/?post_type=product&#038;p=7584"},"modified":"2023-01-11T14:34:39","modified_gmt":"2023-01-11T14:34:39","slug":"como-evitar-um-desastre-climatico","status":"publish","type":"product","link":"https:\/\/mabuko.co.mz\/site\/?product=como-evitar-um-desastre-climatico","title":{"rendered":"COMO EVITAR UM DESASTRE CLIM\u00c1TICO"},"content":{"rendered":"<p>Bill Gates<\/p>\n<p>9789897401015<\/p>\n","protected":false},"excerpt":{"rendered":"<p><strong>SINOPSE<\/strong><\/p>\n<p>&#8220;\u00abDispomos j\u00e1 de algumas ferramentas necess\u00e1rias para uma mudan\u00e7a de rumo, e quanto \u00e0s que n\u00e3o possu\u00edmos, o que aprendi sobre clima e tecnologia permite-me acreditar que seremos capazes de as inventar e aplic\u00e1-las no terreno, evitando assim, se n\u00e3o perdermos mais tempo, um desastre clim\u00e1tico.\u00bb BILL GATES<\/p>\n<p>Neste livro necess\u00e1rio e factual, Bill Gates tra\u00e7a um plano pr\u00e1tico, abrangente e acess\u00edvel, mostrando-nos de que maneira o mundo pode eliminar as emiss\u00f5es de gases com efeito de estufa, a fim e a tempo de evitarmos um desastre clim\u00e1tico. Bill Gates passou a \u00faltima d\u00e9cada a estudar as causas e os efeitos das altera\u00e7\u00f5es clim\u00e1ticas. Com a ajuda de peritos no dom\u00ednio da f\u00edsica, qu\u00edmica, biologia, engenharia, ci\u00eancia pol\u00edtica e finan\u00e7a, procurou saber o que tem de ser feito para que o planeta n\u00e3o caminhe em direc\u00e7\u00e3o a uma cat\u00e1strofe anunciada. Neste livro, al\u00e9m de explicar porque temos de alcan\u00e7ar a neutralidade carb\u00f3nica, o autor apresenta-nos os passos concretos fundamentais para o \u00eaxito desse objectivo. Oferecendo-nos uma vis\u00e3o esclarecedora dos desafios que nos esperam e apoiado no seu vasto conhecimento em mat\u00e9ria de inova\u00e7\u00e3o e do que envolve lan\u00e7ar novas ideias no mercado, Bill Gates indica-nos as \u00e1reas em que a tecnologia est\u00e1 a ajudar-nos a reduzir emiss\u00f5es, onde e como podemos tornar a tecnologia actual mais eficiente, onde s\u00e3o necess\u00e1rias novas solu\u00e7\u00f5es, e quem se encontra j\u00e1 a desenvolv\u00ea-las.<\/p>\n<p>Por fim, o autor d\u00e1-nos conta do seu plano, um guia pr\u00e1tico e concreto para alcan\u00e7armos a neutralidade carb\u00f3nica, sugerindo n\u00e3o s\u00f3 as pol\u00edticas que os governos devem adoptar, mas o que n\u00f3s, indiv\u00edduos, podemos fazer para nos mantermos todos, incluindo os nossos l\u00edderes, respons\u00e1veis pelo \u00eaxito desta miss\u00e3o crucial. Alcan\u00e7ar a neutralidade carb\u00f3nica ser\u00e1 tudo menos f\u00e1cil, por\u00e9m, se seguirmos o plano tra\u00e7ado ao longo destas p\u00e1ginas, \u00e9 um objectivo que se encontra certamente ao nosso alcance.&#8221;<\/p>\n","protected":false},"featured_media":7586,"template":"","meta":{"_monsterinsights_skip_tracking":false,"_monsterinsights_sitenote_active":false,"_monsterinsights_sitenote_note":"","_monsterinsights_sitenote_category":0},"product_cat":[108],"product_tag":[],"class_list":{"0":"post-7584","1":"product","2":"type-product","3":"status-publish","4":"has-post-thumbnail","6":"product_cat-auto-ajuda","7":"pa_book-author-bill-gates","9":"first","10":"outofstock","11":"shipping-taxable","12":"purchasable","13":"product-type-simple"},"_links":{"self":[{"href":"https:\/\/mabuko.co.mz\/site\/index.php?rest_route=\/wp\/v2\/product\/7584","targetHints":{"allow":["GET"]}}],"collection":[{"href":"https:\/\/mabuko.co.mz\/site\/index.php?rest_route=\/wp\/v2\/product"}],"about":[{"href":"https:\/\/mabuko.co.mz\/site\/index.php?rest_route=\/wp\/v2\/types\/product"}],"wp:featuredmedia":[{"embeddable":true,"href":"https:\/\/mabuko.co.mz\/site\/index.php?rest_route=\/wp\/v2\/media\/7586"}],"wp:attachment":[{"href":"https:\/\/mabuko.co.mz\/site\/index.php?rest_route=%2Fwp%2Fv2%2Fmedia&parent=7584"}],"wp:term":[{"taxonomy":"product_cat","embeddable":true,"href":"https:\/\/mabuko.co.mz\/site\/index.php?rest_route=%2Fwp%2Fv2%2Fproduct_cat&post=7584"},{"taxonomy":"product_tag","embeddable":true,"href":"https:\/\/mabuko.co.mz\/site\/index.php?rest_route=%2Fwp%2Fv2%2Fproduct_tag&post=7584"}],"curies":[{"name":"wp","href":"https:\/\/api.w.org\/{rel}","templated":true}]}}