{"id":7523,"date":"2022-11-11T14:28:09","date_gmt":"2022-11-11T14:28:09","guid":{"rendered":"https:\/\/mabuko.co.mz\/?post_type=product&#038;p=7523"},"modified":"2023-01-12T06:33:27","modified_gmt":"2023-01-12T06:33:27","slug":"a-cor-do-hibisco","status":"publish","type":"product","link":"https:\/\/mabuko.co.mz\/site\/?product=a-cor-do-hibisco","title":{"rendered":"A COR DO HIBISCO"},"content":{"rendered":"<p>Chimamanda Ngozi Adichie<\/p>\n<p>9789722066563<\/p>\n","protected":false},"excerpt":{"rendered":"<p><strong>SINOPSE<\/strong><\/p>\n<p>Os limites do mundo da jovem Kambili s\u00e3o definidos pelos muros da luxuosa propriedade da fam\u00edlia e pelas regras de um pai repressivo. O dia-a-dia \u00e9 regulado por hor\u00e1rios: rezar, dormir, estudar e rezar ainda mais. A sua vida \u00e9 privilegiada mas o ambiente familiar \u00e9 tenso. O pai tem expectativas irreais para a mulher e os filhos, e pune-os severamente quando se mostram menos que perfeitos.<\/p>\n<p>Quando um golpe militar amea\u00e7a fazer desmoronar a Nig\u00e9ria, o pai de Kambili envia-a, juntamente com o irm\u00e3o, para casa da tia. \u00c9 a\u00ed, nessa casa cheia de energia e riso, que ela descobre todo um novo mundo onde os livros n\u00e3o s\u00e3o proibidos, os aromas a caril e noz-moscada impregnam o ar, e a alegria dos primos ecoa.<\/p>\n<p>Esta visita vai despert\u00e1-la para a vida e para o amor e acabar de vez com o sil\u00eancio sufocante que a amorda\u00e7ava. Mas a sua desobedi\u00eancia vai ter consequ\u00eancias inesperadas.<\/p>\n<p>Uma obra sobre liberdade, amor e \u00f3dio, e a linha t\u00e9nue que separa a inf\u00e2ncia da idade adulta, que marcou a estreia de uma escritora extraordin\u00e1ria.<\/p>\n","protected":false},"featured_media":7524,"template":"","meta":{"_monsterinsights_skip_tracking":false,"_monsterinsights_sitenote_active":false,"_monsterinsights_sitenote_note":"","_monsterinsights_sitenote_category":0},"product_cat":[105],"product_tag":[],"class_list":{"0":"post-7523","1":"product","2":"type-product","3":"status-publish","4":"has-post-thumbnail","6":"product_cat-romance","7":"pa_book-author-chimamanda-ngozi-adichie","9":"first","10":"outofstock","11":"shipping-taxable","12":"purchasable","13":"product-type-simple"},"_links":{"self":[{"href":"https:\/\/mabuko.co.mz\/site\/index.php?rest_route=\/wp\/v2\/product\/7523","targetHints":{"allow":["GET"]}}],"collection":[{"href":"https:\/\/mabuko.co.mz\/site\/index.php?rest_route=\/wp\/v2\/product"}],"about":[{"href":"https:\/\/mabuko.co.mz\/site\/index.php?rest_route=\/wp\/v2\/types\/product"}],"wp:featuredmedia":[{"embeddable":true,"href":"https:\/\/mabuko.co.mz\/site\/index.php?rest_route=\/wp\/v2\/media\/7524"}],"wp:attachment":[{"href":"https:\/\/mabuko.co.mz\/site\/index.php?rest_route=%2Fwp%2Fv2%2Fmedia&parent=7523"}],"wp:term":[{"taxonomy":"product_cat","embeddable":true,"href":"https:\/\/mabuko.co.mz\/site\/index.php?rest_route=%2Fwp%2Fv2%2Fproduct_cat&post=7523"},{"taxonomy":"product_tag","embeddable":true,"href":"https:\/\/mabuko.co.mz\/site\/index.php?rest_route=%2Fwp%2Fv2%2Fproduct_tag&post=7523"}],"curies":[{"name":"wp","href":"https:\/\/api.w.org\/{rel}","templated":true}]}}