{"id":7521,"date":"2022-11-11T14:16:12","date_gmt":"2022-11-11T14:16:12","guid":{"rendered":"https:\/\/mabuko.co.mz\/?post_type=product&#038;p=7521"},"modified":"2023-01-12T06:34:31","modified_gmt":"2023-01-12T06:34:31","slug":"a-sombra-infinita-de-cesar","status":"publish","type":"product","link":"https:\/\/mabuko.co.mz\/site\/?product=a-sombra-infinita-de-cesar","title":{"rendered":"A SOMBRA INFINITA DE C\u00c9SAR"},"content":{"rendered":"<p>Lawrence Durrell<\/p>\n<p>9789899033801<\/p>\n","protected":false},"excerpt":{"rendered":"<p><strong>SINOPSE<\/strong><\/p>\n<p>A Proven\u00e7a de Lawrence Durrell, onde o autor viveu durante trinta anos, est\u00e1 saturada com os esp\u00edritos das civiliza\u00e7\u00f5es do passado. No campo, no mercado e entre o povo, Durrell escuta os ecos das batalhas dos generais romanos como C\u00e9sar e Agripa, recorda o amor de Petrarca por Laura, os debates medievais do amor cort\u00eas e a l\u00edrica dos trovadores.<br \/>\nUm livro invulgar, que \u00e9 ao mesmo tempo roteiro de viagem, bloco de notas e autobiografia, e que preserva as mem\u00f3rias das experi\u00eancias mais pessoais de Durrell na regi\u00e3o.<\/p>\n","protected":false},"featured_media":7522,"template":"","meta":{"_monsterinsights_skip_tracking":false,"_monsterinsights_sitenote_active":false,"_monsterinsights_sitenote_note":"","_monsterinsights_sitenote_category":0},"product_cat":[103],"product_tag":[],"class_list":{"0":"post-7521","1":"product","2":"type-product","3":"status-publish","4":"has-post-thumbnail","6":"product_cat-literatura","7":"pa_book-author-lawrence-durrell","9":"first","10":"outofstock","11":"shipping-taxable","12":"purchasable","13":"product-type-simple"},"_links":{"self":[{"href":"https:\/\/mabuko.co.mz\/site\/index.php?rest_route=\/wp\/v2\/product\/7521","targetHints":{"allow":["GET"]}}],"collection":[{"href":"https:\/\/mabuko.co.mz\/site\/index.php?rest_route=\/wp\/v2\/product"}],"about":[{"href":"https:\/\/mabuko.co.mz\/site\/index.php?rest_route=\/wp\/v2\/types\/product"}],"wp:featuredmedia":[{"embeddable":true,"href":"https:\/\/mabuko.co.mz\/site\/index.php?rest_route=\/wp\/v2\/media\/7522"}],"wp:attachment":[{"href":"https:\/\/mabuko.co.mz\/site\/index.php?rest_route=%2Fwp%2Fv2%2Fmedia&parent=7521"}],"wp:term":[{"taxonomy":"product_cat","embeddable":true,"href":"https:\/\/mabuko.co.mz\/site\/index.php?rest_route=%2Fwp%2Fv2%2Fproduct_cat&post=7521"},{"taxonomy":"product_tag","embeddable":true,"href":"https:\/\/mabuko.co.mz\/site\/index.php?rest_route=%2Fwp%2Fv2%2Fproduct_tag&post=7521"}],"curies":[{"name":"wp","href":"https:\/\/api.w.org\/{rel}","templated":true}]}}