{"id":7519,"date":"2022-11-11T14:10:03","date_gmt":"2022-11-11T14:10:03","guid":{"rendered":"https:\/\/mabuko.co.mz\/?post_type=product&#038;p=7519"},"modified":"2023-01-12T06:37:54","modified_gmt":"2023-01-12T06:37:54","slug":"orlando","status":"publish","type":"product","link":"https:\/\/mabuko.co.mz\/site\/?product=orlando","title":{"rendered":"ORLANDO"},"content":{"rendered":"<p>Virginia Woolf<\/p>\n<p>9789723829013<\/p>\n","protected":false},"excerpt":{"rendered":"<p><strong>SINOPSE<\/strong><\/p>\n<p align=\"justify\">Esta \u00e9 a extraordin\u00e1ria hist\u00f3ria da vida de Orlando, jovem nascido na Inglaterra isabelina.<\/p>\n<p align=\"justify\">Envolto em riquezas e mesuras, poeta e apaixonado, viaja um dia at\u00e9 \u00e0 Turquia e acorda sem aviso num imortal corpo feminino cujo percurso acompanharemos por mais de tr\u00eas s\u00e9culos, at\u00e9 \u00e0 modernidade.<\/p>\n<p align=\"justify\">Obra exuberante, repleta de fantasia e de inova\u00e7\u00e3o, carta de amor disfar\u00e7ada de biografia que a autora dedicou \u00e0 artista Vita Sackville-West, Orlando chegou como uma pedrada no charco ao meio liter\u00e1rio brit\u00e2nico em 1928 e conquistou a Virginia Woolf um lugar de protagonismo na hist\u00f3ria da literatura universal, fixando-a para sempre como uma das autoras centrais dos textos feministas e da reflex\u00e3o sobre a sexualidade<\/p>\n","protected":false},"featured_media":7520,"template":"","meta":{"_monsterinsights_skip_tracking":false,"_monsterinsights_sitenote_active":false,"_monsterinsights_sitenote_note":"","_monsterinsights_sitenote_category":0},"product_cat":[103],"product_tag":[],"class_list":{"0":"post-7519","1":"product","2":"type-product","3":"status-publish","4":"has-post-thumbnail","6":"product_cat-literatura","7":"pa_book-author-virginia-woolf","9":"first","10":"outofstock","11":"shipping-taxable","12":"purchasable","13":"product-type-simple"},"_links":{"self":[{"href":"https:\/\/mabuko.co.mz\/site\/index.php?rest_route=\/wp\/v2\/product\/7519","targetHints":{"allow":["GET"]}}],"collection":[{"href":"https:\/\/mabuko.co.mz\/site\/index.php?rest_route=\/wp\/v2\/product"}],"about":[{"href":"https:\/\/mabuko.co.mz\/site\/index.php?rest_route=\/wp\/v2\/types\/product"}],"wp:featuredmedia":[{"embeddable":true,"href":"https:\/\/mabuko.co.mz\/site\/index.php?rest_route=\/wp\/v2\/media\/7520"}],"wp:attachment":[{"href":"https:\/\/mabuko.co.mz\/site\/index.php?rest_route=%2Fwp%2Fv2%2Fmedia&parent=7519"}],"wp:term":[{"taxonomy":"product_cat","embeddable":true,"href":"https:\/\/mabuko.co.mz\/site\/index.php?rest_route=%2Fwp%2Fv2%2Fproduct_cat&post=7519"},{"taxonomy":"product_tag","embeddable":true,"href":"https:\/\/mabuko.co.mz\/site\/index.php?rest_route=%2Fwp%2Fv2%2Fproduct_tag&post=7519"}],"curies":[{"name":"wp","href":"https:\/\/api.w.org\/{rel}","templated":true}]}}