{"id":7509,"date":"2022-11-11T13:04:09","date_gmt":"2022-11-11T13:04:09","guid":{"rendered":"https:\/\/mabuko.co.mz\/?post_type=product&#038;p=7509"},"modified":"2023-01-12T06:40:03","modified_gmt":"2023-01-12T06:40:03","slug":"o-prazer-de-guiar","status":"publish","type":"product","link":"https:\/\/mabuko.co.mz\/site\/?product=o-prazer-de-guiar","title":{"rendered":"O PRAZER DE GUIAR"},"content":{"rendered":"<p>Jo\u00e3o Pedro Marques<\/p>\n<p>9789720030191<\/p>\n","protected":false},"excerpt":{"rendered":"<p><strong>SINOPSE<\/strong><\/p>\n<div class=\"f-productLayerGrid__col\">\n<div class=\"f-productLayer\">\n<div id=\"cedc9bff-2355-4f41-8567-157275028033\" class=\"f-productLayer__body\">\n<div class=\"f-productLayer__container\" data-automation-id=\"EditorOpinionOrSummary-block\">\n<div class=\"js-Expander expander expander--hasIcon collapsed\" data-automation-button=\"expand-EditorOpinionOrSummary-button\" data-automation-content=\"expand-EditorOpinionOrSummary\">\n<div class=\"expander__content\" data-automation-id=\"expand-EditorOpinionOrSummary\" aria-expanded=\"true\">\n<div class=\"f-productDesc\">\n<div class=\"f-productDesc__raw\">\n<p align=\"justify\">&#8220;Raquel e Jo\u00e3o t\u00eam cerca de setenta anos de idade. Amaram-se na juventude e, em tempos idos, foram casados e criaram filhos em conjunto antes de a vida os ter afastado.<\/p>\n<p align=\"justify\">O Prazer de Guiar \u00e9 a hist\u00f3ria do seu reencontro e reaproxima\u00e7\u00e3o. \u00c9, tamb\u00e9m, simultaneamente, um romance on the road, no qual o casal reencontrado vai viver uma aventura adolescente que lhe reabre os horizontes numa fase tardia da sua exist\u00eancia.<\/p>\n<p align=\"justify\">O palco da sua aventura \u00e9 Portugal no ano de 2032, um tempo em que o progresso tecnol\u00f3gico trouxe muito bem-estar, mas em que, paradoxalmente, cerceou as liberdades individuais. Uma \u00e9poca cada vez mais automatizada e robotizada em que o Estado j\u00e1 codificou quase tudo, imp\u00f4s regras e normas em v\u00e1rias \u00e1reas da vida colectiva, mas proibiu muitas coisas, nomeadamente a possibilidade de conduzir nas cidades e principais estradas do pa\u00eds.<\/p>\n<p align=\"justify\">Ser\u00e3o Raquel e Jo\u00e3o capazes de lutar por esse direito que lhes foi negado? Ter\u00e3o sucesso no desafio que lan\u00e7aram \u00e0s autoridades?<\/p>\n<p align=\"justify\">E conseguir\u00e3o contornar ou iludir a opressiva e omnipresente vigil\u00e2ncia policial?&#8221;<\/p>\n<\/div>\n<\/div>\n<\/div>\n<div class=\"expander__mask\" data-automation-id=\"expand-EditorOpinionOrSummary-button\"><\/div>\n<\/div>\n<\/div>\n<\/div>\n<\/div>\n<\/div>\n<div class=\"f-productLayerGrid__col f-productLayerGrid__col--fixed\">\n<div class=\"f-productLayer advertisingStrate\">\n<div class=\"js-ad-slot f-ad\" data-inv-code=\"Fnac_PT_Desktop_Livre_FA_Pave_ATF\" data-sizes=\"300x250\"><\/div>\n<\/div>\n<\/div>\n","protected":false},"featured_media":7510,"template":"","meta":{"_monsterinsights_skip_tracking":false,"_monsterinsights_sitenote_active":false,"_monsterinsights_sitenote_note":"","_monsterinsights_sitenote_category":0},"product_cat":[105],"product_tag":[],"class_list":{"0":"post-7509","1":"product","2":"type-product","3":"status-publish","4":"has-post-thumbnail","6":"product_cat-romance","7":"pa_book-author-joao-pedro-marques","9":"first","10":"outofstock","11":"shipping-taxable","12":"purchasable","13":"product-type-simple"},"_links":{"self":[{"href":"https:\/\/mabuko.co.mz\/site\/index.php?rest_route=\/wp\/v2\/product\/7509","targetHints":{"allow":["GET"]}}],"collection":[{"href":"https:\/\/mabuko.co.mz\/site\/index.php?rest_route=\/wp\/v2\/product"}],"about":[{"href":"https:\/\/mabuko.co.mz\/site\/index.php?rest_route=\/wp\/v2\/types\/product"}],"wp:featuredmedia":[{"embeddable":true,"href":"https:\/\/mabuko.co.mz\/site\/index.php?rest_route=\/wp\/v2\/media\/7510"}],"wp:attachment":[{"href":"https:\/\/mabuko.co.mz\/site\/index.php?rest_route=%2Fwp%2Fv2%2Fmedia&parent=7509"}],"wp:term":[{"taxonomy":"product_cat","embeddable":true,"href":"https:\/\/mabuko.co.mz\/site\/index.php?rest_route=%2Fwp%2Fv2%2Fproduct_cat&post=7509"},{"taxonomy":"product_tag","embeddable":true,"href":"https:\/\/mabuko.co.mz\/site\/index.php?rest_route=%2Fwp%2Fv2%2Fproduct_tag&post=7509"}],"curies":[{"name":"wp","href":"https:\/\/api.w.org\/{rel}","templated":true}]}}