{"id":7507,"date":"2022-11-11T12:54:37","date_gmt":"2022-11-11T12:54:37","guid":{"rendered":"https:\/\/mabuko.co.mz\/?post_type=product&#038;p=7507"},"modified":"2023-01-12T06:41:07","modified_gmt":"2023-01-12T06:41:07","slug":"o-anjo-caido","status":"publish","type":"product","link":"https:\/\/mabuko.co.mz\/site\/?product=o-anjo-caido","title":{"rendered":"O ANJO CA\u00cdDO"},"content":{"rendered":"<p>Daniel Silva<\/p>\n<p>9789722538633<\/p>\n","protected":false},"excerpt":{"rendered":"<p><strong>SINOPSE<\/strong><\/p>\n<p>O risco de um conflito de propor\u00e7\u00f5es apocal\u00edticas. Depois de ter sobrevivido por um triz \u00e0 sua mais recente miss\u00e3o, Gabriel Allon, o her\u00f3i dos servi\u00e7os secretos israelitas, refugiou-se por detr\u00e1s dos muros do Vaticano, onde se encontra a restaurar uma das obras-primas de Caravaggio. Mas certa manh\u00e3, bem cedo, \u00e9 chamado \u00e0 Bas\u00edlica de S\u00e3o Pedro por monsenhor Luigi Donati, o influente secret\u00e1rio particular de Sua Santidade o Papa Paulo VII. Debaixo da magn\u00edfica ab\u00f3bada de Miguel \u00c2ngelo foi encontrado um cad\u00e1ver de uma mulher bonita. a pol\u00edcia do Vaticano suspeita de suic\u00eddio, mas Gabriel n\u00e3o concorda. E, segundo parece, o mesmo se passa com Donati, que receia que uma investiga\u00e7\u00e3o p\u00fablica possa provocar um novo esc\u00e2ndalo no seio da Igreja e, por isso, chama Gabriel para que este descubra discretamente a verdade. Com uma advert\u00eancia: \u00abRegra n\u00famero um no Vaticano\u00bb, diz Donati, \u00abN\u00e3o fa\u00e7a demasiadas perguntas.\u00bb Gabriel descobre que a mulher morta tinha desvendado um segredo perigoso, amea\u00e7ando deste modo uma organiza\u00e7\u00e3o criminosa que anda a pilhar tesouros da Antiguidade e a vend\u00ea-los a quem oferecer mais dinheiro. Mas n\u00e3o se trata apenas de gan\u00e2ncia. Um agente misterioso planeia uma sabotagem capaz de mergulhar o mundo num conflito de propor\u00e7\u00f5es apocal\u00edpticas&#8230;<\/p>\n","protected":false},"featured_media":7508,"template":"","meta":{"_monsterinsights_skip_tracking":false,"_monsterinsights_sitenote_active":false,"_monsterinsights_sitenote_note":"","_monsterinsights_sitenote_category":0},"product_cat":[103],"product_tag":[],"class_list":{"0":"post-7507","1":"product","2":"type-product","3":"status-publish","4":"has-post-thumbnail","6":"product_cat-literatura","7":"pa_book-author-daniel-silva","9":"first","10":"outofstock","11":"shipping-taxable","12":"purchasable","13":"product-type-simple"},"_links":{"self":[{"href":"https:\/\/mabuko.co.mz\/site\/index.php?rest_route=\/wp\/v2\/product\/7507","targetHints":{"allow":["GET"]}}],"collection":[{"href":"https:\/\/mabuko.co.mz\/site\/index.php?rest_route=\/wp\/v2\/product"}],"about":[{"href":"https:\/\/mabuko.co.mz\/site\/index.php?rest_route=\/wp\/v2\/types\/product"}],"wp:featuredmedia":[{"embeddable":true,"href":"https:\/\/mabuko.co.mz\/site\/index.php?rest_route=\/wp\/v2\/media\/7508"}],"wp:attachment":[{"href":"https:\/\/mabuko.co.mz\/site\/index.php?rest_route=%2Fwp%2Fv2%2Fmedia&parent=7507"}],"wp:term":[{"taxonomy":"product_cat","embeddable":true,"href":"https:\/\/mabuko.co.mz\/site\/index.php?rest_route=%2Fwp%2Fv2%2Fproduct_cat&post=7507"},{"taxonomy":"product_tag","embeddable":true,"href":"https:\/\/mabuko.co.mz\/site\/index.php?rest_route=%2Fwp%2Fv2%2Fproduct_tag&post=7507"}],"curies":[{"name":"wp","href":"https:\/\/api.w.org\/{rel}","templated":true}]}}