{"id":7503,"date":"2022-11-11T10:58:25","date_gmt":"2022-11-11T10:58:25","guid":{"rendered":"https:\/\/mabuko.co.mz\/?post_type=product&#038;p=7503"},"modified":"2023-01-11T13:49:13","modified_gmt":"2023-01-11T13:49:13","slug":"operacao-secreta","status":"publish","type":"product","link":"https:\/\/mabuko.co.mz\/site\/?product=operacao-secreta","title":{"rendered":"OPERA\u00c7\u00c3O SECRETA"},"content":{"rendered":"<p>Ben Macintyre<\/p>\n<p>9789722074636<\/p>\n","protected":false},"excerpt":{"rendered":"<p><strong>SINOPSE<\/strong><\/p>\n<p>Abril de 1943: um pescador de sardinhas avista o corpo de um oficial brit\u00e2nico a flutuar ao largo da costa espanhola e desencadeia uma s\u00e9rie de acontecimentos que v\u00e3o mudar o curso da Segunda Guerra Mundial.<\/p>\n<p>A Opera\u00e7\u00e3o Mincemeat foi o mais bem-sucedido logro alguma vez tentado em tempo de guerra, e com certeza o mais estranho. Enganou os chefes da espionagem nazi, p\u00f4s tropas alem\u00e3s a correr na dire\u00e7\u00e3o errada e salvou milhares de vidas ao p\u00f4r em campo um agente secreto que era diferente, num aspeto crucial, de todos os espi\u00f5es anteriores e posteriores: estava morto. A sua miss\u00e3o: convencer os alem\u00e3es de que em vez de atacar a Sic\u00edlia, os ex\u00e9rcitos aliados planeavam invadir a Gr\u00e9cia.<\/p>\n<p>Produto da imagina\u00e7\u00e3o de um exc\u00eantrico oficial da RAF e de um brilhante advogado judeu, o grande engano envolveu um extraordin\u00e1rio elenco de personagens que incluiu um famoso patologista forense, um prospetor de ouro, um inventor, uma bonita secret\u00e1ria dos Servi\u00e7os Secretos, o comandante de um submarino, tr\u00eas romancistas, um irasc\u00edvel almirante apaixonado pela pesca com mosca e um vagabundo gal\u00eas morto.<\/p>\n<p>Esta \u00e9 a hist\u00f3ria do mais extraordin\u00e1rio plano de dissimula\u00e7\u00e3o alguma vez engendrado pelos espi\u00f5es de Churchill: uma mentira descarada que viajou de uma cave em Whitehall at\u00e9 \u00e0 secret\u00e1ria de Hitler.<\/p>\n","protected":false},"featured_media":7504,"template":"","meta":{"_monsterinsights_skip_tracking":false,"_monsterinsights_sitenote_active":false,"_monsterinsights_sitenote_note":"","_monsterinsights_sitenote_category":0},"product_cat":[102],"product_tag":[],"class_list":{"0":"post-7503","1":"product","2":"type-product","3":"status-publish","4":"has-post-thumbnail","6":"product_cat-livros-tecnicos","7":"pa_book-author-ben-macintyre","9":"first","10":"outofstock","11":"shipping-taxable","12":"purchasable","13":"product-type-simple"},"_links":{"self":[{"href":"https:\/\/mabuko.co.mz\/site\/index.php?rest_route=\/wp\/v2\/product\/7503","targetHints":{"allow":["GET"]}}],"collection":[{"href":"https:\/\/mabuko.co.mz\/site\/index.php?rest_route=\/wp\/v2\/product"}],"about":[{"href":"https:\/\/mabuko.co.mz\/site\/index.php?rest_route=\/wp\/v2\/types\/product"}],"wp:featuredmedia":[{"embeddable":true,"href":"https:\/\/mabuko.co.mz\/site\/index.php?rest_route=\/wp\/v2\/media\/7504"}],"wp:attachment":[{"href":"https:\/\/mabuko.co.mz\/site\/index.php?rest_route=%2Fwp%2Fv2%2Fmedia&parent=7503"}],"wp:term":[{"taxonomy":"product_cat","embeddable":true,"href":"https:\/\/mabuko.co.mz\/site\/index.php?rest_route=%2Fwp%2Fv2%2Fproduct_cat&post=7503"},{"taxonomy":"product_tag","embeddable":true,"href":"https:\/\/mabuko.co.mz\/site\/index.php?rest_route=%2Fwp%2Fv2%2Fproduct_tag&post=7503"}],"curies":[{"name":"wp","href":"https:\/\/api.w.org\/{rel}","templated":true}]}}