{"id":7501,"date":"2022-11-11T10:40:20","date_gmt":"2022-11-11T10:40:20","guid":{"rendered":"https:\/\/mabuko.co.mz\/?post_type=product&#038;p=7501"},"modified":"2023-01-11T13:49:47","modified_gmt":"2023-01-11T13:49:47","slug":"onze-minutos","status":"publish","type":"product","link":"https:\/\/mabuko.co.mz\/site\/?product=onze-minutos","title":{"rendered":"ONZE MINUTOS"},"content":{"rendered":"<p>Paulo Coelho<\/p>\n<p>9789727115112<\/p>\n","protected":false},"excerpt":{"rendered":"<p><strong>SINOPSE<\/strong><\/p>\n<p>Maria, uma jovem do Nordeste brasileiro, sonha viver uma vida de aventura e encontrar o seu grande amor. Quando, numas f\u00e9rias em Copacabana, conhece um homem que lhe prop\u00f5e que venha para a Su\u00ed\u00e7a trabalhar como bailarina numa bo\u00eete, ela imagina que est\u00e1 a viver o in\u00edcio de um conto de fadas &#8211; mas a realidade ser\u00e1 bem mais dura. Maria acaba por trabalhar como prostituta, aprendendo a viver do sexo e a utiliz\u00e1-lo para satisfazer os outros. Contudo, a verdadeira natureza do sexo &#8211; assim como a do amor &#8211; permanece um mist\u00e9rio para ela. At\u00e9 que conhece um homem que a far\u00e1 reconsiderar tudo aquilo que ela pensa conhecer acerca do sentido da sexualidade&#8230; Nesta viagem de autodescoberta, Maria ter\u00e1 de arriscar tudo para se reconciliar consigo pr\u00f3pria e descobrir o lado sagrado do sexo.<\/p>\n","protected":false},"featured_media":7502,"template":"","meta":{"_monsterinsights_skip_tracking":false,"_monsterinsights_sitenote_active":false,"_monsterinsights_sitenote_note":"","_monsterinsights_sitenote_category":0},"product_cat":[105],"product_tag":[],"class_list":{"0":"post-7501","1":"product","2":"type-product","3":"status-publish","4":"has-post-thumbnail","6":"product_cat-romance","7":"pa_book-author-paulo-coelho","9":"first","10":"outofstock","11":"shipping-taxable","12":"purchasable","13":"product-type-simple"},"_links":{"self":[{"href":"https:\/\/mabuko.co.mz\/site\/index.php?rest_route=\/wp\/v2\/product\/7501","targetHints":{"allow":["GET"]}}],"collection":[{"href":"https:\/\/mabuko.co.mz\/site\/index.php?rest_route=\/wp\/v2\/product"}],"about":[{"href":"https:\/\/mabuko.co.mz\/site\/index.php?rest_route=\/wp\/v2\/types\/product"}],"wp:featuredmedia":[{"embeddable":true,"href":"https:\/\/mabuko.co.mz\/site\/index.php?rest_route=\/wp\/v2\/media\/7502"}],"wp:attachment":[{"href":"https:\/\/mabuko.co.mz\/site\/index.php?rest_route=%2Fwp%2Fv2%2Fmedia&parent=7501"}],"wp:term":[{"taxonomy":"product_cat","embeddable":true,"href":"https:\/\/mabuko.co.mz\/site\/index.php?rest_route=%2Fwp%2Fv2%2Fproduct_cat&post=7501"},{"taxonomy":"product_tag","embeddable":true,"href":"https:\/\/mabuko.co.mz\/site\/index.php?rest_route=%2Fwp%2Fv2%2Fproduct_tag&post=7501"}],"curies":[{"name":"wp","href":"https:\/\/api.w.org\/{rel}","templated":true}]}}