{"id":7499,"date":"2022-11-11T10:27:12","date_gmt":"2022-11-11T10:27:12","guid":{"rendered":"https:\/\/mabuko.co.mz\/?post_type=product&#038;p=7499"},"modified":"2023-01-11T13:51:01","modified_gmt":"2023-01-11T13:51:01","slug":"o-ano-do-pensamento-magico","status":"publish","type":"product","link":"https:\/\/mabuko.co.mz\/site\/?product=o-ano-do-pensamento-magico","title":{"rendered":"O ANO DO PENSAMENTO M\u00c1GICO"},"content":{"rendered":"<p>Joan Didion<\/p>\n<p>9789898979360<\/p>\n","protected":false},"excerpt":{"rendered":"<p><strong>SINOPSE<\/strong><\/p>\n<p>\u00c9 assim que Joan Didion inicia a sua viagem pela mem\u00f3ria do ano mais transformador da sua vida, come\u00e7ando na noite em que o marido, o escritor John Dunne, com quem foi casada mais de 30 anos, morre de ataque card\u00edaco, e a sua \u00fanica filha est\u00e1 em coma no hospital. Com uma escrita t\u00e3o assertiva como limpa, t\u00e3o honesta como desarmante, Didion investiga os vivos que sobrevivem aos mortos, revelando, atrav\u00e9s da sua experi\u00eancia pessoal, aquilo que \u00e9 universal a todos: a dor da perda, a necessidade da supera\u00e7\u00e3o quando tudo parece in\u00fatil.<\/p>\n<p>Num registo por vezes jornal\u00edstico, recorrendo a estudos, especialistas ou a poemas e obras de arte, outras vezes confessional e liter\u00e1rio, mas escapando da autopiedade, Didion deixa o fluxo da sua consci\u00eancia viajar pelas mem\u00f3rias do casamento, pela experi\u00eancia da maternidade e da escrita, recorda\u00e7\u00f5es que emergem a cada momento, quando trata do funeral do marido ou visita a filha inconsciente no hospital.<\/p>\n","protected":false},"featured_media":7500,"template":"","meta":{"_monsterinsights_skip_tracking":false,"_monsterinsights_sitenote_active":false,"_monsterinsights_sitenote_note":"","_monsterinsights_sitenote_category":0},"product_cat":[136],"product_tag":[],"class_list":{"0":"post-7499","1":"product","2":"type-product","3":"status-publish","4":"has-post-thumbnail","6":"product_cat-memorias-e-testemunhos","7":"pa_book-author-joan-didion","9":"first","10":"outofstock","11":"shipping-taxable","12":"purchasable","13":"product-type-simple"},"_links":{"self":[{"href":"https:\/\/mabuko.co.mz\/site\/index.php?rest_route=\/wp\/v2\/product\/7499","targetHints":{"allow":["GET"]}}],"collection":[{"href":"https:\/\/mabuko.co.mz\/site\/index.php?rest_route=\/wp\/v2\/product"}],"about":[{"href":"https:\/\/mabuko.co.mz\/site\/index.php?rest_route=\/wp\/v2\/types\/product"}],"wp:featuredmedia":[{"embeddable":true,"href":"https:\/\/mabuko.co.mz\/site\/index.php?rest_route=\/wp\/v2\/media\/7500"}],"wp:attachment":[{"href":"https:\/\/mabuko.co.mz\/site\/index.php?rest_route=%2Fwp%2Fv2%2Fmedia&parent=7499"}],"wp:term":[{"taxonomy":"product_cat","embeddable":true,"href":"https:\/\/mabuko.co.mz\/site\/index.php?rest_route=%2Fwp%2Fv2%2Fproduct_cat&post=7499"},{"taxonomy":"product_tag","embeddable":true,"href":"https:\/\/mabuko.co.mz\/site\/index.php?rest_route=%2Fwp%2Fv2%2Fproduct_tag&post=7499"}],"curies":[{"name":"wp","href":"https:\/\/api.w.org\/{rel}","templated":true}]}}