{"id":7497,"date":"2022-11-11T10:18:02","date_gmt":"2022-11-11T10:18:02","guid":{"rendered":"https:\/\/mabuko.co.mz\/?post_type=product&#038;p=7497"},"modified":"2023-01-11T13:52:38","modified_gmt":"2023-01-11T13:52:38","slug":"a-morte-do-papa","status":"publish","type":"product","link":"https:\/\/mabuko.co.mz\/site\/?product=a-morte-do-papa","title":{"rendered":"A MORTE DO PAPA"},"content":{"rendered":"<p>Nuno Nepomuceno<\/p>\n<p>9789898979407<\/p>\n","protected":false},"excerpt":{"rendered":"<p><strong>SINOPSE<\/strong><\/p>\n<p>Uma freira e dois cardeais encontram o corpo sem vida do Papa sentado na cama, com as mangas da roupa destru\u00eddas, os \u00f3culos no rosto e um livro nas m\u00e3os. O mundo reage com choque, sobretudo, quando Pedro, um delator em parte incerta, regressa \u00e0 ribalta e contraria a vers\u00e3o oficial. Por\u00e9m, tudo muda quando imagens de um escritor famoso v\u00eam \u00e0 tona, colocando-o na cena do crime.<\/p>\n<p>Enquanto as d\u00favidas se instalam, um jornalista dedica-se \u00e0 investiga\u00e7\u00e3o do desaparecimento de uma adolescente. Mas eis que um recado \u00e9 deixado na reda\u00e7\u00e3o da Radio Vaticana. Com a ajuda de um professor universit\u00e1rio e da sua intr\u00e9pida esposa, os tr\u00eas lan\u00e7am-se numa demanda chocante pela verdade. O corpo da jovem est\u00e1 no local para onde aponta o anjo.<\/p>\n<p>Pleno de reviravoltas e volte-faces surpreendentes, intimista e apaixonante, inspirado em factos reais, A Morte do Papa conduz-nos at\u00e9 um dos maiores mist\u00e9rios da hist\u00f3ria da Igreja Cat\u00f3lica, a morte de Jo\u00e3o Paulo I. Tendo como base os cen\u00e1rios \u00fanicos da Cidade do Vaticano, este \u00e9 um thriller religioso arrebatador, de leitura compulsiva, e igualmente uma incurs\u00e3o perturbadora num mundo onde a ambi\u00e7\u00e3o humana desafia o poder de Deus.<\/p>\n","protected":false},"featured_media":7498,"template":"","meta":{"_monsterinsights_skip_tracking":false,"_monsterinsights_sitenote_active":false,"_monsterinsights_sitenote_note":"","_monsterinsights_sitenote_category":0},"product_cat":[103],"product_tag":[],"class_list":{"0":"post-7497","1":"product","2":"type-product","3":"status-publish","4":"has-post-thumbnail","6":"product_cat-literatura","7":"pa_book-author-nuno-nepomuceno","9":"first","10":"outofstock","11":"shipping-taxable","12":"purchasable","13":"product-type-simple"},"_links":{"self":[{"href":"https:\/\/mabuko.co.mz\/site\/index.php?rest_route=\/wp\/v2\/product\/7497","targetHints":{"allow":["GET"]}}],"collection":[{"href":"https:\/\/mabuko.co.mz\/site\/index.php?rest_route=\/wp\/v2\/product"}],"about":[{"href":"https:\/\/mabuko.co.mz\/site\/index.php?rest_route=\/wp\/v2\/types\/product"}],"wp:featuredmedia":[{"embeddable":true,"href":"https:\/\/mabuko.co.mz\/site\/index.php?rest_route=\/wp\/v2\/media\/7498"}],"wp:attachment":[{"href":"https:\/\/mabuko.co.mz\/site\/index.php?rest_route=%2Fwp%2Fv2%2Fmedia&parent=7497"}],"wp:term":[{"taxonomy":"product_cat","embeddable":true,"href":"https:\/\/mabuko.co.mz\/site\/index.php?rest_route=%2Fwp%2Fv2%2Fproduct_cat&post=7497"},{"taxonomy":"product_tag","embeddable":true,"href":"https:\/\/mabuko.co.mz\/site\/index.php?rest_route=%2Fwp%2Fv2%2Fproduct_tag&post=7497"}],"curies":[{"name":"wp","href":"https:\/\/api.w.org\/{rel}","templated":true}]}}