{"id":7491,"date":"2022-11-11T10:05:42","date_gmt":"2022-11-11T10:05:42","guid":{"rendered":"https:\/\/mabuko.co.mz\/?post_type=product&#038;p=7491"},"modified":"2023-01-11T13:53:04","modified_gmt":"2023-01-11T13:53:04","slug":"noite-de-estrelas-sonhos-inquietos","status":"publish","type":"product","link":"https:\/\/mabuko.co.mz\/site\/?product=noite-de-estrelas-sonhos-inquietos","title":{"rendered":"NOITE DE ESTRELAS, SONHOS INQUIETOS"},"content":{"rendered":"<p>Henn Kim<\/p>\n<p>9789892352497<\/p>\n","protected":false},"excerpt":{"rendered":"<p><strong>SINOPSE<\/strong><\/p>\n<p>quem \u00e9s tu, quando est\u00e1s s\u00f3?<\/p>\n<p>Algumas emo\u00e7\u00f5es n\u00e3o cabem em palavras. Como a solid\u00e3o,<br \/>\na tristeza, a saudade, o amor. Algumas imagens contam hist\u00f3rias, escavam fundo no cora\u00e7\u00e3o, ilustram tudo o que n\u00e3o conseguimos exprimir.<\/p>\n<p>quem me dera fazer parte do teu mundo<\/p>\n<p>Para a artista coreana Henn Kim, a escrita nunca foi suficiente. Por isso criou este livro, feito de imagens com legendas sobre o trauma, a perda, encontros e separa\u00e7\u00f5es. N\u00e3o s\u00e3o poemas. \u00c9 poesia visual.<\/p>\n<p>&#8220;Uma combina\u00e7\u00e3o intoxicante de realismo e surrealismo.&#8221;<\/p>\n","protected":false},"featured_media":7493,"template":"","meta":{"_monsterinsights_skip_tracking":false,"_monsterinsights_sitenote_active":false,"_monsterinsights_sitenote_note":"","_monsterinsights_sitenote_category":0},"product_cat":[170],"product_tag":[],"class_list":{"0":"post-7491","1":"product","2":"type-product","3":"status-publish","4":"has-post-thumbnail","6":"product_cat-poesia","7":"pa_book-author-henn-kim","9":"first","10":"outofstock","11":"shipping-taxable","12":"purchasable","13":"product-type-simple"},"_links":{"self":[{"href":"https:\/\/mabuko.co.mz\/site\/index.php?rest_route=\/wp\/v2\/product\/7491","targetHints":{"allow":["GET"]}}],"collection":[{"href":"https:\/\/mabuko.co.mz\/site\/index.php?rest_route=\/wp\/v2\/product"}],"about":[{"href":"https:\/\/mabuko.co.mz\/site\/index.php?rest_route=\/wp\/v2\/types\/product"}],"wp:featuredmedia":[{"embeddable":true,"href":"https:\/\/mabuko.co.mz\/site\/index.php?rest_route=\/wp\/v2\/media\/7493"}],"wp:attachment":[{"href":"https:\/\/mabuko.co.mz\/site\/index.php?rest_route=%2Fwp%2Fv2%2Fmedia&parent=7491"}],"wp:term":[{"taxonomy":"product_cat","embeddable":true,"href":"https:\/\/mabuko.co.mz\/site\/index.php?rest_route=%2Fwp%2Fv2%2Fproduct_cat&post=7491"},{"taxonomy":"product_tag","embeddable":true,"href":"https:\/\/mabuko.co.mz\/site\/index.php?rest_route=%2Fwp%2Fv2%2Fproduct_tag&post=7491"}],"curies":[{"name":"wp","href":"https:\/\/api.w.org\/{rel}","templated":true}]}}