{"id":7488,"date":"2022-11-11T09:58:14","date_gmt":"2022-11-11T09:58:14","guid":{"rendered":"https:\/\/mabuko.co.mz\/?post_type=product&#038;p=7488"},"modified":"2023-01-11T13:53:35","modified_gmt":"2023-01-11T13:53:35","slug":"a-arte-da-guerra-2","status":"publish","type":"product","link":"https:\/\/mabuko.co.mz\/site\/?product=a-arte-da-guerra-2","title":{"rendered":"A ARTE DA GUERRA"},"content":{"rendered":"<p>Sun Tzu<\/p>\n<p>9789897401633<\/p>\n","protected":false},"excerpt":{"rendered":"<p><strong>SINOPSE<\/strong><\/p>\n<p>A Arte da Guerra \u00e9, por certo, o mais famoso tratado sobre estrat\u00e9gia alguma vez escrito. Por\u00e9m, muito mais do que ter inspirado grandes mestres guerreiros, como os samurais japoneses, ou g\u00e9nios militares, como Napole\u00e3o Bonaparte, \u00e9 a refer\u00eancia essencial para todos os que desejam atingir o sucesso nos neg\u00f3cios, na carreira e na vida.<br \/>\nEsta nova tradu\u00e7\u00e3o, do original chin\u00eas para a l\u00edngua portuguesa, oferece ao leitor uma forma renovada de ler A Arte da Guerra, sem as reinterpreta\u00e7\u00f5es que a descaracterizaram ao longo dos tempos, recuperando uma obra que mant\u00e9m uma incr\u00edvel actualidade e import\u00e2ncia.<\/p>\n","protected":false},"featured_media":7490,"template":"","meta":{"_monsterinsights_skip_tracking":false,"_monsterinsights_sitenote_active":false,"_monsterinsights_sitenote_note":"","_monsterinsights_sitenote_category":0},"product_cat":[102],"product_tag":[],"class_list":{"0":"post-7488","1":"product","2":"type-product","3":"status-publish","4":"has-post-thumbnail","6":"product_cat-livros-tecnicos","7":"pa_book-author-sun-tzu","9":"first","10":"outofstock","11":"shipping-taxable","12":"purchasable","13":"product-type-simple"},"_links":{"self":[{"href":"https:\/\/mabuko.co.mz\/site\/index.php?rest_route=\/wp\/v2\/product\/7488","targetHints":{"allow":["GET"]}}],"collection":[{"href":"https:\/\/mabuko.co.mz\/site\/index.php?rest_route=\/wp\/v2\/product"}],"about":[{"href":"https:\/\/mabuko.co.mz\/site\/index.php?rest_route=\/wp\/v2\/types\/product"}],"wp:featuredmedia":[{"embeddable":true,"href":"https:\/\/mabuko.co.mz\/site\/index.php?rest_route=\/wp\/v2\/media\/7490"}],"wp:attachment":[{"href":"https:\/\/mabuko.co.mz\/site\/index.php?rest_route=%2Fwp%2Fv2%2Fmedia&parent=7488"}],"wp:term":[{"taxonomy":"product_cat","embeddable":true,"href":"https:\/\/mabuko.co.mz\/site\/index.php?rest_route=%2Fwp%2Fv2%2Fproduct_cat&post=7488"},{"taxonomy":"product_tag","embeddable":true,"href":"https:\/\/mabuko.co.mz\/site\/index.php?rest_route=%2Fwp%2Fv2%2Fproduct_tag&post=7488"}],"curies":[{"name":"wp","href":"https:\/\/api.w.org\/{rel}","templated":true}]}}