{"id":7484,"date":"2022-11-11T09:34:56","date_gmt":"2022-11-11T09:34:56","guid":{"rendered":"https:\/\/mabuko.co.mz\/?post_type=product&#038;p=7484"},"modified":"2023-01-11T13:55:02","modified_gmt":"2023-01-11T13:55:02","slug":"a-cor-da-liberdade","status":"publish","type":"product","link":"https:\/\/mabuko.co.mz\/site\/?product=a-cor-da-liberdade","title":{"rendered":"A COR DA LIBERDADE"},"content":{"rendered":"<p>Nelson Mandela<\/p>\n<p>Mandla Langa<\/p>\n<p>9789897543371<\/p>\n","protected":false},"excerpt":{"rendered":"<p><strong>SINOPSE<\/strong><\/p>\n<p>A Cor da Liberdade \u00e9 a hist\u00f3ria dos anos presidenciais de Mandela, recorrendo \u00e0s mem\u00f3rias que ele come\u00e7ou a escrever enquanto se preparava para concluir o seu mandato, mas que n\u00e3o p\u00f4de terminar. Agora, o aclamado escritor sul-africano Mandla Langa concluiu a tarefa, utilizando o rascunho inacabado de Mandela, as notas detalhadas e material arquiv\u00edstico n\u00e3o divulgado. Com um pr\u00f3logo da vi\u00fava de Mandela, Gra\u00e7a Machel, o resultado \u00e9 um relato v\u00edvido e muitas vezes inspirador da presid\u00eancia de Mandela e da cria\u00e7\u00e3o de uma nova democracia.<\/p>\n","protected":false},"featured_media":7516,"template":"","meta":{"_monsterinsights_skip_tracking":false,"_monsterinsights_sitenote_active":false,"_monsterinsights_sitenote_note":"","_monsterinsights_sitenote_category":0},"product_cat":[173],"product_tag":[],"class_list":{"0":"post-7484","1":"product","2":"type-product","3":"status-publish","4":"has-post-thumbnail","6":"product_cat-biografias","7":"pa_book-author-mandla-langa","8":"pa_book-author-nelson-mandela","10":"first","11":"outofstock","12":"shipping-taxable","13":"purchasable","14":"product-type-simple"},"_links":{"self":[{"href":"https:\/\/mabuko.co.mz\/site\/index.php?rest_route=\/wp\/v2\/product\/7484","targetHints":{"allow":["GET"]}}],"collection":[{"href":"https:\/\/mabuko.co.mz\/site\/index.php?rest_route=\/wp\/v2\/product"}],"about":[{"href":"https:\/\/mabuko.co.mz\/site\/index.php?rest_route=\/wp\/v2\/types\/product"}],"wp:featuredmedia":[{"embeddable":true,"href":"https:\/\/mabuko.co.mz\/site\/index.php?rest_route=\/wp\/v2\/media\/7516"}],"wp:attachment":[{"href":"https:\/\/mabuko.co.mz\/site\/index.php?rest_route=%2Fwp%2Fv2%2Fmedia&parent=7484"}],"wp:term":[{"taxonomy":"product_cat","embeddable":true,"href":"https:\/\/mabuko.co.mz\/site\/index.php?rest_route=%2Fwp%2Fv2%2Fproduct_cat&post=7484"},{"taxonomy":"product_tag","embeddable":true,"href":"https:\/\/mabuko.co.mz\/site\/index.php?rest_route=%2Fwp%2Fv2%2Fproduct_tag&post=7484"}],"curies":[{"name":"wp","href":"https:\/\/api.w.org\/{rel}","templated":true}]}}