{"id":7482,"date":"2022-11-11T09:27:35","date_gmt":"2022-11-11T09:27:35","guid":{"rendered":"https:\/\/mabuko.co.mz\/?post_type=product&#038;p=7482"},"modified":"2023-01-11T13:55:33","modified_gmt":"2023-01-11T13:55:33","slug":"juntos-ao-luar","status":"publish","type":"product","link":"https:\/\/mabuko.co.mz\/site\/?product=juntos-ao-luar","title":{"rendered":"JUNTOS AO LUAR"},"content":{"rendered":"<p><strong>\u00a0<\/strong>Nicholas Sparks<\/p>\n<p>9789892341422<\/p>\n","protected":false},"excerpt":{"rendered":"<p><strong>SINOPSE<\/strong><\/p>\n<p>Pode uma vida mudar em apenas duas semanas? John seria capaz de jurar que n\u00e3o. \u00c9 jovem mas sente-se profundamente s\u00f3 e sem rumo. Decidido a encontrar um sentido para a sua exist\u00eancia, alista-se no Ex\u00e9rcito, deixando para tr\u00e1s apenas o pai, com quem tem uma rela\u00e7\u00e3o fria e tensa. Mas tudo muda quando regressa a casa para uma licen\u00e7a de duas semanas e conhece Savannah\u2026<\/p>\n<p>Ela desperta tudo o que h\u00e1 de bom em John. Ambos sabem de imediato que a paix\u00e3o que os une poder\u00e1 ser apenas o in\u00edcio de uma grande hist\u00f3ria de amor. Mas est\u00e3o a viv\u00ea-la a prazo: ap\u00f3s aquelas duas semanas, a licen\u00e7a dele termina e Savannah tem de regressar \u00e0 universidade. Juram reencontrar-se da\u00ed a um ano. Entretanto, trocam cartas de amor e sonham com o futuro. Mas os ataques terroristas de 11 de Setembro 2001 nos Estados Unidos e o in\u00edcio da guerra v\u00e3o p\u00f4r em risco todos os seus planos. Ser\u00e1 o amor deles suficientemente forte para resistir \u00e0 mais dura das provas?<\/p>\n<p>Para Nicholas Sparks, \u00e9 sempre um desafio escrever sobre amores imposs\u00edveis. Em\u00a0<i>Juntos ao Luar<\/i>, f\u00e1-lo com o brilhantismo que lhe \u00e9 caracter\u00edstico.\u00a0<i>Juntos ao Luar<\/i>\u00a0foi j\u00e1 adaptado ao cinema<\/p>\n","protected":false},"featured_media":7483,"template":"","meta":{"_monsterinsights_skip_tracking":false,"_monsterinsights_sitenote_active":false,"_monsterinsights_sitenote_note":"","_monsterinsights_sitenote_category":0},"product_cat":[105],"product_tag":[],"class_list":{"0":"post-7482","1":"product","2":"type-product","3":"status-publish","4":"has-post-thumbnail","6":"product_cat-romance","7":"pa_book-author-nicholas-sparks","9":"first","10":"outofstock","11":"shipping-taxable","12":"purchasable","13":"product-type-simple"},"_links":{"self":[{"href":"https:\/\/mabuko.co.mz\/site\/index.php?rest_route=\/wp\/v2\/product\/7482","targetHints":{"allow":["GET"]}}],"collection":[{"href":"https:\/\/mabuko.co.mz\/site\/index.php?rest_route=\/wp\/v2\/product"}],"about":[{"href":"https:\/\/mabuko.co.mz\/site\/index.php?rest_route=\/wp\/v2\/types\/product"}],"wp:featuredmedia":[{"embeddable":true,"href":"https:\/\/mabuko.co.mz\/site\/index.php?rest_route=\/wp\/v2\/media\/7483"}],"wp:attachment":[{"href":"https:\/\/mabuko.co.mz\/site\/index.php?rest_route=%2Fwp%2Fv2%2Fmedia&parent=7482"}],"wp:term":[{"taxonomy":"product_cat","embeddable":true,"href":"https:\/\/mabuko.co.mz\/site\/index.php?rest_route=%2Fwp%2Fv2%2Fproduct_cat&post=7482"},{"taxonomy":"product_tag","embeddable":true,"href":"https:\/\/mabuko.co.mz\/site\/index.php?rest_route=%2Fwp%2Fv2%2Fproduct_tag&post=7482"}],"curies":[{"name":"wp","href":"https:\/\/api.w.org\/{rel}","templated":true}]}}