{"id":7480,"date":"2022-11-11T09:21:18","date_gmt":"2022-11-11T09:21:18","guid":{"rendered":"https:\/\/mabuko.co.mz\/?post_type=product&#038;p=7480"},"modified":"2023-01-11T13:56:17","modified_gmt":"2023-01-11T13:56:17","slug":"pensar-como-churchill-biografia-inspiradora-de-um-dos-maiores-estadistas-e-estrategas-do-seculo-xx","status":"publish","type":"product","link":"https:\/\/mabuko.co.mz\/site\/?product=pensar-como-churchill-biografia-inspiradora-de-um-dos-maiores-estadistas-e-estrategas-do-seculo-xx","title":{"rendered":"PENSAR COMO CHURCHILL Biografia inspiradora de um dos maiores estadistas e estrategas do S\u00e9culo XX"},"content":{"rendered":"<p>Daniel Smith<\/p>\n<p>9789898491480<\/p>\n","protected":false},"excerpt":{"rendered":"<p>Churchill foi um l\u00edder carism\u00e1tico e inspirador, o melhor orador do seu tempo e uma das figuras mais marcantes do s\u00e9culo XX. Recebeu em 1953 o Pr\u00e9mio Nobel da Literatura.<br \/>\nO que poderemos aprender com a vida deste grande estadista? Winston Churchill \u00e9 uma das grandes figuras da hist\u00f3ria moderna. Foi um pol\u00edtico conservador e estadista brit\u00e2nico, famoso principalmente pela sua atua\u00e7\u00e3o como primeiro-ministro do Reino Unido durante a Segunda Guerra Mundial e por assumir o compromisso de nunca se render. Conduziu o seu pa\u00eds de um dos seus momentos mais dif\u00edceis \u2014 isolado e a enfrentar uma poss\u00edvel invas\u00e3o alem\u00e3 \u2014 aos seus tempos \u00e1ureos, conseguindo proporcionar ao mundo o tempo e o espa\u00e7o necess\u00e1rios para poder finalmente derrotar os ex\u00e9rcitos de Hitler. Pensar como Churchill convida-nos a explorar as capacidades \u00fanicas que Churchill possu\u00eda para lidar com os mais profundos desafios pol\u00edticos do seu tempo. Podemos aprender a pensar como o homem que ganhou a reputa\u00e7\u00e3o de ter sido o maior brit\u00e2nico de todos os tempos, descodificando a personalidade e os pontos de vista de Churchill, de forma a revelar como podemos aplicar os seus m\u00e9todos e p\u00f4-los em pr\u00e1tica em todas as \u00e1reas das nossas vidas.<br \/>\nDEIXE-SE INSPIRAR POR ESTE L\u00cdDER CARISM\u00c1TICO E SIGA OS PASSOS DE UM DOS MAIORES ESTADISTAS E ESTRATEGAS DO S\u00c9CULO XX.<\/p>\n","protected":false},"featured_media":7481,"template":"","meta":{"_monsterinsights_skip_tracking":false,"_monsterinsights_sitenote_active":false,"_monsterinsights_sitenote_note":"","_monsterinsights_sitenote_category":0},"product_cat":[173],"product_tag":[],"class_list":{"0":"post-7480","1":"product","2":"type-product","3":"status-publish","4":"has-post-thumbnail","6":"product_cat-biografias","7":"pa_book-author-daniel-smith","9":"first","10":"outofstock","11":"shipping-taxable","12":"purchasable","13":"product-type-simple"},"_links":{"self":[{"href":"https:\/\/mabuko.co.mz\/site\/index.php?rest_route=\/wp\/v2\/product\/7480","targetHints":{"allow":["GET"]}}],"collection":[{"href":"https:\/\/mabuko.co.mz\/site\/index.php?rest_route=\/wp\/v2\/product"}],"about":[{"href":"https:\/\/mabuko.co.mz\/site\/index.php?rest_route=\/wp\/v2\/types\/product"}],"wp:featuredmedia":[{"embeddable":true,"href":"https:\/\/mabuko.co.mz\/site\/index.php?rest_route=\/wp\/v2\/media\/7481"}],"wp:attachment":[{"href":"https:\/\/mabuko.co.mz\/site\/index.php?rest_route=%2Fwp%2Fv2%2Fmedia&parent=7480"}],"wp:term":[{"taxonomy":"product_cat","embeddable":true,"href":"https:\/\/mabuko.co.mz\/site\/index.php?rest_route=%2Fwp%2Fv2%2Fproduct_cat&post=7480"},{"taxonomy":"product_tag","embeddable":true,"href":"https:\/\/mabuko.co.mz\/site\/index.php?rest_route=%2Fwp%2Fv2%2Fproduct_tag&post=7480"}],"curies":[{"name":"wp","href":"https:\/\/api.w.org\/{rel}","templated":true}]}}