{"id":7478,"date":"2022-11-11T09:02:06","date_gmt":"2022-11-11T09:02:06","guid":{"rendered":"https:\/\/mabuko.co.mz\/?post_type=product&#038;p=7478"},"modified":"2024-08-22T10:18:38","modified_gmt":"2024-08-22T10:18:38","slug":"a-divina-comedia","status":"publish","type":"product","link":"https:\/\/mabuko.co.mz\/site\/?product=a-divina-comedia","title":{"rendered":"A DIVINA COM\u00c9DIA"},"content":{"rendered":"<p>Dante Alighieri<\/p>\n<p>9789725649428<\/p>\n","protected":false},"excerpt":{"rendered":"<p><strong>SINOPSE<\/strong><\/p>\n<p>Longo poema \u00e9pico e teol\u00f3gico,\u00a0<i>A Divina Com\u00e9dia<\/i>\u00a0divide-se em tr\u00eas partes: o Inferno, o Purgat\u00f3rio e o Para\u00edso. N\u00e3o h\u00e1 uma data\u00e7\u00e3o exacta da obra, mas presume-se que tenha sido escrita entre 1304 e 1321, ano da morte de Dante.<br \/>\n<i>A Divina Com\u00e9dia<\/i>\u00a0foi escrita em l\u00edngua toscana &#8211; muito pr\u00f3xima do que hoje se designa por italiano &#8211; num registo vulgar, portanto, por oposi\u00e7\u00e3o ao uso generalizado do latim na escrita erudita. Assim se tornou a obra fundadora da l\u00edngua italiana moderna.<br \/>\nEm Portugal <i>A Divina Com\u00e9dia<\/i>\u00a0chegou a um universo de leitores alargado atrav\u00e9s da inexced\u00edvel tradu\u00e7\u00e3o de Vasco Gra\u00e7a Moura. Com mais de seis edi\u00e7\u00f5es desde a sua primeira publica\u00e7\u00e3o,\u00a0<i>A Divina Com\u00e9dia<\/i>\u00a0conheceu em Portugal um sucesso e uma popularidade extraordin\u00e1rios.<br \/>\nObra integral.<\/p>\n","protected":false},"featured_media":7479,"template":"","meta":{"_monsterinsights_skip_tracking":false,"_monsterinsights_sitenote_active":false,"_monsterinsights_sitenote_note":"","_monsterinsights_sitenote_category":0},"product_cat":[103],"product_tag":[],"class_list":{"0":"post-7478","1":"product","2":"type-product","3":"status-publish","4":"has-post-thumbnail","6":"product_cat-literatura","7":"pa_book-author-dante-alighieri","9":"first","10":"instock","11":"shipping-taxable","12":"purchasable","13":"product-type-simple"},"_links":{"self":[{"href":"https:\/\/mabuko.co.mz\/site\/index.php?rest_route=\/wp\/v2\/product\/7478","targetHints":{"allow":["GET"]}}],"collection":[{"href":"https:\/\/mabuko.co.mz\/site\/index.php?rest_route=\/wp\/v2\/product"}],"about":[{"href":"https:\/\/mabuko.co.mz\/site\/index.php?rest_route=\/wp\/v2\/types\/product"}],"wp:featuredmedia":[{"embeddable":true,"href":"https:\/\/mabuko.co.mz\/site\/index.php?rest_route=\/wp\/v2\/media\/7479"}],"wp:attachment":[{"href":"https:\/\/mabuko.co.mz\/site\/index.php?rest_route=%2Fwp%2Fv2%2Fmedia&parent=7478"}],"wp:term":[{"taxonomy":"product_cat","embeddable":true,"href":"https:\/\/mabuko.co.mz\/site\/index.php?rest_route=%2Fwp%2Fv2%2Fproduct_cat&post=7478"},{"taxonomy":"product_tag","embeddable":true,"href":"https:\/\/mabuko.co.mz\/site\/index.php?rest_route=%2Fwp%2Fv2%2Fproduct_tag&post=7478"}],"curies":[{"name":"wp","href":"https:\/\/api.w.org\/{rel}","templated":true}]}}