{"id":7475,"date":"2022-11-11T08:57:44","date_gmt":"2022-11-11T08:57:44","guid":{"rendered":"https:\/\/mabuko.co.mz\/?post_type=product&#038;p=7475"},"modified":"2023-01-11T13:57:32","modified_gmt":"2023-01-11T13:57:32","slug":"1984","status":"publish","type":"product","link":"https:\/\/mabuko.co.mz\/site\/?product=1984","title":{"rendered":"1984"},"content":{"rendered":"<p>George Orwell<\/p>\n<p>9789722071550<\/p>\n","protected":false},"excerpt":{"rendered":"<p><strong>SINOPSE<\/strong><\/p>\n<p>Winston Smith \u00e9 um membro do Partido.<br \/>\nTrabalha no Minist\u00e9rio da Verdade, onde passa os dias mecanicamente a reescrever a hist\u00f3ria, de modo a ajust\u00e1-la \u00e0s necessidades do governo. A cada dia que passa, a cada nova mentira, cresce nele uma revolta surda.<\/p>\n<p>Num mundo em guerra constante, sob a vigil\u00e2ncia omnipresente das c\u00e2maras e dos Pol\u00edcias do Pensamento, Winston \u00e9 um homem profundamente s\u00f3, preso a uma organiza\u00e7\u00e3o burocr\u00e1tica infernal. At\u00e9 ao dia em que a quase desconhecida Julia lhe passa sorrateiramente um bilhete para a m\u00e3o. E nesse dia a ideia de rebeli\u00e3o contra o sistema come\u00e7a a ganhar forma.<\/p>\n<p><i>1984<\/i>\u00a0\u00e9 talvez a mais arrepiante e realista vis\u00e3o que a fic\u00e7\u00e3o nos deu acerca dos regimes totalit\u00e1rios. Obra especulativa, projeta no futuro uma sociedade dist\u00f3pica e disfuncional, onde impera o Grande Irm\u00e3o (ele pr\u00f3prio uma fic\u00e7\u00e3o dentro da fic\u00e7\u00e3o). A hipervigil\u00e2ncia a que s\u00e3o submetidas as personagens, o sentimento prevalecente de paranoia e a autocensura servem aqui para profetizar a ditadura perfeita, onde nem a liberdade de pensamento sobrevive.<\/p>\n<p>Cl\u00e1ssico absoluto, que o tempo tem vindo a refinar, ganha ano ap\u00f3s ano uma nova atualidade &#8211; porque as formas de totalitarismo evoluem, mas o seu objetivo \u00faltimo n\u00e3o: a aboli\u00e7\u00e3o da mem\u00f3ria e do julgamento cr\u00edtico.<\/p>\n","protected":false},"featured_media":7477,"template":"","meta":{"_monsterinsights_skip_tracking":false,"_monsterinsights_sitenote_active":false,"_monsterinsights_sitenote_note":"","_monsterinsights_sitenote_category":0},"product_cat":[105],"product_tag":[],"class_list":{"0":"post-7475","1":"product","2":"type-product","3":"status-publish","4":"has-post-thumbnail","6":"product_cat-romance","7":"pa_book-author-george-orwell","9":"first","10":"outofstock","11":"shipping-taxable","12":"purchasable","13":"product-type-simple"},"_links":{"self":[{"href":"https:\/\/mabuko.co.mz\/site\/index.php?rest_route=\/wp\/v2\/product\/7475","targetHints":{"allow":["GET"]}}],"collection":[{"href":"https:\/\/mabuko.co.mz\/site\/index.php?rest_route=\/wp\/v2\/product"}],"about":[{"href":"https:\/\/mabuko.co.mz\/site\/index.php?rest_route=\/wp\/v2\/types\/product"}],"wp:featuredmedia":[{"embeddable":true,"href":"https:\/\/mabuko.co.mz\/site\/index.php?rest_route=\/wp\/v2\/media\/7477"}],"wp:attachment":[{"href":"https:\/\/mabuko.co.mz\/site\/index.php?rest_route=%2Fwp%2Fv2%2Fmedia&parent=7475"}],"wp:term":[{"taxonomy":"product_cat","embeddable":true,"href":"https:\/\/mabuko.co.mz\/site\/index.php?rest_route=%2Fwp%2Fv2%2Fproduct_cat&post=7475"},{"taxonomy":"product_tag","embeddable":true,"href":"https:\/\/mabuko.co.mz\/site\/index.php?rest_route=%2Fwp%2Fv2%2Fproduct_tag&post=7475"}],"curies":[{"name":"wp","href":"https:\/\/api.w.org\/{rel}","templated":true}]}}