{"id":7473,"date":"2022-11-11T08:51:49","date_gmt":"2022-11-11T08:51:49","guid":{"rendered":"https:\/\/mabuko.co.mz\/?post_type=product&#038;p=7473"},"modified":"2023-01-11T13:58:03","modified_gmt":"2023-01-11T13:58:03","slug":"americanah","status":"publish","type":"product","link":"https:\/\/mabuko.co.mz\/site\/?product=americanah","title":{"rendered":"AMERICANAH"},"content":{"rendered":"<p>Chimamanda Ngozi Adichie<\/p>\n<p>9789722052801<\/p>\n","protected":false},"excerpt":{"rendered":"<p><strong>SINOPSE<\/strong><\/p>\n<p>Ainda adolescentes, Ifemelu e Obinze apaixonam-se. A Nig\u00e9ria vive dias sombrios sob o jugo de uma ditadura militar e quem pode abandonar o pa\u00eds f\u00e1-lo rapidamente.<br \/>\nIfemelu, bela e ousada, vai estudar para os Estados Unidos. Para tr\u00e1s, deixa o pa\u00eds, a fam\u00edlia e Obinze, a quem chama Teto, um nome que testemunha uma intimidade absoluta e irrepet\u00edvel.<br \/>\nObinze, introvertido e meigo, planeava juntar-se-lhe, mas a Am\u00e9rica do p\u00f3s-11 de setembro fecha-lhe as portas. Sem nada a perder, ele arrisca uma vida como imigrante ilegal em Londres.<br \/>\nAnos mais tarde, na rec\u00e9m-formada democracia nigeriana, Obinze \u00e9 um homem rico e poderoso. Nos Estados Unidos, Ifemelu tamb\u00e9m vingou: \u00e9 autora de um blogue de culto. Mas h\u00e1 algo que nem a Am\u00e9rica nem o tempo conseguem apagar. E quando decide regressar \u00e0 Nig\u00e9ria, Ifemelu ter\u00e1 de reinventar uma linguagem comum com Obinze e encontrar o seu lugar num pa\u00eds muito diferente do que guardou na mem\u00f3ria.<br \/>\nNome maior da literatura contempor\u00e2nea, Chimamanda Ngozi Adichie disseca conceitos fundamentais tais como identidade, nacionalidade, ra\u00e7a, diferen\u00e7a, solid\u00e3o e amor. Americanah parte de uma hist\u00f3ria de amor para construir um romance de ideias t\u00e3o universal quanto implac\u00e1vel. Uma incontestada obra-prima.<\/p>\n","protected":false},"featured_media":7474,"template":"","meta":{"_monsterinsights_skip_tracking":false,"_monsterinsights_sitenote_active":false,"_monsterinsights_sitenote_note":"","_monsterinsights_sitenote_category":0},"product_cat":[105],"product_tag":[],"class_list":{"0":"post-7473","1":"product","2":"type-product","3":"status-publish","4":"has-post-thumbnail","6":"product_cat-romance","7":"pa_book-author-chimamanda-ngozi-adichie","9":"first","10":"outofstock","11":"shipping-taxable","12":"purchasable","13":"product-type-simple"},"_links":{"self":[{"href":"https:\/\/mabuko.co.mz\/site\/index.php?rest_route=\/wp\/v2\/product\/7473","targetHints":{"allow":["GET"]}}],"collection":[{"href":"https:\/\/mabuko.co.mz\/site\/index.php?rest_route=\/wp\/v2\/product"}],"about":[{"href":"https:\/\/mabuko.co.mz\/site\/index.php?rest_route=\/wp\/v2\/types\/product"}],"wp:featuredmedia":[{"embeddable":true,"href":"https:\/\/mabuko.co.mz\/site\/index.php?rest_route=\/wp\/v2\/media\/7474"}],"wp:attachment":[{"href":"https:\/\/mabuko.co.mz\/site\/index.php?rest_route=%2Fwp%2Fv2%2Fmedia&parent=7473"}],"wp:term":[{"taxonomy":"product_cat","embeddable":true,"href":"https:\/\/mabuko.co.mz\/site\/index.php?rest_route=%2Fwp%2Fv2%2Fproduct_cat&post=7473"},{"taxonomy":"product_tag","embeddable":true,"href":"https:\/\/mabuko.co.mz\/site\/index.php?rest_route=%2Fwp%2Fv2%2Fproduct_tag&post=7473"}],"curies":[{"name":"wp","href":"https:\/\/api.w.org\/{rel}","templated":true}]}}