{"id":7471,"date":"2022-11-11T08:46:09","date_gmt":"2022-11-11T08:46:09","guid":{"rendered":"https:\/\/mabuko.co.mz\/?post_type=product&#038;p=7471"},"modified":"2023-01-11T13:59:09","modified_gmt":"2023-01-11T13:59:09","slug":"o-quarteto-de-alexandria","status":"publish","type":"product","link":"https:\/\/mabuko.co.mz\/site\/?product=o-quarteto-de-alexandria","title":{"rendered":"O QUARTETO DE ALEXANDRIA"},"content":{"rendered":"<p>Lawrence Durrell<\/p>\n<p>9789722051101<\/p>\n","protected":false},"excerpt":{"rendered":"<p><strong>SINOPSE<\/strong><\/p>\n<p>Pela primeira vez em Portugal, a edi\u00e7\u00e3o reunida e revista pelo autor, em 1962, dos quatro livros que comp\u00f5em O Quarteto de Alexandria &#8211; Justine, Balthazar, Mountolive e Clea. Os quatro romances exploram a sociedade daquela cidade poliglota e cosmopolita, repleta de intrigas, mist\u00e9rio e sensualidade, retomando genericamente uma mesma hist\u00f3ria sob diferentes pontos de vista, acrescentando e refazendo pormenores e situa\u00e7\u00f5es. Justine, o primeiro livro da tetralogia, centra-se na bela esposa judia de Nessim, um poderoso banqueiro copta, narrando, do ponto de vista de um jovem aspirante a escritor, os encontros e desencontros de um grupo de amigos que se conhecem na cidade de Alexandria no per\u00edodo anterior \u00e0 Segunda Guerra Mundial. Darley, o narrador, envolve-se com duas mulheres &#8211; a misteriosa Justine e a fr\u00e1gil Melissa. A partir desta complexa rela\u00e7\u00e3o, nasce uma trama carregada de erotismo e subtilezas. Em Balthazar o narrador, isolado numa ilha onde vive com a pequena filha de Melissa, recebe a inesperada visita de Balthazar, que lhe entrega o manuscrito de Justine. Relendo o seu pr\u00f3prio texto e os coment\u00e1rios do amigo, Darley revive o seu envolvimento com as mulheres do seu passado e toma conhecimento de novos factos. Em Mountolive, o terceiro livro de O Quarteto de Alexandria, o autor apresenta os acontecimentos narrados em Justine e Balthazar sob uma nova perspetiva. A guerra faz a sua apari\u00e7\u00e3o e a trama gira agora em torno do embaixador brit\u00e2nico, David Mountolive, tendo como ponto de partida as recorda\u00e7\u00f5es da sua paix\u00e3o por Leila, a m\u00e3e de Nessim. Darley regressa a Alexandria a pedido de Nessim, levando a menina para que o pai e Justine a conhe\u00e7am. O regresso do escritor \u00e9 o fio condutor de Clea, o \u00faltimo volume desta s\u00e9rie exuberante e sensual que \u00e9 considerada uma obra-prima da literatura.<\/p>\n","protected":false},"featured_media":7472,"template":"","meta":{"_monsterinsights_skip_tracking":false,"_monsterinsights_sitenote_active":false,"_monsterinsights_sitenote_note":"","_monsterinsights_sitenote_category":0},"product_cat":[105],"product_tag":[],"class_list":{"0":"post-7471","1":"product","2":"type-product","3":"status-publish","4":"has-post-thumbnail","6":"product_cat-romance","7":"pa_book-author-lawrence-durrell","9":"first","10":"outofstock","11":"shipping-taxable","12":"purchasable","13":"product-type-simple"},"_links":{"self":[{"href":"https:\/\/mabuko.co.mz\/site\/index.php?rest_route=\/wp\/v2\/product\/7471","targetHints":{"allow":["GET"]}}],"collection":[{"href":"https:\/\/mabuko.co.mz\/site\/index.php?rest_route=\/wp\/v2\/product"}],"about":[{"href":"https:\/\/mabuko.co.mz\/site\/index.php?rest_route=\/wp\/v2\/types\/product"}],"wp:featuredmedia":[{"embeddable":true,"href":"https:\/\/mabuko.co.mz\/site\/index.php?rest_route=\/wp\/v2\/media\/7472"}],"wp:attachment":[{"href":"https:\/\/mabuko.co.mz\/site\/index.php?rest_route=%2Fwp%2Fv2%2Fmedia&parent=7471"}],"wp:term":[{"taxonomy":"product_cat","embeddable":true,"href":"https:\/\/mabuko.co.mz\/site\/index.php?rest_route=%2Fwp%2Fv2%2Fproduct_cat&post=7471"},{"taxonomy":"product_tag","embeddable":true,"href":"https:\/\/mabuko.co.mz\/site\/index.php?rest_route=%2Fwp%2Fv2%2Fproduct_tag&post=7471"}],"curies":[{"name":"wp","href":"https:\/\/api.w.org\/{rel}","templated":true}]}}