{"id":7469,"date":"2022-11-11T08:39:11","date_gmt":"2022-11-11T08:39:11","guid":{"rendered":"https:\/\/mabuko.co.mz\/?post_type=product&#038;p=7469"},"modified":"2023-01-11T13:59:53","modified_gmt":"2023-01-11T13:59:53","slug":"mulheres-que-compram-flores","status":"publish","type":"product","link":"https:\/\/mabuko.co.mz\/site\/?product=mulheres-que-compram-flores","title":{"rendered":"MULHERES QUE COMPRAM FLORES"},"content":{"rendered":"<p>Vanessa Montfort<\/p>\n<p>9789720033017<\/p>\n","protected":false},"excerpt":{"rendered":"<p><strong>SINOPSE<\/strong><\/p>\n<p>Num bairro pequeno e central da cidade, h\u00e1 cinco mulheres que compram flores. A princ\u00edpio, nenhuma o faz para si pr\u00f3pria: uma compra-as para um amor secreto, outra para o seu escrit\u00f3rio, a terceira para as pintar, uma outra para os seus clientes, e a \u00faltima&#8230; para um homem morto. \u00abA \u00faltima sou eu e esta \u00e9 a minha hist\u00f3ria.\u00bb<\/p>\n<p>Ap\u00f3s a perda do seu companheiro, Marina percebe que est\u00e1 totalmente perdida: durante demasiado tempo, ocupou um lugar secund\u00e1rio na sua pr\u00f3pria exist\u00eancia. Procurando come\u00e7ar do zero, aceita um trabalho tempor\u00e1rio numa curiosa florista chamada \u00abO Jardim do Anjo\u00bb. L\u00e1, encontrar\u00e1 outras mulheres, todas muito diferentes entre si, mas que, como ela, est\u00e3o numa encruzilhada vital no que diz respeito ao trabalho, aos amores, aos desejos ou \u00e0 fam\u00edlia. Do relacionamento entre elas e Olivia, a exc\u00eantrica e s\u00e1bia dona da florista, despontar\u00e1 uma amizade \u00edntima da qual depende o novo rumo que as suas vidas tomar\u00e3o.<\/p>\n<p>Viciante, divertido, rom\u00e2ntico e honesto, Mulheres que compram flores \u00e9 um comovente romance sobre amizade e independ\u00eancia feminina, numa viagem \u00e9pica rumo ao centro dos sonhos da mulher contempor\u00e2nea.<\/p>\n","protected":false},"featured_media":7470,"template":"","meta":{"_monsterinsights_skip_tracking":false,"_monsterinsights_sitenote_active":false,"_monsterinsights_sitenote_note":"","_monsterinsights_sitenote_category":0},"product_cat":[103],"product_tag":[],"class_list":{"0":"post-7469","1":"product","2":"type-product","3":"status-publish","4":"has-post-thumbnail","6":"product_cat-literatura","7":"pa_book-author-vanessa-montfort","9":"first","10":"outofstock","11":"shipping-taxable","12":"purchasable","13":"product-type-simple"},"_links":{"self":[{"href":"https:\/\/mabuko.co.mz\/site\/index.php?rest_route=\/wp\/v2\/product\/7469","targetHints":{"allow":["GET"]}}],"collection":[{"href":"https:\/\/mabuko.co.mz\/site\/index.php?rest_route=\/wp\/v2\/product"}],"about":[{"href":"https:\/\/mabuko.co.mz\/site\/index.php?rest_route=\/wp\/v2\/types\/product"}],"wp:featuredmedia":[{"embeddable":true,"href":"https:\/\/mabuko.co.mz\/site\/index.php?rest_route=\/wp\/v2\/media\/7470"}],"wp:attachment":[{"href":"https:\/\/mabuko.co.mz\/site\/index.php?rest_route=%2Fwp%2Fv2%2Fmedia&parent=7469"}],"wp:term":[{"taxonomy":"product_cat","embeddable":true,"href":"https:\/\/mabuko.co.mz\/site\/index.php?rest_route=%2Fwp%2Fv2%2Fproduct_cat&post=7469"},{"taxonomy":"product_tag","embeddable":true,"href":"https:\/\/mabuko.co.mz\/site\/index.php?rest_route=%2Fwp%2Fv2%2Fproduct_tag&post=7469"}],"curies":[{"name":"wp","href":"https:\/\/api.w.org\/{rel}","templated":true}]}}