{"id":7467,"date":"2022-11-11T08:32:52","date_gmt":"2022-11-11T08:32:52","guid":{"rendered":"https:\/\/mabuko.co.mz\/?post_type=product&#038;p=7467"},"modified":"2023-01-11T14:01:09","modified_gmt":"2023-01-11T14:01:09","slug":"a-sangue-frio","status":"publish","type":"product","link":"https:\/\/mabuko.co.mz\/site\/?product=a-sangue-frio","title":{"rendered":"A SANGUE FRIO"},"content":{"rendered":"<p>Fernando Esteves<\/p>\n<p>9789897690402<\/p>\n","protected":false},"excerpt":{"rendered":"<p><strong>SINOPSE<\/strong><\/p>\n<p>Este livro \u00e9 um contributo indispens\u00e1vel para responder \u00e0 quest\u00e3o que mais divide a sociedade portuguesa: como \u00e9 que S\u00f3crates se tornou a face mais vis\u00edvel da promiscuidade entre o poder pol\u00edtico e econ\u00f3mico em Portugal?<br \/>\n&#8211; Factos in\u00e9ditos;<br \/>\n&#8211; Declara\u00e7\u00f5es chocantes;<br \/>\n&#8211; Protagonistas poderosos;<br \/>\n&#8211; Justi\u00e7a implac\u00e1vel.<br \/>\nConhe\u00e7a, em detalhe, as pontas soltas desta investiga\u00e7\u00e3o, os interrogat\u00f3rios decisivos, as escutas fatais e veja como algumas das figuras mais intoc\u00e1veis deste pa\u00eds foram expostas.<\/p>\n","protected":false},"featured_media":7468,"template":"","meta":{"_monsterinsights_skip_tracking":false,"_monsterinsights_sitenote_active":false,"_monsterinsights_sitenote_note":"","_monsterinsights_sitenote_category":0},"product_cat":[103],"product_tag":[],"class_list":{"0":"post-7467","1":"product","2":"type-product","3":"status-publish","4":"has-post-thumbnail","6":"product_cat-literatura","7":"pa_book-author-fernando-esteves","9":"first","10":"outofstock","11":"shipping-taxable","12":"purchasable","13":"product-type-simple"},"_links":{"self":[{"href":"https:\/\/mabuko.co.mz\/site\/index.php?rest_route=\/wp\/v2\/product\/7467","targetHints":{"allow":["GET"]}}],"collection":[{"href":"https:\/\/mabuko.co.mz\/site\/index.php?rest_route=\/wp\/v2\/product"}],"about":[{"href":"https:\/\/mabuko.co.mz\/site\/index.php?rest_route=\/wp\/v2\/types\/product"}],"wp:featuredmedia":[{"embeddable":true,"href":"https:\/\/mabuko.co.mz\/site\/index.php?rest_route=\/wp\/v2\/media\/7468"}],"wp:attachment":[{"href":"https:\/\/mabuko.co.mz\/site\/index.php?rest_route=%2Fwp%2Fv2%2Fmedia&parent=7467"}],"wp:term":[{"taxonomy":"product_cat","embeddable":true,"href":"https:\/\/mabuko.co.mz\/site\/index.php?rest_route=%2Fwp%2Fv2%2Fproduct_cat&post=7467"},{"taxonomy":"product_tag","embeddable":true,"href":"https:\/\/mabuko.co.mz\/site\/index.php?rest_route=%2Fwp%2Fv2%2Fproduct_tag&post=7467"}],"curies":[{"name":"wp","href":"https:\/\/api.w.org\/{rel}","templated":true}]}}