{"id":7465,"date":"2022-11-11T08:25:18","date_gmt":"2022-11-11T08:25:18","guid":{"rendered":"https:\/\/mabuko.co.mz\/?post_type=product&#038;p=7465"},"modified":"2023-01-11T14:01:52","modified_gmt":"2023-01-11T14:01:52","slug":"o-boneco-de-neve","status":"publish","type":"product","link":"https:\/\/mabuko.co.mz\/site\/?product=o-boneco-de-neve","title":{"rendered":"O BONECO DE NEVE"},"content":{"rendered":"<p>Jo Nesb\u00f8<\/p>\n<p>9789722053594<\/p>\n","protected":false},"excerpt":{"rendered":"<p><strong>SINOPSE<\/strong><\/p>\n<p>Noite escura. L\u00e1 fora come\u00e7a a nevar. A primeira neve do ano.<br \/>\nNo conforto da sua casa, Jonas acorda a meio da noite, chama pela m\u00e3e, mas o \u00fanico rasto que encontra s\u00e3o as pegadas h\u00famidas no ch\u00e3o das escadas. No jardim, a mesma figura solit\u00e1ria que vira durante o dia: o boneco de neve, agora banhado pelo luar, com os olhos negros fixos na janela do quarto. E no pesco\u00e7o um agasalho: o cachecol cor de rosa que oferecera \u00e0 m\u00e3e. Encarregado da investiga\u00e7\u00e3o, o Inspetor Harry Hole est\u00e1 convencido de que existe uma liga\u00e7\u00e3o entre o estranho desaparecimento da m\u00e3e de Jonas e uma carta amea\u00e7adora que recebeu alguns meses antes.<br \/>\nQuando Harry e a sua equipa come\u00e7am a analisar antigos casos por resolver, descobrem que, ao longo dos anos, no primeiro dia em que nevou, desapareceu um n\u00famero alarmante de mulheres, com uma caracter\u00edstica comum: eram todas casadas com filhos. E quando se v\u00ea confrontado com outro caso com as mesmas caracter\u00edsticas, as suspeitas de Harry confirmam-se: n\u00e3o passa de um mero pe\u00e3o num jogo mort\u00edfero. Pela frente tem o primeiro assassino em s\u00e9rie da Noruega, um assassino t\u00e3o inteligente, que quase o leva \u00e0 loucura.<\/p>\n","protected":false},"featured_media":7466,"template":"","meta":{"_monsterinsights_skip_tracking":false,"_monsterinsights_sitenote_active":false,"_monsterinsights_sitenote_note":"","_monsterinsights_sitenote_category":0},"product_cat":[103],"product_tag":[],"class_list":{"0":"post-7465","1":"product","2":"type-product","3":"status-publish","4":"has-post-thumbnail","6":"product_cat-literatura","7":"pa_book-author-jo-nesbo","9":"first","10":"outofstock","11":"shipping-taxable","12":"purchasable","13":"product-type-simple"},"_links":{"self":[{"href":"https:\/\/mabuko.co.mz\/site\/index.php?rest_route=\/wp\/v2\/product\/7465","targetHints":{"allow":["GET"]}}],"collection":[{"href":"https:\/\/mabuko.co.mz\/site\/index.php?rest_route=\/wp\/v2\/product"}],"about":[{"href":"https:\/\/mabuko.co.mz\/site\/index.php?rest_route=\/wp\/v2\/types\/product"}],"wp:featuredmedia":[{"embeddable":true,"href":"https:\/\/mabuko.co.mz\/site\/index.php?rest_route=\/wp\/v2\/media\/7466"}],"wp:attachment":[{"href":"https:\/\/mabuko.co.mz\/site\/index.php?rest_route=%2Fwp%2Fv2%2Fmedia&parent=7465"}],"wp:term":[{"taxonomy":"product_cat","embeddable":true,"href":"https:\/\/mabuko.co.mz\/site\/index.php?rest_route=%2Fwp%2Fv2%2Fproduct_cat&post=7465"},{"taxonomy":"product_tag","embeddable":true,"href":"https:\/\/mabuko.co.mz\/site\/index.php?rest_route=%2Fwp%2Fv2%2Fproduct_tag&post=7465"}],"curies":[{"name":"wp","href":"https:\/\/api.w.org\/{rel}","templated":true}]}}