{"id":7462,"date":"2022-11-11T08:17:39","date_gmt":"2022-11-11T08:17:39","guid":{"rendered":"https:\/\/mabuko.co.mz\/?post_type=product&#038;p=7462"},"modified":"2023-01-11T14:02:31","modified_gmt":"2023-01-11T14:02:31","slug":"a-desordem-natural-das-coisas","status":"publish","type":"product","link":"https:\/\/mabuko.co.mz\/site\/?product=a-desordem-natural-das-coisas","title":{"rendered":"A DESORDEM NATURAL DAS COISAS"},"content":{"rendered":"<p>Margarida Rebelo Pinto<\/p>\n<p>9789897245053<\/p>\n","protected":false},"excerpt":{"rendered":"<p><strong>SINOPSE<\/strong><\/p>\n<p>S\u00f3 o presente interessa, mesmo quando ainda n\u00e3o acert\u00e1mos contas com o passado<br \/>\nO que \u00e9 preciso para consertar um cora\u00e7\u00e3o partido? Tempo, sil\u00eancio e um novo amor. Tempo para apagar o passado, sil\u00eancio para nunca mais voltar atr\u00e1s e um novo amor para nos trazer a luz e a paz de um novo dia. Este \u00e9 o caminho solit\u00e1rio de Mafalda, uma mulher que, como tantas outras, vive dividida entre o fantasma de uma paix\u00e3o e a vontade de arriscar de novo.<br \/>\nE \u00e9 tamb\u00e9m a hist\u00f3ria de Rodrigo, que hesita entre fazer aquilo que considera correto e mudar de vida para ficar ao lado da mulher que ama.<br \/>\nE ainda a de Ant\u00f3nio, que destruiu o seu casamento e procura uma segunda oportunidade para se redimir. Uma mulher e dois homens envolvidos num tri\u00e2ngulo amoroso no qual o tempo paralelo tamb\u00e9m corre. Um romance que vai ao fundo do medo e do desejo, sem pudor nem filtro, numa \u00e9poca em que as rela\u00e7\u00f5es s\u00e3o cada vez mais fugazes e inconsequentes.<\/p>\n","protected":false},"featured_media":7464,"template":"","meta":{"_monsterinsights_skip_tracking":false,"_monsterinsights_sitenote_active":false,"_monsterinsights_sitenote_note":"","_monsterinsights_sitenote_category":0},"product_cat":[105],"product_tag":[],"class_list":{"0":"post-7462","1":"product","2":"type-product","3":"status-publish","4":"has-post-thumbnail","6":"product_cat-romance","7":"pa_book-author-margarida-rebelo-pinto","9":"first","10":"outofstock","11":"shipping-taxable","12":"purchasable","13":"product-type-simple"},"_links":{"self":[{"href":"https:\/\/mabuko.co.mz\/site\/index.php?rest_route=\/wp\/v2\/product\/7462","targetHints":{"allow":["GET"]}}],"collection":[{"href":"https:\/\/mabuko.co.mz\/site\/index.php?rest_route=\/wp\/v2\/product"}],"about":[{"href":"https:\/\/mabuko.co.mz\/site\/index.php?rest_route=\/wp\/v2\/types\/product"}],"wp:featuredmedia":[{"embeddable":true,"href":"https:\/\/mabuko.co.mz\/site\/index.php?rest_route=\/wp\/v2\/media\/7464"}],"wp:attachment":[{"href":"https:\/\/mabuko.co.mz\/site\/index.php?rest_route=%2Fwp%2Fv2%2Fmedia&parent=7462"}],"wp:term":[{"taxonomy":"product_cat","embeddable":true,"href":"https:\/\/mabuko.co.mz\/site\/index.php?rest_route=%2Fwp%2Fv2%2Fproduct_cat&post=7462"},{"taxonomy":"product_tag","embeddable":true,"href":"https:\/\/mabuko.co.mz\/site\/index.php?rest_route=%2Fwp%2Fv2%2Fproduct_tag&post=7462"}],"curies":[{"name":"wp","href":"https:\/\/api.w.org\/{rel}","templated":true}]}}