{"id":7458,"date":"2022-11-11T08:02:25","date_gmt":"2022-11-11T08:02:25","guid":{"rendered":"https:\/\/mabuko.co.mz\/?post_type=product&#038;p=7458"},"modified":"2023-01-11T14:05:59","modified_gmt":"2023-01-11T14:05:59","slug":"antes-que-o-cafe-arrefeca","status":"publish","type":"product","link":"https:\/\/mabuko.co.mz\/site\/?product=antes-que-o-cafe-arrefeca","title":{"rendered":"ANTES QUE O CAF\u00c9 ARREFE\u00c7A"},"content":{"rendered":"<p>Toshikazu Kawaguchi<\/p>\n<p>9789722367092<\/p>\n","protected":false},"excerpt":{"rendered":"<p><strong>SINOPSE<\/strong><\/p>\n<p>O que faria se pudesse voltar atr\u00e1s no tempo?<br \/>\nUm romance tocante e inspirador.<br \/>\nUm rumor circula por T\u00f3quio. Escondido num pequeno beco da cidade, dentro de uma cave, h\u00e1 um caf\u00e9 com mais de cem anos. Com uma ch\u00e1vena bem quente, se nos sentarmos no lugar certo, oferecem-nos algo mais: a hip\u00f3tese de voltar ao passado. Em <i>Antes Que o Caf\u00e9 Arrefe\u00e7a<\/i>, acompanhamos as viagens de quatro mulheres que procuram regressar a momentos determinantes das suas vidas para os mudar: falar com o namorado que partiu, ler a carta do marido com Alzheimer, ver a irm\u00e3 pela \u00faltima vez e conhecer a filha que nunca viu. Mas as viagens no tempo t\u00eam condi\u00e7\u00f5es e riscos\u2026 e nada do que fa\u00e7am vai alterar o presente.<br \/>\nUma mesa, um caf\u00e9 e uma decis\u00e3o.<br \/>\nUma hist\u00f3ria sobre o amor, o tempo perdido e as oportunidades que o futuro nos reserva.<\/p>\n","protected":false},"featured_media":7459,"template":"","meta":{"_monsterinsights_skip_tracking":false,"_monsterinsights_sitenote_active":false,"_monsterinsights_sitenote_note":"","_monsterinsights_sitenote_category":0},"product_cat":[105],"product_tag":[],"class_list":{"0":"post-7458","1":"product","2":"type-product","3":"status-publish","4":"has-post-thumbnail","6":"product_cat-romance","7":"pa_book-author-toshikazu-kawaguchi","9":"first","10":"outofstock","11":"shipping-taxable","12":"purchasable","13":"product-type-simple"},"_links":{"self":[{"href":"https:\/\/mabuko.co.mz\/site\/index.php?rest_route=\/wp\/v2\/product\/7458","targetHints":{"allow":["GET"]}}],"collection":[{"href":"https:\/\/mabuko.co.mz\/site\/index.php?rest_route=\/wp\/v2\/product"}],"about":[{"href":"https:\/\/mabuko.co.mz\/site\/index.php?rest_route=\/wp\/v2\/types\/product"}],"wp:featuredmedia":[{"embeddable":true,"href":"https:\/\/mabuko.co.mz\/site\/index.php?rest_route=\/wp\/v2\/media\/7459"}],"wp:attachment":[{"href":"https:\/\/mabuko.co.mz\/site\/index.php?rest_route=%2Fwp%2Fv2%2Fmedia&parent=7458"}],"wp:term":[{"taxonomy":"product_cat","embeddable":true,"href":"https:\/\/mabuko.co.mz\/site\/index.php?rest_route=%2Fwp%2Fv2%2Fproduct_cat&post=7458"},{"taxonomy":"product_tag","embeddable":true,"href":"https:\/\/mabuko.co.mz\/site\/index.php?rest_route=%2Fwp%2Fv2%2Fproduct_tag&post=7458"}],"curies":[{"name":"wp","href":"https:\/\/api.w.org\/{rel}","templated":true}]}}