{"id":7439,"date":"2022-11-09T09:43:03","date_gmt":"2022-11-09T09:43:03","guid":{"rendered":"https:\/\/mabuko.co.mz\/?post_type=product&#038;p=7439"},"modified":"2023-01-11T13:31:43","modified_gmt":"2023-01-11T13:31:43","slug":"os-versiculos-satanicos","status":"publish","type":"product","link":"https:\/\/mabuko.co.mz\/site\/?product=os-versiculos-satanicos","title":{"rendered":"OS VERS\u00cdCULOS SAT\u00c2NICOS"},"content":{"rendered":"<p>Salman Rushdie<\/p>\n<p>9789722072649<\/p>\n","protected":false},"excerpt":{"rendered":"<p><strong>SINOPSE<\/strong><\/p>\n<p>Na madrugada de uma manh\u00e3 de inverno, um avi\u00e3o explode a grande altitude sobre o canal da Mancha. No meio dos restos de corpos, dos destro\u00e7os dos carros de bebidas, de cobertores e m\u00e1scaras de oxig\u00e9nio, duas pessoas precipitam-se sem paraquedas em dire\u00e7\u00e3o ao mar.<br \/>\nAgarrados um ao outro durante a sua longa queda, entoam can\u00e7\u00f5es rivais at\u00e9 abrandarem a velocidade de descida, flutuando com leveza antes de atingirem a superf\u00edcie das \u00e1guas, por sobre a qual caminham depois para finalmente serem descobertos numa praia inglesa, vivos. Gibreel e Saladin foram escolhidos (por quem?) para protagonizar a eterna luta entre o Bem e o Mal.<br \/>\nNa grande roda deste livro, em que o passado e o futuro se perseguem furiosamente, Salman Rushdie arrasta os leitores ao longo de uma jornada \u00e9pica, feita de risos e de l\u00e1grimas, de hist\u00f3rias maravilhosas e espantosos rasgos de imagina\u00e7\u00e3o, de uma jornada para o mal e para o bem que habitam juntos no cora\u00e7\u00e3o de cada mulher e de cada homem.<\/p>\n","protected":false},"featured_media":7441,"template":"","meta":{"_monsterinsights_skip_tracking":false,"_monsterinsights_sitenote_active":false,"_monsterinsights_sitenote_note":"","_monsterinsights_sitenote_category":0},"product_cat":[105],"product_tag":[],"class_list":{"0":"post-7439","1":"product","2":"type-product","3":"status-publish","4":"has-post-thumbnail","6":"product_cat-romance","7":"pa_book-author-salman-rushdie","9":"first","10":"outofstock","11":"shipping-taxable","12":"purchasable","13":"product-type-simple"},"_links":{"self":[{"href":"https:\/\/mabuko.co.mz\/site\/index.php?rest_route=\/wp\/v2\/product\/7439","targetHints":{"allow":["GET"]}}],"collection":[{"href":"https:\/\/mabuko.co.mz\/site\/index.php?rest_route=\/wp\/v2\/product"}],"about":[{"href":"https:\/\/mabuko.co.mz\/site\/index.php?rest_route=\/wp\/v2\/types\/product"}],"wp:featuredmedia":[{"embeddable":true,"href":"https:\/\/mabuko.co.mz\/site\/index.php?rest_route=\/wp\/v2\/media\/7441"}],"wp:attachment":[{"href":"https:\/\/mabuko.co.mz\/site\/index.php?rest_route=%2Fwp%2Fv2%2Fmedia&parent=7439"}],"wp:term":[{"taxonomy":"product_cat","embeddable":true,"href":"https:\/\/mabuko.co.mz\/site\/index.php?rest_route=%2Fwp%2Fv2%2Fproduct_cat&post=7439"},{"taxonomy":"product_tag","embeddable":true,"href":"https:\/\/mabuko.co.mz\/site\/index.php?rest_route=%2Fwp%2Fv2%2Fproduct_tag&post=7439"}],"curies":[{"name":"wp","href":"https:\/\/api.w.org\/{rel}","templated":true}]}}